{"id":80335,"date":"2023-07-16T13:26:41","date_gmt":"2023-07-16T11:26:41","guid":{"rendered":"https:\/\/fysiolab.dk\/product\/aircast-forfotpute-med-ring\/"},"modified":"2025-12-18T09:22:02","modified_gmt":"2025-12-18T08:22:02","slug":"aircast-forfotpute-med-ring","status":"publish","type":"product","link":"https:\/\/fysiolab.dk\/no\/product\/aircast-forfotpute-med-ring\/","title":{"rendered":"AirCast forfotpute med ring"},"content":{"rendered":"<p>AirCast-fotputen med ring bidrar til \u00e5 beskytte og avlaste trykket p\u00e5 forfoten. Puten st\u00f8tter og l\u00f8fter forfoten. Ringen s\u00f8rger for at puten holder seg i \u00f8nsket omr\u00e5de.<\/p>\n<p><strong>Inkluderer 2 deler (venstre og h\u00f8yre)<\/strong><\/p>\n<p>AirCast Softtoes er en serie nye produkter for f\u00f8ttene. De har alle en lett og behagelig mentolduft, en myk design som gir god komfort og er enkle \u00e5 rengj\u00f8re. De er alle laget av et lett og hudvennlig materiale.  <\/p>\n<p>&nbsp;<\/p>\n","protected":false},"excerpt":{"rendered":"<p><strong>AirCast forfotpute med ring bidrar til \u00e5 beskytte og avlaste trykket p\u00e5 forfoten. Puten st\u00f8tter og l\u00f8fter forfotbuen. Inkluderer 2 stk (venstre og h\u00f8yre)    <\/strong><\/p>\n","protected":false},"featured_media":80337,"comment_status":"closed","ping_status":"closed","template":"","meta":{"_acf_changed":false},"product_brand":[3092],"product_cat":[2129,2481,2056,1948,1937,2003,1933,1994],"product_tag":[2614],"class_list":{"0":"post-80335","1":"product","2":"type-product","3":"status-publish","4":"has-post-thumbnail","6":"product_brand-aircast","7":"product_cat-aircast-no","8":"product_cat-aircast-taaskinner","9":"product_cat-innsunket-forfot-no","10":"product_cat-klinikk","11":"product_cat-merkevarer","12":"product_cat-saaler-og-fotpleie","13":"product_cat-skinner-og-stoetteskinner","14":"product_cat-sko-og-saaler-no","15":"product_tag-aircast-no","17":"first","18":"instock","19":"taxable","20":"shipping-taxable","21":"purchasable","22":"product-type-simple"},"acf":[],"_links":{"self":[{"href":"https:\/\/fysiolab.dk\/no\/wp-json\/wp\/v2\/product\/80335","targetHints":{"allow":["GET"]}}],"collection":[{"href":"https:\/\/fysiolab.dk\/no\/wp-json\/wp\/v2\/product"}],"about":[{"href":"https:\/\/fysiolab.dk\/no\/wp-json\/wp\/v2\/types\/product"}],"replies":[{"embeddable":true,"href":"https:\/\/fysiolab.dk\/no\/wp-json\/wp\/v2\/comments?post=80335"}],"wp:featuredmedia":[{"embeddable":true,"href":"https:\/\/fysiolab.dk\/no\/wp-json\/wp\/v2\/media\/80337"}],"wp:attachment":[{"href":"https:\/\/fysiolab.dk\/no\/wp-json\/wp\/v2\/media?parent=80335"}],"wp:term":[{"taxonomy":"product_brand","embeddable":true,"href":"https:\/\/fysiolab.dk\/no\/wp-json\/wp\/v2\/product_brand?post=80335"},{"taxonomy":"product_cat","embeddable":true,"href":"https:\/\/fysiolab.dk\/no\/wp-json\/wp\/v2\/product_cat?post=80335"},{"taxonomy":"product_tag","embeddable":true,"href":"https:\/\/fysiolab.dk\/no\/wp-json\/wp\/v2\/product_tag?post=80335"}],"curies":[{"name":"wp","href":"https:\/\/api.w.org\/{rel}","templated":true}]}}