{"id":80336,"date":"2023-07-16T13:27:05","date_gmt":"2023-07-16T11:27:05","guid":{"rendered":"https:\/\/fysiolab.dk\/product\/aircast-lille-taabeskytter\/"},"modified":"2025-12-18T09:22:01","modified_gmt":"2025-12-18T08:22:01","slug":"aircast-lille-taabeskytter","status":"publish","type":"product","link":"https:\/\/fysiolab.dk\/no\/product\/aircast-lille-taabeskytter\/","title":{"rendered":"AirCast lille t\u00e5beskytter"},"content":{"rendered":"<p>AirCast lillet\u00e5beskytter bidrar til \u00e5 beskytte lillet\u00e5en mot knuter og problemer rundt lillet\u00e5hodet. Skinnen bidrar ogs\u00e5 til \u00e5 forhindre friksjon, dannelse av torner og beskyttelse av s\u00e5r hud eller irritasjon. <\/p>\n<p><strong>Inkluderer 1 stk.<\/strong><\/p>\n<p>AirCast Softtoes er en serie nye produkter for f\u00f8ttene. De har alle en lett og behagelig mentolduft, en myk design som gir god komfort og er enkle \u00e5 rengj\u00f8re. De er alle laget av et lett og hudvennlig materiale.  <\/p>\n","protected":false},"excerpt":{"rendered":"<p><strong>AirCast lillet\u00e5beskytter bidrar til \u00e5 beskytte lillet\u00e5en mot knuter og problemer rundt lillet\u00e5hodet. Skinnen bidrar ogs\u00e5 til \u00e5 forhindre friksjon, dannelse av torner og beskyttelse av s\u00e5r hud eller irritasjon.  Inkluderer 1 stk.  <\/strong><\/p>\n","protected":false},"featured_media":80338,"comment_status":"closed","ping_status":"closed","template":"","meta":{"_acf_changed":false},"product_brand":[3092],"product_cat":[2129,2481,1948,1937,2003,2033,1933,1994],"product_tag":[2614],"class_list":{"0":"post-80336","1":"product","2":"type-product","3":"status-publish","4":"has-post-thumbnail","6":"product_brand-aircast","7":"product_cat-aircast-no","8":"product_cat-aircast-taaskinner","9":"product_cat-klinikk","10":"product_cat-merkevarer","11":"product_cat-saaler-og-fotpleie","12":"product_cat-skinne-for-liktorn","13":"product_cat-skinner-og-stoetteskinner","14":"product_cat-sko-og-saaler-no","15":"product_tag-aircast-no","17":"first","18":"instock","19":"taxable","20":"shipping-taxable","21":"purchasable","22":"product-type-simple"},"acf":[],"_links":{"self":[{"href":"https:\/\/fysiolab.dk\/no\/wp-json\/wp\/v2\/product\/80336","targetHints":{"allow":["GET"]}}],"collection":[{"href":"https:\/\/fysiolab.dk\/no\/wp-json\/wp\/v2\/product"}],"about":[{"href":"https:\/\/fysiolab.dk\/no\/wp-json\/wp\/v2\/types\/product"}],"replies":[{"embeddable":true,"href":"https:\/\/fysiolab.dk\/no\/wp-json\/wp\/v2\/comments?post=80336"}],"wp:featuredmedia":[{"embeddable":true,"href":"https:\/\/fysiolab.dk\/no\/wp-json\/wp\/v2\/media\/80338"}],"wp:attachment":[{"href":"https:\/\/fysiolab.dk\/no\/wp-json\/wp\/v2\/media?parent=80336"}],"wp:term":[{"taxonomy":"product_brand","embeddable":true,"href":"https:\/\/fysiolab.dk\/no\/wp-json\/wp\/v2\/product_brand?post=80336"},{"taxonomy":"product_cat","embeddable":true,"href":"https:\/\/fysiolab.dk\/no\/wp-json\/wp\/v2\/product_cat?post=80336"},{"taxonomy":"product_tag","embeddable":true,"href":"https:\/\/fysiolab.dk\/no\/wp-json\/wp\/v2\/product_tag?post=80336"}],"curies":[{"name":"wp","href":"https:\/\/api.w.org\/{rel}","templated":true}]}}