{"id":80366,"date":"2023-07-16T13:26:16","date_gmt":"2023-07-16T11:26:16","guid":{"rendered":"https:\/\/fysiolab.dk\/product\/donjoy-stabilax-knestoette\/"},"modified":"2026-03-21T21:31:05","modified_gmt":"2026-03-21T20:31:05","slug":"donjoy-stabilax-knestoette","status":"publish","type":"product","link":"https:\/\/fysiolab.dk\/no\/product\/donjoy-stabilax-knestoette\/","title":{"rendered":"DonJoy StabiLax knest\u00f8tte"},"content":{"rendered":"<p>DonJoy StabiLax Knee Support anbefales ved mild artrose og smerter etter akutte eller kroniske skader. Bandasjen gir stabilitet og st\u00f8tte til leddet. Den kan ogs\u00e5 brukes for \u00e5 motvirke overstrekking av kneet og kan beskytte kneet under idrett b\u00e5de f\u00f8r og etter en skade.   Bandasjen har en kompresjonsprofil som sikrer god gjennomstr\u00f8mning og forebygger hevelse og \u00f8dem i kneleddet. P\u00e5 siden av kneet er det to avtakbare skinner som kan fjernes avhengig av \u00f8nsket stabilitet. Det er ogs\u00e5 en stropp p\u00e5 l\u00e5ret og leggen for ekstra kompresjon.  <\/p>\n<p><strong>St\u00f8rrelsesguide<\/strong><\/p>\n<p><strong>M\u00e5l omkretsen av l\u00e5ret 15 cm over toppen av knesk\u00e5len<\/strong><\/p>\n<p><img fetchpriority=\"high\" decoding=\"async\" class=\"alignnone size-medium wp-image-107044\" src=\"https:\/\/fysiolab.dk\/wp-content\/uploads\/2026\/03\/Sammenklip-266x300.png\" alt=\"\" width=\"266\" height=\"300\" title=\"\" srcset=\"https:\/\/fysiolab.dk\/wp-content\/uploads\/2026\/03\/Sammenklip-266x300.png 266w, https:\/\/fysiolab.dk\/wp-content\/uploads\/2026\/03\/Sammenklip-908x1024.png 908w, https:\/\/fysiolab.dk\/wp-content\/uploads\/2026\/03\/Sammenklip-768x866.png 768w, https:\/\/fysiolab.dk\/wp-content\/uploads\/2026\/03\/Sammenklip-1362x1536.png 1362w, https:\/\/fysiolab.dk\/wp-content\/uploads\/2026\/03\/Sammenklip-600x677.png 600w, https:\/\/fysiolab.dk\/wp-content\/uploads\/2026\/03\/Sammenklip.png 1535w\" sizes=\"(max-width: 266px) 100vw, 266px\" \/><\/p>\n<p><strong>Omkrets Str<\/strong><\/p>\n<p><strong>35-38 cm XS<\/strong><\/p>\n<p><strong>39-42 cm S<\/strong><\/p>\n<p><strong>43-46 cm M<\/strong><\/p>\n<p><strong>47-49 cm L<\/strong><\/p>\n<p><strong>50-53 cm XL<\/strong><\/p>\n<p><strong>54-57 cm XXL  <\/strong><\/p>\n<p><strong>58-61 cm XXXL<\/strong><\/p>\n<p><iframe title=\"Opm\u00e5lingsvejledning til kn\u00e6bandager\" width=\"800\" height=\"450\" src=\"https:\/\/www.youtube.com\/embed\/gHZnfVzfG_k?feature=oembed\" frameborder=\"0\" allow=\"accelerometer; autoplay; clipboard-write; encrypted-media; gyroscope; picture-in-picture; web-share\" referrerpolicy=\"strict-origin-when-cross-origin\" allowfullscreen><\/iframe><\/p>\n<p><iframe title=\"DonJoy STABILAX Fitting\" width=\"800\" height=\"450\" src=\"https:\/\/www.youtube.com\/embed\/p6eO0sVlL0w?feature=oembed\" frameborder=\"0\" allow=\"accelerometer; autoplay; clipboard-write; encrypted-media; gyroscope; picture-in-picture; web-share\" referrerpolicy=\"strict-origin-when-cross-origin\" allowfullscreen><\/iframe><\/p>\n","protected":false},"excerpt":{"rendered":"<p><strong>DonJoy StabiLax Knee Support anbefales ved mild artrose og smerter etter akutte eller kroniske skader. Bandasjen gir stabilitet og st\u00f8tte til leddet. Den kan ogs\u00e5 brukes for \u00e5 motvirke overstrekking av kneet og kan beskytte kneet under idrett b\u00e5de f\u00f8r og etter en skade.   Passer til b\u00e5de h\u00f8yre og venstre kne.  <\/strong><\/p>\n<p><strong>F\u00f8lg st\u00f8rrelsesguiden lenger ned i produktbeskrivelsen  <\/strong><\/p>\n","protected":false},"featured_media":80385,"comment_status":"closed","ping_status":"closed","template":"","meta":{"_acf_changed":false},"product_brand":[3091],"product_cat":[1981,1938,1977,1974,2489,1978,1980,1975,1979,1937,1976,1933],"product_tag":[2173,3257],"class_list":{"0":"post-80366","1":"product","2":"type-product","3":"status-publish","4":"has-post-thumbnail","6":"product_brand-donjoy","7":"product_cat-artrose-menisk-bruskskade","8":"product_cat-donjoy-no","9":"product_cat-donjoy-knestoette","10":"product_cat-forstuet-kne","11":"product_cat-knebeskytter-for-sport","12":"product_cat-knestoetter","13":"product_cat-kollateral-ligamentskade","14":"product_cat-lett-ustabilitet-ustabil","15":"product_cat-menisk-no","16":"product_cat-merkevarer","17":"product_cat-overbelastning-no","18":"product_cat-skinner-og-stoetteskinner","19":"product_tag-donjoy-no","20":"product_tag-donjoy-stabilax","22":"first","23":"instock","24":"taxable","25":"shipping-taxable","26":"purchasable","27":"product-type-variable"},"acf":[],"_links":{"self":[{"href":"https:\/\/fysiolab.dk\/no\/wp-json\/wp\/v2\/product\/80366","targetHints":{"allow":["GET"]}}],"collection":[{"href":"https:\/\/fysiolab.dk\/no\/wp-json\/wp\/v2\/product"}],"about":[{"href":"https:\/\/fysiolab.dk\/no\/wp-json\/wp\/v2\/types\/product"}],"replies":[{"embeddable":true,"href":"https:\/\/fysiolab.dk\/no\/wp-json\/wp\/v2\/comments?post=80366"}],"wp:featuredmedia":[{"embeddable":true,"href":"https:\/\/fysiolab.dk\/no\/wp-json\/wp\/v2\/media\/80385"}],"wp:attachment":[{"href":"https:\/\/fysiolab.dk\/no\/wp-json\/wp\/v2\/media?parent=80366"}],"wp:term":[{"taxonomy":"product_brand","embeddable":true,"href":"https:\/\/fysiolab.dk\/no\/wp-json\/wp\/v2\/product_brand?post=80366"},{"taxonomy":"product_cat","embeddable":true,"href":"https:\/\/fysiolab.dk\/no\/wp-json\/wp\/v2\/product_cat?post=80366"},{"taxonomy":"product_tag","embeddable":true,"href":"https:\/\/fysiolab.dk\/no\/wp-json\/wp\/v2\/product_tag?post=80366"}],"curies":[{"name":"wp","href":"https:\/\/api.w.org\/{rel}","templated":true}]}}