{"id":80376,"date":"2023-07-16T13:25:28","date_gmt":"2023-07-16T11:25:28","guid":{"rendered":"https:\/\/fysiolab.dk\/product\/donjoy-malolax-ankelstoette\/"},"modified":"2025-12-18T09:22:04","modified_gmt":"2025-12-18T08:22:04","slug":"donjoy-malolax-ankelstoette","status":"publish","type":"product","link":"https:\/\/fysiolab.dk\/no\/product\/donjoy-malolax-ankelstoette\/","title":{"rendered":"DonJoy MaloLax ankelst\u00f8tte"},"content":{"rendered":"<p>DonJoy MaloLax ankelbandasje er laget av et godt elastisk materiale med kompresjonsprofil for \u00f8kt st\u00f8tte og stabilitet. Bandasjen anbefales ved ankelleddssmerter som artrose, vridninger og forstuinger. Bandasjen kan brukes i b\u00e5de akutte og kroniske faser.   Bandasjen har ogs\u00e5 puter ved malleolene (knokene) for \u00f8kt komfort og avlastning.  <strong>Passer til venstre og h\u00f8yre.<\/strong><\/p>\n<p><strong>St\u00f8rrelsesguide  <\/strong><\/p>\n<p><strong>M\u00e5l omkretsen av ankelen rett over knokene<\/strong><\/p>\n<p><a href=\"https:\/\/dev.fysiolab.dk\/wp-content\/uploads\/2025\/05\/F3.png\"><img fetchpriority=\"high\" decoding=\"async\" class=\"alignnone size-medium wp-image-202393097\" src=\"https:\/\/dev.fysiolab.dk\/wp-content\/uploads\/2025\/05\/F3-300x169.png\" alt=\"\" width=\"300\" height=\"169\" title=\"\"><\/a><\/p>\n<p><strong>Omkrets St\u00f8rrelse  <\/strong><\/p>\n<p><strong>19-20 cm XS<\/strong><\/p>\n<p><strong>21-22 cm S<\/strong><\/p>\n<p><strong>23-24 cm M<\/strong><\/p>\n<p><strong>25-26 cm L<\/strong><\/p>\n<p><strong>27-28 cm XL<\/strong><\/p>\n<p><strong>29-30 cm XXL<\/strong><\/p>\n<p><iframe title=\"Opm\u00e5lingsvejledning ankel FysioLab\" width=\"800\" height=\"450\" src=\"https:\/\/www.youtube.com\/embed\/rkUnY8rnXpY?feature=oembed\" frameborder=\"0\" allow=\"accelerometer; autoplay; clipboard-write; encrypted-media; gyroscope; picture-in-picture; web-share\" referrerpolicy=\"strict-origin-when-cross-origin\" allowfullscreen><\/iframe><\/p>\n<p>&nbsp;<\/p>\n","protected":false},"excerpt":{"rendered":"<p><strong>DonJoy MaloLax ankelbandasje er laget av et godt elastisk materiale med kompresjonsprofil for \u00f8kt st\u00f8tte og stabilitet. Bandasjen anbefales ved ankelleddssmerter som artrose, vridninger og forstuinger. Bandasjen kan brukes i b\u00e5de akutte og kroniske faser.   Passer til venstre og h\u00f8yre<\/strong><\/p>\n","protected":false},"featured_media":80394,"comment_status":"closed","ping_status":"closed","template":"","meta":{"_acf_changed":false},"product_brand":[3091],"product_cat":[2262,2074,1992,2076,2181,1938,2203,1937,1933,2077],"product_tag":[2173],"class_list":{"0":"post-80376","1":"product","2":"type-product","3":"status-publish","4":"has-post-thumbnail","6":"product_brand-donjoy","7":"product_cat-akutte-smerter-i-ankelen","8":"product_cat-ankelforstuing","9":"product_cat-ankelskinne","10":"product_cat-ankelvridning","11":"product_cat-artrose-i-ankelleddet","12":"product_cat-donjoy-no","13":"product_cat-donjoy-ankelstoette","14":"product_cat-merkevarer","15":"product_cat-skinner-og-stoetteskinner","16":"product_cat-ustabil-ankel-no","17":"product_tag-donjoy-no","19":"first","20":"instock","21":"taxable","22":"shipping-taxable","23":"purchasable","24":"product-type-variable"},"acf":[],"_links":{"self":[{"href":"https:\/\/fysiolab.dk\/no\/wp-json\/wp\/v2\/product\/80376","targetHints":{"allow":["GET"]}}],"collection":[{"href":"https:\/\/fysiolab.dk\/no\/wp-json\/wp\/v2\/product"}],"about":[{"href":"https:\/\/fysiolab.dk\/no\/wp-json\/wp\/v2\/types\/product"}],"replies":[{"embeddable":true,"href":"https:\/\/fysiolab.dk\/no\/wp-json\/wp\/v2\/comments?post=80376"}],"wp:featuredmedia":[{"embeddable":true,"href":"https:\/\/fysiolab.dk\/no\/wp-json\/wp\/v2\/media\/80394"}],"wp:attachment":[{"href":"https:\/\/fysiolab.dk\/no\/wp-json\/wp\/v2\/media?parent=80376"}],"wp:term":[{"taxonomy":"product_brand","embeddable":true,"href":"https:\/\/fysiolab.dk\/no\/wp-json\/wp\/v2\/product_brand?post=80376"},{"taxonomy":"product_cat","embeddable":true,"href":"https:\/\/fysiolab.dk\/no\/wp-json\/wp\/v2\/product_cat?post=80376"},{"taxonomy":"product_tag","embeddable":true,"href":"https:\/\/fysiolab.dk\/no\/wp-json\/wp\/v2\/product_tag?post=80376"}],"curies":[{"name":"wp","href":"https:\/\/api.w.org\/{rel}","templated":true}]}}