{"id":80387,"date":"2023-07-16T13:26:15","date_gmt":"2023-07-16T11:26:15","guid":{"rendered":"https:\/\/fysiolab.dk\/product\/donjoy-strapilax-knestoette\/"},"modified":"2025-12-18T09:22:03","modified_gmt":"2025-12-18T08:22:03","slug":"donjoy-strapilax-knestoette","status":"publish","type":"product","link":"https:\/\/fysiolab.dk\/no\/product\/donjoy-strapilax-knestoette\/","title":{"rendered":"DonJoy StrapiLax knest\u00f8tte"},"content":{"rendered":"<p>DonJoy StrapiLax Knee Support anbefales ved akutte og kroniske kneskader\/-smerter. Bandasjen er egnet ved artrose, mild til moderat instabilitet og meniskskader. Bandasjen er ogs\u00e5 egnet til bruk i idrett for \u00e5 forebygge skader og komme tilbake til idretten. Skinnen har silikonst\u00f8tter rundt knesk\u00e5len for \u00f8kt komfort og stabilisering. Den medf\u00f8lgende stroppen kan brukes som en 8-skinne for \u00f8kt stabilitet ved lateral instabilitet etter ytre\/indre leddb\u00e5ndskade.      <strong>Passer b\u00e5de til venstre og h\u00f8yre.<\/strong><\/p>\n<p><strong>St\u00f8rrelsesguide<\/strong><\/p>\n<p><strong>M\u00e5l omkretsen av l\u00e5ret 15 cm over toppen av knesk\u00e5len<\/strong><\/p>\n<p><a href=\"https:\/\/dev.fysiolab.dk\/wp-content\/uploads\/2025\/05\/Billede1.jpg\"><img fetchpriority=\"high\" decoding=\"async\" class=\"alignnone size-medium wp-image-202393828\" src=\"https:\/\/dev.fysiolab.dk\/wp-content\/uploads\/2025\/05\/Billede1-267x300.jpg\" alt=\"\" width=\"267\" height=\"300\" title=\"\"><\/a><\/p>\n<p><strong>Omkrets Str<\/strong><\/p>\n<p><strong>35 - 38 cm XS<\/strong><\/p>\n<p><strong>39 - 42 cm S<\/strong><\/p>\n<p><strong>43 - 46 cm M<\/strong><\/p>\n<p><strong>47- 49 cm L<\/strong><\/p>\n<p><strong>50 - 53 cm XL<\/strong><\/p>\n<p><strong>54 - 57 cm XXL  <\/strong><\/p>\n<p><strong>58 - 61 cm XXXL<\/strong><\/p>\n<p><iframe title=\"DonJoy STRAPILAX KNEE Fitting\" width=\"800\" height=\"450\" src=\"https:\/\/www.youtube.com\/embed\/yOZZfEt3FkU?feature=oembed\" frameborder=\"0\" allow=\"accelerometer; autoplay; clipboard-write; encrypted-media; gyroscope; picture-in-picture; web-share\" referrerpolicy=\"strict-origin-when-cross-origin\" allowfullscreen><\/iframe><\/p>\n","protected":false},"excerpt":{"rendered":"<p><strong>DonJoy StrapiLax knest\u00f8tte anbefales ved akutte og kroniske kneskader\/-smerter. St\u00f8tten er egnet for slitasjegikt, mild til moderat instabilitet og meniskskader. St\u00f8tten kan ogs\u00e5 brukes i idrett for \u00e5 forebygge skader og for \u00e5 komme tilbake til idretten. Passer til h\u00f8yre og venstre kne<\/strong><\/p>\n<p>https:\/\/www.youtube.com\/watch?v=gHZnfVzfG_k<\/p>\n","protected":false},"featured_media":80406,"comment_status":"closed","ping_status":"closed","template":"","meta":{"_acf_changed":false},"product_brand":[3091],"product_cat":[1981,1938,1977,1974,2489,1978,1980,1975,1979,1937,1976,1933],"product_tag":[2173],"class_list":{"0":"post-80387","1":"product","2":"type-product","3":"status-publish","4":"has-post-thumbnail","6":"product_brand-donjoy","7":"product_cat-artrose-menisk-bruskskade","8":"product_cat-donjoy-no","9":"product_cat-donjoy-knestoette","10":"product_cat-forstuet-kne","11":"product_cat-knebeskytter-for-sport","12":"product_cat-knestoetter","13":"product_cat-kollateral-ligamentskade","14":"product_cat-lett-ustabilitet-ustabil","15":"product_cat-menisk-no","16":"product_cat-merkevarer","17":"product_cat-overbelastning-no","18":"product_cat-skinner-og-stoetteskinner","19":"product_tag-donjoy-no","21":"first","22":"instock","23":"taxable","24":"shipping-taxable","25":"purchasable","26":"product-type-variable"},"acf":[],"_links":{"self":[{"href":"https:\/\/fysiolab.dk\/no\/wp-json\/wp\/v2\/product\/80387","targetHints":{"allow":["GET"]}}],"collection":[{"href":"https:\/\/fysiolab.dk\/no\/wp-json\/wp\/v2\/product"}],"about":[{"href":"https:\/\/fysiolab.dk\/no\/wp-json\/wp\/v2\/types\/product"}],"replies":[{"embeddable":true,"href":"https:\/\/fysiolab.dk\/no\/wp-json\/wp\/v2\/comments?post=80387"}],"wp:featuredmedia":[{"embeddable":true,"href":"https:\/\/fysiolab.dk\/no\/wp-json\/wp\/v2\/media\/80406"}],"wp:attachment":[{"href":"https:\/\/fysiolab.dk\/no\/wp-json\/wp\/v2\/media?parent=80387"}],"wp:term":[{"taxonomy":"product_brand","embeddable":true,"href":"https:\/\/fysiolab.dk\/no\/wp-json\/wp\/v2\/product_brand?post=80387"},{"taxonomy":"product_cat","embeddable":true,"href":"https:\/\/fysiolab.dk\/no\/wp-json\/wp\/v2\/product_cat?post=80387"},{"taxonomy":"product_tag","embeddable":true,"href":"https:\/\/fysiolab.dk\/no\/wp-json\/wp\/v2\/product_tag?post=80387"}],"curies":[{"name":"wp","href":"https:\/\/api.w.org\/{rel}","templated":true}]}}