{"id":80397,"date":"2023-07-16T13:25:01","date_gmt":"2023-07-16T11:25:01","guid":{"rendered":"https:\/\/fysiolab.dk\/product\/donjoy-rotulax-knestoette\/"},"modified":"2025-12-18T09:22:04","modified_gmt":"2025-12-18T08:22:04","slug":"donjoy-rotulax-knestoette","status":"publish","type":"product","link":"https:\/\/fysiolab.dk\/no\/product\/donjoy-rotulax-knestoette\/","title":{"rendered":"DonJoy RotuLax knest\u00f8tte"},"content":{"rendered":"<p>DonJoy RotuLax Knee Support anbefales ved smerter i og rundt knesk\u00e5len og for \u00e5 stabilisere knesk\u00e5len under hverdagsaktiviteter og fysisk aktivitet. Den anbefales ogs\u00e5 ved hypermobil patella og hvis du har hatt en knesk\u00e5l som har g\u00e5tt ut av ledd.  Bandasjen er strikket i et behagelig elastisk materiale. Elastisiteten er \u00f8kt p\u00e5 baksiden av kneet for \u00f8kt komfort. Bandasjen har en kompresjonsprofil, men ikke rundt knesk\u00e5len. Det er ogs\u00e5 2 skinner p\u00e5 ytter- og innersiden for \u00f8kt stabilitet.     <strong>Passer b\u00e5de til venstre og h\u00f8yre.<\/strong><\/p>\n<p><strong>St\u00f8rrelsesguide<\/strong><\/p>\n<p><strong>M\u00e5l omkretsen av l\u00e5ret 15 cm over toppen av knesk\u00e5len<\/strong><\/p>\n<p><a href=\"https:\/\/dev.fysiolab.dk\/wp-content\/uploads\/2025\/05\/Billede1.jpg\"><img fetchpriority=\"high\" decoding=\"async\" class=\"alignnone size-medium wp-image-202393828\" src=\"https:\/\/dev.fysiolab.dk\/wp-content\/uploads\/2025\/05\/Billede1-267x300.jpg\" alt=\"\" width=\"267\" height=\"300\" title=\"\"><\/a><\/p>\n<p><strong>Omkrets Str<\/strong><\/p>\n<p><strong>35-38 cm XS<\/strong><\/p>\n<p><strong>39-42 cm S<\/strong><\/p>\n<p><strong>43-46 cm M<\/strong><\/p>\n<p><strong>47-49 cm L<\/strong><\/p>\n<p><strong>50-53 cm XL<\/strong><\/p>\n<p><strong>54-57 cm XXL  <\/strong><\/p>\n<p><strong>58-61 cm XXXL<\/strong><\/p>\n","protected":false},"excerpt":{"rendered":"<p><strong>DonJoy RotuLax Knee Support anbefales ved smerter i og rundt knesk\u00e5len og for \u00e5 stabilisere knesk\u00e5len under hverdagsaktiviteter og fysisk aktivitet. Den anbefales ogs\u00e5 ved hypermobil patella og hvis du har hatt en knesk\u00e5l som har g\u00e5tt ut av ledd.  Passer til venstre og h\u00f8yre<\/strong><\/p>\n<p>https:\/\/www.youtube.com\/watch?v=gHZnfVzfG_k<\/p>\n","protected":false},"featured_media":80417,"comment_status":"closed","ping_status":"closed","template":"","meta":{"_acf_changed":false},"product_brand":[3091],"product_cat":[1981,1938,1977,1978,1975,2199,1937,1970,1933,2200],"product_tag":[2173],"class_list":{"0":"post-80397","1":"product","2":"type-product","3":"status-publish","4":"has-post-thumbnail","6":"product_brand-donjoy","7":"product_cat-artrose-menisk-bruskskade","8":"product_cat-donjoy-no","9":"product_cat-donjoy-knestoette","10":"product_cat-knestoetter","11":"product_cat-lett-ustabilitet-ustabil","12":"product_cat-loes-kneskaal-patellaluksasjon-og-smerter-i-kneskaalen","13":"product_cat-merkevarer","14":"product_cat-padel-no","15":"product_cat-skinner-og-stoetteskinner","16":"product_cat-uspesifikke-smerter-i-fremre-del-av-kneet","17":"product_tag-donjoy-no","19":"first","20":"instock","21":"taxable","22":"shipping-taxable","23":"purchasable","24":"product-type-variable"},"acf":[],"_links":{"self":[{"href":"https:\/\/fysiolab.dk\/no\/wp-json\/wp\/v2\/product\/80397","targetHints":{"allow":["GET"]}}],"collection":[{"href":"https:\/\/fysiolab.dk\/no\/wp-json\/wp\/v2\/product"}],"about":[{"href":"https:\/\/fysiolab.dk\/no\/wp-json\/wp\/v2\/types\/product"}],"replies":[{"embeddable":true,"href":"https:\/\/fysiolab.dk\/no\/wp-json\/wp\/v2\/comments?post=80397"}],"wp:featuredmedia":[{"embeddable":true,"href":"https:\/\/fysiolab.dk\/no\/wp-json\/wp\/v2\/media\/80417"}],"wp:attachment":[{"href":"https:\/\/fysiolab.dk\/no\/wp-json\/wp\/v2\/media?parent=80397"}],"wp:term":[{"taxonomy":"product_brand","embeddable":true,"href":"https:\/\/fysiolab.dk\/no\/wp-json\/wp\/v2\/product_brand?post=80397"},{"taxonomy":"product_cat","embeddable":true,"href":"https:\/\/fysiolab.dk\/no\/wp-json\/wp\/v2\/product_cat?post=80397"},{"taxonomy":"product_tag","embeddable":true,"href":"https:\/\/fysiolab.dk\/no\/wp-json\/wp\/v2\/product_tag?post=80397"}],"curies":[{"name":"wp","href":"https:\/\/api.w.org\/{rel}","templated":true}]}}