{"id":80409,"date":"2023-07-16T13:25:52","date_gmt":"2023-07-16T11:25:52","guid":{"rendered":"https:\/\/fysiolab.dk\/product\/donjoy-fortilax-knestoette\/"},"modified":"2025-12-18T09:22:04","modified_gmt":"2025-12-18T08:22:04","slug":"donjoy-fortilax-knestoette","status":"publish","type":"product","link":"https:\/\/fysiolab.dk\/no\/product\/donjoy-fortilax-knestoette\/","title":{"rendered":"DonJoy FortiLax knest\u00f8tte"},"content":{"rendered":"<p>DonJoy FortiLax Knee Support gir kompresjon og st\u00f8tte ved akutte og kroniske smerter fra kneleddet. Den anbefales ogs\u00e5 ved mild til moderat slitasjegikt i kneet. Bandasjen er strikket i et lett og behagelig elastisk materiale for god komfort. Bandasjen har et lettere materiale p\u00e5 baksiden av kneet for \u00f8kt komfort. Bandasjen har en kompresjonsprofil bortsett fra ved knesk\u00e5len for \u00e5 minimere irritasjon rundt denne.      <strong>Bandasjen passer til venstre og h\u00f8yre.<\/strong><\/p>\n<p><strong>St\u00f8rrelsesguide<\/strong><\/p>\n<p><strong>M\u00e5l omkretsen av l\u00e5ret 15 cm over toppen av knesk\u00e5len<\/strong><\/p>\n<p><a href=\"https:\/\/dev.fysiolab.dk\/wp-content\/uploads\/2025\/05\/Billede1.jpg\"><img fetchpriority=\"high\" decoding=\"async\" class=\"alignnone size-medium wp-image-202393828\" src=\"https:\/\/dev.fysiolab.dk\/wp-content\/uploads\/2025\/05\/Billede1-267x300.jpg\" alt=\"\" width=\"267\" height=\"300\" title=\"\"><\/a><\/p>\n<p><strong>Omkrets Str<\/strong><\/p>\n<p><strong>35-38 cm XS<\/strong><\/p>\n<p><strong>39-42 cm S<\/strong><\/p>\n<p><strong>43-46 cm M<\/strong><\/p>\n<p><strong>47-49 cm L<\/strong><\/p>\n<p><strong>50-53 cm XL<\/strong><\/p>\n<p><strong>54-57 cm XXL  <\/strong><\/p>\n<p><strong>58-61 cm XXXL  <\/strong><\/p>\n<p>&nbsp;<\/p>\n<p>&nbsp;<\/p>\n","protected":false},"excerpt":{"rendered":"<p><strong>DonJoy Fortilax Knee Support gir kompresjon og st\u00f8tte ved akutte og kroniske smerter fra kneleddet. Den anbefales ogs\u00e5 ved mild til moderat slitasjegikt i kneet. Bandasjen er strikket i et lett og behagelig elastisk materiale for god komfort.  <\/strong><\/p>\n<p>https:\/\/www.youtube.com\/watch?v=gHZnfVzfG_k<\/p>\n","protected":false},"featured_media":80427,"comment_status":"closed","ping_status":"closed","template":"","meta":{"_acf_changed":false},"product_brand":[3091],"product_cat":[1981,1938,1977,1974,1978,1975,1937,1976,1933],"product_tag":[2173],"class_list":{"0":"post-80409","1":"product","2":"type-product","3":"status-publish","4":"has-post-thumbnail","6":"product_brand-donjoy","7":"product_cat-artrose-menisk-bruskskade","8":"product_cat-donjoy-no","9":"product_cat-donjoy-knestoette","10":"product_cat-forstuet-kne","11":"product_cat-knestoetter","12":"product_cat-lett-ustabilitet-ustabil","13":"product_cat-merkevarer","14":"product_cat-overbelastning-no","15":"product_cat-skinner-og-stoetteskinner","16":"product_tag-donjoy-no","18":"first","19":"instock","20":"taxable","21":"shipping-taxable","22":"purchasable","23":"product-type-variable"},"acf":[],"_links":{"self":[{"href":"https:\/\/fysiolab.dk\/no\/wp-json\/wp\/v2\/product\/80409","targetHints":{"allow":["GET"]}}],"collection":[{"href":"https:\/\/fysiolab.dk\/no\/wp-json\/wp\/v2\/product"}],"about":[{"href":"https:\/\/fysiolab.dk\/no\/wp-json\/wp\/v2\/types\/product"}],"replies":[{"embeddable":true,"href":"https:\/\/fysiolab.dk\/no\/wp-json\/wp\/v2\/comments?post=80409"}],"wp:featuredmedia":[{"embeddable":true,"href":"https:\/\/fysiolab.dk\/no\/wp-json\/wp\/v2\/media\/80427"}],"wp:attachment":[{"href":"https:\/\/fysiolab.dk\/no\/wp-json\/wp\/v2\/media?parent=80409"}],"wp:term":[{"taxonomy":"product_brand","embeddable":true,"href":"https:\/\/fysiolab.dk\/no\/wp-json\/wp\/v2\/product_brand?post=80409"},{"taxonomy":"product_cat","embeddable":true,"href":"https:\/\/fysiolab.dk\/no\/wp-json\/wp\/v2\/product_cat?post=80409"},{"taxonomy":"product_tag","embeddable":true,"href":"https:\/\/fysiolab.dk\/no\/wp-json\/wp\/v2\/product_tag?post=80409"}],"curies":[{"name":"wp","href":"https:\/\/api.w.org\/{rel}","templated":true}]}}