{"id":80419,"date":"2023-07-16T13:23:44","date_gmt":"2023-07-16T11:23:44","guid":{"rendered":"https:\/\/fysiolab.dk\/product\/donjoy-manulax-haandleddstoette\/"},"modified":"2025-12-18T09:22:05","modified_gmt":"2025-12-18T08:22:05","slug":"donjoy-manulax-haandleddstoette","status":"publish","type":"product","link":"https:\/\/fysiolab.dk\/no\/product\/donjoy-manulax-haandleddstoette\/","title":{"rendered":"DonJoy ManuLax h\u00e5ndleddst\u00f8tte"},"content":{"rendered":"<p>DonJoy ManuLax h\u00e5ndleddsbandasje har formbare aluminiumsavstivere p\u00e5 innsiden av h\u00e5ndflaten for \u00e5 sikre god st\u00f8tte til h\u00e5ndleddet. Bandasjen har ogs\u00e5 en avtakbar kompresjonsstropp som kan flyttes avhengig av hvor det er behov for \u00f8kt st\u00f8tte og kompresjon. Bandasjen er laget av intelligent 3D-strikk med anatomisk passform og jevn kompresjonsprofil.    <strong>Bandasjen finnes i en h\u00f8yre- og en venstremodell.<\/strong><\/p>\n<p><strong>Bandasjen er anbefalt for:<\/strong><\/p>\n<ul>\n<li>Kroniske og akutte h\u00e5ndleddsskader<\/li>\n<li>Forstrekning\/forvrengning<\/li>\n<li>Slitasjegikt<\/li>\n<li>Revmatologiske smerter i h\u00e5ndleddet<\/li>\n<li>Karpaltunnelsyndrom<\/li>\n<\/ul>\n<p><strong>St\u00f8rrelsesguide<\/strong><\/p>\n<p><strong>M\u00e5l omkretsen av h\u00e5ndleddet<\/strong><\/p>\n<p><a href=\"https:\/\/dev.fysiolab.dk\/wp-content\/uploads\/2025\/05\/H2.png\"><img fetchpriority=\"high\" decoding=\"async\" class=\"alignnone size-medium wp-image-202392805\" src=\"https:\/\/dev.fysiolab.dk\/wp-content\/uploads\/2025\/05\/H2-300x169.png\" alt=\"\" width=\"300\" height=\"169\" title=\"\"><\/a><\/p>\n<p><strong>Omkrets St\u00f8rrelse  <\/strong><\/p>\n<p><strong>13 - 14,5 cm XS<\/strong><\/p>\n<p><strong>14,5 - 16 cm S<\/strong><\/p>\n<p><strong>16 - 17,5 cm M<\/strong><\/p>\n<p><strong>17,5 - 19 cm L<\/strong><\/p>\n<p><strong>19 - 20,5 cm XL<\/strong><\/p>\n<p><strong>20,5 - 22 cm XXL<\/strong><\/p>\n<p><iframe title=\"Opm\u00e5lingsvejledning til h\u00e5ndled\" width=\"800\" height=\"450\" src=\"https:\/\/www.youtube.com\/embed\/uT1ZaBnbLiI?feature=oembed\" frameborder=\"0\" allow=\"accelerometer; autoplay; clipboard-write; encrypted-media; gyroscope; picture-in-picture; web-share\" referrerpolicy=\"strict-origin-when-cross-origin\" allowfullscreen><\/iframe><\/p>\n<p>&nbsp;<\/p>\n","protected":false},"excerpt":{"rendered":"<p><strong>DonJoy ManuLax h\u00e5ndleddsst\u00f8tte har formbare aluminiumsavstivere p\u00e5 innsiden av h\u00e5ndflaten for \u00e5 sikre god st\u00f8tte for h\u00e5ndleddet. Bandasjen har ogs\u00e5 en avtakbar kompresjonsstropp som kan flyttes avhengig av hvor det er behov for \u00f8kt st\u00f8tte og kompresjon. Anbefales ved slitasjegikt og andre kroniske smerter<\/strong><\/p>\n","protected":false},"featured_media":80442,"comment_status":"closed","ping_status":"closed","template":"","meta":{"_acf_changed":false},"product_brand":[3091],"product_cat":[2071,1938,2048,2043,2040,2068,1937,2067,2070,1933],"product_tag":[2173],"class_list":{"0":"post-80419","1":"product","2":"type-product","3":"status-publish","4":"has-post-thumbnail","6":"product_brand-donjoy","7":"product_cat-artrose-i-haandleddet","8":"product_cat-donjoy-no","9":"product_cat-donjoy-haandleddstoette","10":"product_cat-forstuing-og-overbelastning-av-haandleddet","11":"product_cat-haand-og-haandleddsskinne","12":"product_cat-karpaltunnelsyndrom-no","13":"product_cat-merkevarer","14":"product_cat-senebetennelse","15":"product_cat-senebetennelse-i-haandleddet","16":"product_cat-skinner-og-stoetteskinner","17":"product_tag-donjoy-no","19":"first","20":"instock","21":"taxable","22":"shipping-taxable","23":"purchasable","24":"product-type-variable"},"acf":[],"_links":{"self":[{"href":"https:\/\/fysiolab.dk\/no\/wp-json\/wp\/v2\/product\/80419","targetHints":{"allow":["GET"]}}],"collection":[{"href":"https:\/\/fysiolab.dk\/no\/wp-json\/wp\/v2\/product"}],"about":[{"href":"https:\/\/fysiolab.dk\/no\/wp-json\/wp\/v2\/types\/product"}],"replies":[{"embeddable":true,"href":"https:\/\/fysiolab.dk\/no\/wp-json\/wp\/v2\/comments?post=80419"}],"wp:featuredmedia":[{"embeddable":true,"href":"https:\/\/fysiolab.dk\/no\/wp-json\/wp\/v2\/media\/80442"}],"wp:attachment":[{"href":"https:\/\/fysiolab.dk\/no\/wp-json\/wp\/v2\/media?parent=80419"}],"wp:term":[{"taxonomy":"product_brand","embeddable":true,"href":"https:\/\/fysiolab.dk\/no\/wp-json\/wp\/v2\/product_brand?post=80419"},{"taxonomy":"product_cat","embeddable":true,"href":"https:\/\/fysiolab.dk\/no\/wp-json\/wp\/v2\/product_cat?post=80419"},{"taxonomy":"product_tag","embeddable":true,"href":"https:\/\/fysiolab.dk\/no\/wp-json\/wp\/v2\/product_tag?post=80419"}],"curies":[{"name":"wp","href":"https:\/\/api.w.org\/{rel}","templated":true}]}}