{"id":80446,"date":"2023-07-16T13:22:56","date_gmt":"2023-07-16T11:22:56","guid":{"rendered":"https:\/\/fysiolab.dk\/product\/hydro-tabs-oransje-smak-5x20-stk\/"},"modified":"2025-12-18T09:22:06","modified_gmt":"2025-12-18T08:22:06","slug":"hydro-tabs-oransje-smak-5x20-stk","status":"publish","type":"product","link":"https:\/\/fysiolab.dk\/no\/product\/hydro-tabs-oransje-smak-5x20-stk\/","title":{"rendered":"Hydro Tabs - Oransje smak 5&#215;20 stk."},"content":{"rendered":"<p>PurePower HYDRO brusetabletter med deilig appelsinsmak st\u00f8tter hydreringen din ved \u00e5 sikre et jevnt inntak av viktige salter i drikkevannet gjennom hele trenings\u00f8kten. Samtidig reduserer tilf\u00f8rselen av mineraler som magnesium risikoen for muskelkramper. <\/p>\n<p>PurePower HYDRO brusetabletter med elektrolytter er din forsikring mot dehydrering og kramper under trening og konkurranse.<\/p>\n<h2>De viktigste mineralene og saltene<\/h2>\n<p>Elektrolytter er en blanding av viktige salter og mineraler som du lett kan g\u00e5 tom for n\u00e5r du trener hardt og seri\u00f8st. Rett og slett fordi du svetter dem ut av kroppen. <\/p>\n<p>N\u00e5r kroppen g\u00e5r tom for bare \u00e9n av disse viktige elektrolyttene, vil det ikke ta lang tid f\u00f8r du merker effekten p\u00e5 b\u00e5de prestasjonsevnen og det generelle velv\u00e6ret.<\/p>\n<h3>Salt holder v\u00e6skebalansen i sjakk<\/h3>\n<p>Visste du at det faktisk er mengden salt i kroppen som avgj\u00f8r om du klarer \u00e5 opprettholde v\u00e6skebalansen. Fordi salt binder v\u00e6ske i kroppen. <\/p>\n<p>S\u00e5 hvis du svetter alt saltet ut av kroppen, er det ingenting som binder v\u00e6sken. Da kan du drikke s\u00e5 mye du vil uten \u00e5 kunne gjenopprette v\u00e6skebalansen. <\/p>\n<p>Derfor er det viktig \u00e5 tilsette salt i drikkevannet ditt under trening og konkurranse. Du kan gj\u00f8re dette med HYDRO brusetablett her. <\/p>\n<h3>Magnesium reduserer risikoen for kramper<\/h3>\n<p>Samtidig s\u00f8rger HYDRO med appelsinsmak for en jevn tilf\u00f8rsel av en rekke viktige mineraler til kroppen din. For eksempel magnesium. <\/p>\n<p>Dette bidrar til \u00e5 redusere risikoen for muskelkramper for\u00e5rsaket av den intense belastningen p\u00e5 musklene under treningen.<\/p>\n<p>Samtidig forbedrer tilskudd av vitamin B6 opptaket av oksygen i blodet under trening. Det forbedrer ogs\u00e5 produksjonen av r\u00f8de blodlegemer. Dette \u00f8ker ytelsen din.  <\/p>\n<h2>Kvitt deg med un\u00f8dvendige kalorier<\/h2>\n<p>Til slutt reduserer PurePower HYDRO brusetabletter tilf\u00f8rselen av un\u00f8dvendige kalorier fra raske karbohydrater. Disse finnes i un\u00f8dvendig store mengder i andre kunstige smaker som for eksempel limonade. <\/p>\n<p>S\u00e5 hvis du \u00f8nsker \u00e5 forbrenne s\u00e5 mange kalorier som mulig under treningen uten \u00e5 g\u00e5 glipp av den gode smaken av appelsin i drikkevannet, er en PurePower HYDRO-brusetablett med appelsinsmak l\u00f8sningen.<\/p>\n<h2>Dosering for optimal effekt<\/h2>\n<p>For \u00e5 f\u00e5 maksimal effekt av PurePower HYDRO-brusetabletter med appelsinsmak, tilsett \u00e9n brusetablett for hver 2-3 dl drikkevann.<\/p>\n<p>Du b\u00f8r imidlertid ikke bruke mer enn 4 brusetabletter per dag hvis du vil v\u00e6re sikker p\u00e5 at du ikke overskrider det daglige anbefalte inntaket av en rekke av saltene og mineralene i brusetablettene. De er ogs\u00e5 naturlig til stede i kostholdet ditt. S\u00e5 hvis du spiser sunt og normalt, kan du lett overskride den daglige dosen hvis du bruker for mange brusetabletter i drikkevannet.  <\/p>\n<h2>Kj\u00f8p HYDRO brusetabletter med appelsinsmak hos FysioLab.dk<\/h2>\n<p>Med HYDRO brusetabletter med appelsinsmak f\u00e5r du de beste forutsetningene for \u00e5 f\u00e5 mest mulig ut av treningen eller konkurransen uten problemer med v\u00e6skebalanse eller muskelkramper.<\/p>\n<p>I likhet med alle Pure Powers andre kosttilskudd for idrettsut\u00f8vere produseres de under trygge og kontrollerte forhold i Danmark. Samtidig kan du v\u00e6re trygg p\u00e5 at v\u00e5re brusetabletter med appelsinsmak oppfyller alle krav fra F\u00f8devarestyrelsen, b\u00e5de n\u00e5r det gjelder produksjon og innhold. <\/p>\n<p>S\u00e5 bestill i dag, motta dine HYDRO-brusetabletter med appelsinsmak i l\u00f8pet av f\u00e5 dager og f\u00e5 mer ut av treningen.<\/p>\n<p>&nbsp;<\/p>\n<p>&nbsp;<\/p>\n<p>F\u00f8lgende informasjon gjelder for alle kosttilskuddsprodukter:<\/p>\n<ul type=\"disc\">\n<li><span lang=\"DA\">Produktet m\u00e5 ikke brukes av eller selges til personer under 18 \u00e5r.<u><\/u><u><\/u><\/span><\/li>\n<li><span lang=\"DA\">Hvis du har en alvorlig sykdom eller bruker reseptbelagte medisiner, b\u00f8r du r\u00e5df\u00f8re deg med lege f\u00f8r bruk.<u><\/u><u><\/u><\/span><\/li>\n<li><span lang=\"DA\">Uttalelsene p\u00e5 nettstedet er ikke gjennomg\u00e5tt av den danske L\u00e6gemiddel- og F\u00f8devarestyrelsen.<u><\/u><u><\/u><\/span><\/li>\n<li><span lang=\"DA\">Produktet er ikke ment \u00e5 diagnostisere, behandle, kurere eller forebygge noen sykdom.<u><\/u><u><\/u><\/span><\/li>\n<li><span lang=\"DA\">Resultatene kan variere og vil ikke v\u00e6re de samme for alle<\/span><\/li>\n<\/ul>\n","protected":false},"excerpt":{"rendered":"<p class=\"emp_addtocartevent\">HYDRO brusetabletter holder kroppen hydrert, reduserer risikoen for kramper, forbedrer produksjonen av r\u00f8de blodlegemer og \u00f8ker fordelingen av oksygen i kroppen. Her i en deilig versjon med appelsinsmak. <\/p>\n","protected":false},"featured_media":80449,"comment_status":"closed","ping_status":"closed","template":"","meta":{"_acf_changed":false},"product_brand":[],"product_cat":[2233,2472,2232,1937,2471],"product_tag":[2469],"class_list":{"0":"post-80446","1":"product","2":"type-product","3":"status-publish","4":"has-post-thumbnail","6":"product_cat-hydro-tabs-no","7":"product_cat-hydro-tabs-no-2","8":"product_cat-kosttilskudd","9":"product_cat-merkevarer","10":"product_cat-ren-kraft","11":"product_tag-ren-kraft","13":"first","14":"instock","15":"sale","16":"taxable","17":"shipping-taxable","18":"purchasable","19":"product-type-simple"},"acf":[],"_links":{"self":[{"href":"https:\/\/fysiolab.dk\/no\/wp-json\/wp\/v2\/product\/80446","targetHints":{"allow":["GET"]}}],"collection":[{"href":"https:\/\/fysiolab.dk\/no\/wp-json\/wp\/v2\/product"}],"about":[{"href":"https:\/\/fysiolab.dk\/no\/wp-json\/wp\/v2\/types\/product"}],"replies":[{"embeddable":true,"href":"https:\/\/fysiolab.dk\/no\/wp-json\/wp\/v2\/comments?post=80446"}],"wp:featuredmedia":[{"embeddable":true,"href":"https:\/\/fysiolab.dk\/no\/wp-json\/wp\/v2\/media\/80449"}],"wp:attachment":[{"href":"https:\/\/fysiolab.dk\/no\/wp-json\/wp\/v2\/media?parent=80446"}],"wp:term":[{"taxonomy":"product_brand","embeddable":true,"href":"https:\/\/fysiolab.dk\/no\/wp-json\/wp\/v2\/product_brand?post=80446"},{"taxonomy":"product_cat","embeddable":true,"href":"https:\/\/fysiolab.dk\/no\/wp-json\/wp\/v2\/product_cat?post=80446"},{"taxonomy":"product_tag","embeddable":true,"href":"https:\/\/fysiolab.dk\/no\/wp-json\/wp\/v2\/product_tag?post=80446"}],"curies":[{"name":"wp","href":"https:\/\/api.w.org\/{rel}","templated":true}]}}