{"id":80450,"date":"2023-07-16T13:23:20","date_gmt":"2023-07-16T11:23:20","guid":{"rendered":"https:\/\/fysiolab.dk\/product\/pre-workout-shot-pwo-redberry-12-x-60-ml\/"},"modified":"2025-12-18T09:22:05","modified_gmt":"2025-12-18T08:22:05","slug":"pre-workout-shot-pwo-redberry-12-x-60-ml","status":"publish","type":"product","link":"https:\/\/fysiolab.dk\/no\/product\/pre-workout-shot-pwo-redberry-12-x-60-ml\/","title":{"rendered":"Pre-Workout shot (PWO) Redberry 12 x 60 ml."},"content":{"rendered":"<p>En PurePower Pre Workout (PWO) Shot gir deg en umiddelbar energiboost.<\/p>\n<p><strong>- Inneholder 200 mg. Koffein per enhet.   <\/strong><\/p>\n<p>Hvis du trener seri\u00f8st, \u00f8nsker du naturligvis \u00e5 f\u00e5 mest mulig ut av trenings\u00f8kten din. \u00d8k sjansene dine for \u00e5 f\u00e5 det til med en PWO-shot fra PurePower. <\/p>\n<p>En Pre Workout Shot kan ogs\u00e5 s\u00f8rge for at du faktisk m\u00f8ter opp til trening - spesielt om kvelden. For kort tid etter at du har tatt Pre Workout Shot, vil du f\u00f8le deg mer energisk. Det gj\u00f8r det lettere \u00e5 komme seg opp av sofaen, ut d\u00f8ren og inn p\u00e5 treningssenteret - eller ut p\u00e5 l\u00f8pebanen.  <\/p>\n<p>Samtidig vil du v\u00e6re mer innstilt p\u00e5 \u00e5 presse deg selv optimalt under treningen, og du vil ha mer mentalt overskudd til \u00e5 gj\u00f8re det.<\/p>\n<h4><strong>Hva best\u00e5r PurePower Pre-Workout Shot av<\/strong><\/h4>\n<p>En Pre Workout-shot best\u00e5r av en rekke naturlige ingredienser som \u00f8ker stoffskiftet og energiniv\u00e5et og forbedrer utholdenheten din.<\/p>\n<p>De aktive ingrediensene i denne Pre-Workout-spr\u00f8yten inkluderer:<\/p>\n<ul>\n<li>Koffein<\/li>\n<li>Beta-alanin<\/li>\n<li>Vitamin B6<\/li>\n<li>L-arginin<\/li>\n<\/ul>\n<h4><strong>Hvordan bruke en Pre Workout Shot<\/strong><\/h4>\n<p>For \u00e5 f\u00e5 maksimal effekt av Pre Workout-spr\u00f8yten b\u00f8r du ta den omtrent en halv time f\u00f8r du starter trenings\u00f8kten.<\/p>\n<p>Du f\u00e5r mer energi, bedre konsentrasjon og f\u00f8ler deg bedre rustet til \u00e5 yte maksimalt under trening.<\/p>\n<p>Den anbefalte daglige dosen er 30 ml - noe som tilsvarer halvparten av innholdet i en flaske.<\/p>\n<p>Den daglige dosen b\u00f8r ikke overskrides.<\/p>\n<h4><strong>Hva er beta-alanin<\/strong><\/h4>\n<p>Beta Alanin er en aminosyre vi kan bruke i kroppen til \u00e5 lage karnosin. N\u00e5 tenker du sikkert, hva er karnosin? <\/p>\n<p>Karnosin finnes i skjelettmuskulaturen, som har den delikate oppgaven med \u00e5 n\u00f8ytralisere melkesyren som produseres n\u00e5r du trener hardt. Det betyr at jo mer beta-alanin vi finner i kroppen = jo mer karnosin kan musklene produsere. <\/p>\n<p>Kort sagt er beta-alanin effektivt n\u00e5r det gjelder \u00e5 redusere melkesyre under hardt muskelarbeid i 1 - 4 minutter.<\/p>\n<h4><strong>Kj\u00f8p PurePower Pre Workout Shot og f\u00e5 mer energi<\/strong><\/h4>\n<p>Med en PurePower Pre Workout Shot - ogs\u00e5 kjent som en PWO-shot - f\u00e5r du mer energi til trenings\u00f8kten, slik at du kan prestere optimalt. Det gir deg st\u00f8rre tilfredshet med treningsytelsen din og hjelper deg med \u00e5 f\u00e5 bedre effekt av treningen - fordi du presser deg selv hardere. <\/p>\n<p>Endelig kan du f\u00e5 de treningsresultatene du alltid har dr\u00f8mt om - og f\u00e5 motivasjonen til \u00e5 komme deg ut av d\u00f8ren de dagene du trener sent, eller n\u00e5r v\u00e6ret for eksempel ikke er det rette for utend\u00f8rstrening.<\/p>\n<p>Bestill i dag og f\u00e5 mer energi og ytelse til treningen i l\u00f8pet av noen f\u00e5 dager.<\/p>\n<p>&nbsp;<\/p>\n<p>&nbsp;<\/p>\n<p>F\u00f8lgende informasjon gjelder for alle kosttilskuddsprodukter:<\/p>\n<ul type=\"disc\">\n<li><span lang=\"DA\">Produktet m\u00e5 ikke brukes av eller selges til personer under 18 \u00e5r.<u><\/u><u><\/u><\/span><\/li>\n<li><span lang=\"DA\">Hvis du har en alvorlig sykdom eller bruker reseptbelagte medisiner, b\u00f8r du r\u00e5df\u00f8re deg med lege f\u00f8r bruk.<u><\/u><u><\/u><\/span><\/li>\n<li><span lang=\"DA\">Uttalelsene p\u00e5 nettstedet er ikke gjennomg\u00e5tt av den danske L\u00e6gemiddel- og F\u00f8devarestyrelsen.<u><\/u><u><\/u><\/span><\/li>\n<li><span lang=\"DA\">Produktet er ikke ment \u00e5 diagnostisere, behandle, kurere eller forebygge noen sykdom.<u><\/u><u><\/u><\/span><\/li>\n<li><span lang=\"DA\">Resultatene kan variere og vil ikke v\u00e6re de samme for alle<\/span><\/li>\n<\/ul>\n","protected":false},"excerpt":{"rendered":"<p>Hvis du vil ha maksimal effekt n\u00e5r du trener, kan du pr\u00f8ve Pre Workout shot fra Pure Power. Ett shot gir deg en energiboost som gir deg et forsprang p\u00e5 konkurrentene. <\/p>\n<p>&nbsp;<\/p>\n","protected":false},"featured_media":80452,"comment_status":"closed","ping_status":"closed","template":"","meta":{"_acf_changed":false},"product_brand":[],"product_cat":[2483,2490,2232,1937,2234,2471],"product_tag":[2469],"class_list":{"0":"post-80450","1":"product","2":"type-product","3":"status-publish","4":"has-post-thumbnail","6":"product_cat-energidrikk","7":"product_cat-energidrikk-no","8":"product_cat-kosttilskudd","9":"product_cat-merkevarer","10":"product_cat-mineraler-og-diverse","11":"product_cat-ren-kraft","12":"product_tag-ren-kraft","14":"first","15":"instock","16":"taxable","17":"shipping-taxable","18":"purchasable","19":"product-type-simple"},"acf":[],"_links":{"self":[{"href":"https:\/\/fysiolab.dk\/no\/wp-json\/wp\/v2\/product\/80450","targetHints":{"allow":["GET"]}}],"collection":[{"href":"https:\/\/fysiolab.dk\/no\/wp-json\/wp\/v2\/product"}],"about":[{"href":"https:\/\/fysiolab.dk\/no\/wp-json\/wp\/v2\/types\/product"}],"replies":[{"embeddable":true,"href":"https:\/\/fysiolab.dk\/no\/wp-json\/wp\/v2\/comments?post=80450"}],"wp:featuredmedia":[{"embeddable":true,"href":"https:\/\/fysiolab.dk\/no\/wp-json\/wp\/v2\/media\/80452"}],"wp:attachment":[{"href":"https:\/\/fysiolab.dk\/no\/wp-json\/wp\/v2\/media?parent=80450"}],"wp:term":[{"taxonomy":"product_brand","embeddable":true,"href":"https:\/\/fysiolab.dk\/no\/wp-json\/wp\/v2\/product_brand?post=80450"},{"taxonomy":"product_cat","embeddable":true,"href":"https:\/\/fysiolab.dk\/no\/wp-json\/wp\/v2\/product_cat?post=80450"},{"taxonomy":"product_tag","embeddable":true,"href":"https:\/\/fysiolab.dk\/no\/wp-json\/wp\/v2\/product_tag?post=80450"}],"curies":[{"name":"wp","href":"https:\/\/api.w.org\/{rel}","templated":true}]}}