{"id":80451,"date":"2023-07-16T13:22:55","date_gmt":"2023-07-16T11:22:55","guid":{"rendered":"https:\/\/fysiolab.dk\/product\/glu-tech-indertight-kvinner\/"},"modified":"2025-12-18T09:22:06","modified_gmt":"2025-12-18T08:22:06","slug":"glu-tech-indertight-kvinner","status":"publish","type":"product","link":"https:\/\/fysiolab.dk\/no\/product\/glu-tech-indertight-kvinner\/","title":{"rendered":"Liiteguard Glu-Tech innertights (Dame)"},"content":{"rendered":"<div id=\"ProductSection-6617455493252\" class=\"product-section\" data-section-id=\"6617455493252\" data-section-type=\"product-template\" data-image-zoom=\"true\" data-enable-history-state=\"true\">\n<div class=\"page-content\">\n<div class=\"page-width\">\n<div class=\"product-single__description-full rte\">\n<div>\n<div id=\"tab-2\">\n<h2>Raskere varme til musklene dine<\/h2>\n<p>Materialet i og rundt l\u00e5rene er designet for \u00e5 gi raskere varme til musklene, noe som er avgj\u00f8rende for at de skal v\u00e6re klare til \u00e5 yte maksimalt fra start. Mange skader oppst\u00e5r i begynnelsen p\u00e5 grunn av utilstrekkelig oppvarming.<x id=\"gid_0\"><\/x>I tillegg er konstruksjonen av materialet laget med en lett sportskompresjon. Hensikten er \u00e5 \u00f8ke blodgjennomstr\u00f8mningen og redusere vibrasjoner og mikrotraumer i muskelvevet, slik at musklene er klare til \u00e5 yte optimalt p\u00e5 slutten av kamper eller trenings\u00f8kter, der mange skader ofte oppst\u00e5r.  <\/p>\n<h2>Maksimal bevegelighet og pusteevne<\/h2>\n<p>Liiteguard har utviklet et materiale i skrittet som er fleksibelt og ekstremt pustende for maksimal bevegelighet. Materialet er derfor konstruert av et tynt og fleksibelt materiale. Det er ogs\u00e5 ekstremt pustende, slik at svetten ikke absorberes, men ledes bort fra huden. Materialet er s\u00e5 fint i strukturen at det er gjennomsiktig. GLU-TECH innertights er derfor IKKE kneb\u00f8ysikre og er kun beregnet for bruk med shorts over.    <\/p>\n<h2>Aktivering av viktige muskler<\/h2>\n<p>GLU-TECH innertights er utviklet med en verdenspatentert hofteteknologi som er kjent fra Liiteguards andre tights. Hvis hoftemuskulaturen er svak, spesielt gluteus medius, vil det p\u00e5virke evnen til \u00e5 stabilisere hoften. Svakheten f\u00f8rer til uhensiktsmessig belastning i muskler, sener og ledd i hele benet fra hofte til fot. Teknologien best\u00e5r av den verdenspatenterte strikken som sitter p\u00e5 setemusklene og gir konstant st\u00f8tte for \u00e5 gi mekanisk stabilitet i hoften. Strikken legger ogs\u00e5 til rette for muskelaktivitet slik at du bedre kan aktivere og bruke setemusklene.    <\/p>\n<\/div>\n<\/div>\n<\/div>\n<\/div>\n<\/div>\n<\/div>\n<div class=\"page-blocks\">\n<div>\n<div class=\"index-section\">\n<div class=\"page-width\">\n<div class=\"feature-row aos-init aos-animate\" data-aos=\"\">\n<div class=\"feature-row__item\">\n<div>\n<div class=\"image-wrap\"><img class=\"feature-row__image lazyautosizes lazyloaded\" sizes=\"500px\" srcset=\"\/\/cdn.shopify.com\/s\/files\/1\/0383\/1925\/9780\/files\/indertights-produktside-dame-1000x1000_180x.jpg?v=1632996034 180w, \/\/cdn.shopify.com\/s\/files\/1\/0383\/1925\/9780\/files\/indertights-produktside-dame-1000x1000_360x.jpg?v=1632996034 360w, \/\/cdn.shopify.com\/s\/files\/1\/0383\/1925\/9780\/files\/indertights-produktside-dame-1000x1000_540x.jpg?v=1632996034 540w, \/\/cdn.shopify.com\/s\/files\/1\/0383\/1925\/9780\/files\/indertights-produktside-dame-1000x1000_720x.jpg?v=1632996034 720w, \/\/cdn.shopify.com\/s\/files\/1\/0383\/1925\/9780\/files\/indertights-produktside-dame-1000x1000_900x.jpg?v=1632996034 900w, \/\/cdn.shopify.com\/s\/files\/1\/0383\/1925\/9780\/files\/indertights-produktside-dame-1000x1000_1080x.jpg?v=1632996034 1080w\" alt=\"\" data-widths=\"[180, 360, 540, 720, 900, 1080]\" data-aspectratio=\"1.0\" data-sizes=\"auto\" data-srcset=\"\/\/cdn.shopify.com\/s\/files\/1\/0383\/1925\/9780\/files\/indertights-produktside-dame-1000x1000_180x.jpg?v=1632996034 180w, \/\/cdn.shopify.com\/s\/files\/1\/0383\/1925\/9780\/files\/indertights-produktside-dame-1000x1000_360x.jpg?v=1632996034 360w, \/\/cdn.shopify.com\/s\/files\/1\/0383\/1925\/9780\/files\/indertights-produktside-dame-1000x1000_540x.jpg?v=1632996034 540w, \/\/cdn.shopify.com\/s\/files\/1\/0383\/1925\/9780\/files\/indertights-produktside-dame-1000x1000_720x.jpg?v=1632996034 720w, \/\/cdn.shopify.com\/s\/files\/1\/0383\/1925\/9780\/files\/indertights-produktside-dame-1000x1000_900x.jpg?v=1632996034 900w, \/\/cdn.shopify.com\/s\/files\/1\/0383\/1925\/9780\/files\/indertights-produktside-dame-1000x1000_1080x.jpg?v=1632996034 1080w\"><\/div>\n<\/div>\n<\/div>\n<div class=\"feature-row__item feature-row__text feature-row__text--left larger-text\">\n<h2 class=\"subtitle\">Du skaper varmen - vi holder den for deg<\/h2>\n<div class=\"rte featured-row__subtext\">\n<p>Materialet rundt l\u00e5rene p\u00e5 GLU-TECH innertightsen er designet for \u00e5 gi raskere varme til musklene dine. Materialet er ogs\u00e5 konstruert i en lett sportskompresjon, slik at du kan f\u00f8le deg trygg fra innsiden og ut og v\u00e6re fullt forberedt fra kampstart. <\/p>\n<\/div>\n<\/div>\n<\/div>\n<\/div>\n<\/div>\n<\/div>\n<div>\n<div class=\"index-section\">\n<div class=\"page-width\">\n<div class=\"feature-row aos-init aos-animate\" data-aos=\"\">\n<div class=\"feature-row__item feature-row__text feature-row__text--right larger-text\">\n<h2 class=\"h3\">Kompromissl\u00f8s mobilitet<\/h2>\n<div class=\"rte featured-row__subtext\">\n<p>Eksplosive retningsforandringer har aldri v\u00e6rt mindre begrenset. GLU-TECH innertights er konstruert i et sv\u00e6rt fleksibelt og pustende materiale i skrittet. Dermed er store bevegelser innen rekkevidde.  <\/p>\n<\/div>\n<\/div>\n<div class=\"feature-row__item\">\n<div>\n<div class=\"image-wrap\"><img class=\"feature-row__image lazyautosizes lazyloaded\" sizes=\"500px\" srcset=\"\/\/cdn.shopify.com\/s\/files\/1\/0383\/1925\/9780\/files\/TightGIF-600x600_180x.gif?v=1633010304 180w, \/\/cdn.shopify.com\/s\/files\/1\/0383\/1925\/9780\/files\/TightGIF-600x600_360x.gif?v=1633010304 360w, \/\/cdn.shopify.com\/s\/files\/1\/0383\/1925\/9780\/files\/TightGIF-600x600_540x.gif?v=1633010304 540w, \/\/cdn.shopify.com\/s\/files\/1\/0383\/1925\/9780\/files\/TightGIF-600x600_720x.gif?v=1633010304 720w, \/\/cdn.shopify.com\/s\/files\/1\/0383\/1925\/9780\/files\/TightGIF-600x600_900x.gif?v=1633010304 900w, \/\/cdn.shopify.com\/s\/files\/1\/0383\/1925\/9780\/files\/TightGIF-600x600_1080x.gif?v=1633010304 1080w\" alt=\"\" data-widths=\"[180, 360, 540, 720, 900, 1080]\" data-aspectratio=\"1.0\" data-sizes=\"auto\" data-srcset=\"\/\/cdn.shopify.com\/s\/files\/1\/0383\/1925\/9780\/files\/TightGIF-600x600_180x.gif?v=1633010304 180w, \/\/cdn.shopify.com\/s\/files\/1\/0383\/1925\/9780\/files\/TightGIF-600x600_360x.gif?v=1633010304 360w, \/\/cdn.shopify.com\/s\/files\/1\/0383\/1925\/9780\/files\/TightGIF-600x600_540x.gif?v=1633010304 540w, \/\/cdn.shopify.com\/s\/files\/1\/0383\/1925\/9780\/files\/TightGIF-600x600_720x.gif?v=1633010304 720w, \/\/cdn.shopify.com\/s\/files\/1\/0383\/1925\/9780\/files\/TightGIF-600x600_900x.gif?v=1633010304 900w, \/\/cdn.shopify.com\/s\/files\/1\/0383\/1925\/9780\/files\/TightGIF-600x600_1080x.gif?v=1633010304 1080w\"><\/div>\n<\/div>\n<\/div>\n<\/div>\n<\/div>\n<\/div>\n<\/div>\n<\/div>\n<div class=\"page-width\">\n<div><\/div>\n<div id=\"judgeme_product_reviews\" class=\"jdgm-widget jdgm-review-widget jdgm--done-setup-widget\" data-product-title=\"GLU-TECH INDERTIGHT (Dame)\" data-id=\"6617455493252\" data-from-snippet=\"true\" data-auto-install=\"false\">\n<div class=\"jdgm-rev-widg\" data-average-rating=\"5.00\" data-number-of-reviews=\"4\" data-number-of-questions=\"0\">\n<div class=\"jdgm-rev-widg__header\">\n<h2 class=\"jdgm-rev-widg__title\"><\/h2>\n<\/div>\n<\/div>\n<\/div>\n<\/div>\n","protected":false},"excerpt":{"rendered":"<p><strong>F\u00e5 varmen raskere til musklene, slik at de er klare til \u00e5 yte maksimalt fra start til m\u00e5l. GLU-TECH Indertight er utviklet i tre materialer, hvert med viktige funksjoner for idrettsut\u00f8vere som driver med eksplosive retningsforandringer. <\/strong><\/p>\n","protected":false},"featured_media":80457,"comment_status":"closed","ping_status":"closed","template":"","meta":{"_acf_changed":false},"product_brand":[],"product_cat":[2491,2020,1966,1968,1965,1937,1967],"product_tag":[1971],"class_list":{"0":"post-80451","1":"product","2":"type-product","3":"status-publish","4":"has-post-thumbnail","6":"product_cat-indertights-no","7":"product_cat-julegaveideer-no","8":"product_cat-klaer","9":"product_cat-liiteguard-no-2","10":"product_cat-liiteguard-no","11":"product_cat-merkevarer","12":"product_cat-stroempebukser","13":"product_tag-liiteguard-no","15":"first","16":"instock","17":"taxable","18":"shipping-taxable","19":"purchasable","20":"product-type-variable"},"acf":[],"_links":{"self":[{"href":"https:\/\/fysiolab.dk\/no\/wp-json\/wp\/v2\/product\/80451","targetHints":{"allow":["GET"]}}],"collection":[{"href":"https:\/\/fysiolab.dk\/no\/wp-json\/wp\/v2\/product"}],"about":[{"href":"https:\/\/fysiolab.dk\/no\/wp-json\/wp\/v2\/types\/product"}],"replies":[{"embeddable":true,"href":"https:\/\/fysiolab.dk\/no\/wp-json\/wp\/v2\/comments?post=80451"}],"wp:featuredmedia":[{"embeddable":true,"href":"https:\/\/fysiolab.dk\/no\/wp-json\/wp\/v2\/media\/80457"}],"wp:attachment":[{"href":"https:\/\/fysiolab.dk\/no\/wp-json\/wp\/v2\/media?parent=80451"}],"wp:term":[{"taxonomy":"product_brand","embeddable":true,"href":"https:\/\/fysiolab.dk\/no\/wp-json\/wp\/v2\/product_brand?post=80451"},{"taxonomy":"product_cat","embeddable":true,"href":"https:\/\/fysiolab.dk\/no\/wp-json\/wp\/v2\/product_cat?post=80451"},{"taxonomy":"product_tag","embeddable":true,"href":"https:\/\/fysiolab.dk\/no\/wp-json\/wp\/v2\/product_tag?post=80451"}],"curies":[{"name":"wp","href":"https:\/\/api.w.org\/{rel}","templated":true}]}}