{"id":80462,"date":"2023-07-16T13:23:20","date_gmt":"2023-07-16T11:23:20","guid":{"rendered":"https:\/\/fysiolab.dk\/product\/pure-power-energy-snack-proevepakke-12-stk\/"},"modified":"2026-04-14T22:52:46","modified_gmt":"2026-04-14T20:52:46","slug":"pure-power-energy-snack-proevepakke-12-stk","status":"publish","type":"product","link":"https:\/\/fysiolab.dk\/no\/product\/pure-power-energy-snack-proevepakke-12-stk\/","title":{"rendered":"Pure Power Energy Snack - pr\u00f8vepakke - 12 stk."},"content":{"rendered":"<h4>Kakao, Kokos, Karamell\/jordn\u00f8tt, Kakao fudge Energisnacks<\/h4>\n<p>Har du ikke funnet din favoritt blant Pure Power-snacksene enn\u00e5? Pr\u00f8v ulike smaker fra Pure Power i en pr\u00f8vepakke. Se nedenfor hva esken inneholder av deilige snacks fra Pure Power.  <\/p>\n<p>Neste gang du bestiller <strong>en<\/strong>eske med Pure Power Snacks, vil du ikke v\u00e6re i tvil om hvilken som er din favoritt.<\/p>\n<p>Boksen inneholder:<\/p>\n<p>4 x kakao-energisnacks<\/p>\n<p>2 x energisnacks med kokosn\u00f8tt<\/p>\n<p>3 x karamellbasert pean\u00f8ttenergisnacks<\/p>\n<p>3 x Energisnacks med kakaofudge<\/p>\n<p><a href=\"https:\/\/dev.fysiolab.dk\/wp-content\/uploads\/2025\/05\/ylr3f7yw.png\"><img decoding=\"async\" class=\"alignnone size-medium wp-image-202396688\" src=\"https:\/\/dev.fysiolab.dk\/wp-content\/uploads\/2025\/05\/ylr3f7yw-82x300.png\" alt=\"\" width=\"82\" height=\"300\" title=\"\"><\/a><\/p>\n<p>&nbsp;<\/p>\n<p>Hvis du \u00f8nsker en annen distribusjon, er du velkommen til \u00e5 sende oss en e-post p\u00e5 info@fysiolab.dk<\/p>\n<p>&nbsp;<\/p>\n<p>&nbsp;<\/p>\n<p>F\u00f8lgende informasjon gjelder for alle kosttilskuddsprodukter:<\/p>\n<ul type=\"disc\">\n<li><span lang=\"DA\">Produktet m\u00e5 ikke brukes av eller selges til personer under 18 \u00e5r.<u><\/u><u><\/u><\/span><\/li>\n<li><span lang=\"DA\">Hvis du har en alvorlig sykdom eller bruker reseptbelagte medisiner, b\u00f8r du r\u00e5df\u00f8re deg med lege f\u00f8r bruk.<u><\/u><u><\/u><\/span><\/li>\n<li><span lang=\"DA\">Uttalelsene p\u00e5 nettstedet er ikke gjennomg\u00e5tt av den danske L\u00e6gemiddel- og F\u00f8devarestyrelsen.<u><\/u><u><\/u><\/span><\/li>\n<li><span lang=\"DA\">Produktet er ikke ment \u00e5 diagnostisere, behandle, kurere eller forebygge noen sykdom.<u><\/u><u><\/u><\/span><\/li>\n<li><span lang=\"DA\">Resultatene kan variere og vil ikke v\u00e6re de samme for alle<\/span><\/li>\n<\/ul>\n<p>&nbsp;<\/p>\n<p>&nbsp;<\/p>\n","protected":false},"excerpt":{"rendered":"<p><strong>Hvilken Pure Power Snack er din favoritt? Kj\u00f8p en eske med ulike varianter og nyt de deilige smakene av Pure Power. <\/strong><\/p>\n<h4>Kakao, kokos, karamell, kakao fudge Energisnacks<\/h4>\n<p>&nbsp;<\/p>\n<p>Merk kort dato<\/p>\n","protected":false},"featured_media":80465,"comment_status":"closed","ping_status":"closed","template":"","meta":{"_acf_changed":false},"product_brand":[3102],"product_cat":[2473,2474,2232,1937,2471],"product_tag":[2469],"class_list":{"0":"post-80462","1":"product","2":"type-product","3":"status-publish","4":"has-post-thumbnail","6":"product_brand-purepower","7":"product_cat-energibar-no","8":"product_cat-energibar-no-2","9":"product_cat-kosttilskudd","10":"product_cat-merkevarer","11":"product_cat-ren-kraft","12":"product_tag-ren-kraft","14":"first","15":"instock","16":"taxable","17":"shipping-taxable","18":"purchasable","19":"product-type-simple"},"acf":[],"_links":{"self":[{"href":"https:\/\/fysiolab.dk\/no\/wp-json\/wp\/v2\/product\/80462","targetHints":{"allow":["GET"]}}],"collection":[{"href":"https:\/\/fysiolab.dk\/no\/wp-json\/wp\/v2\/product"}],"about":[{"href":"https:\/\/fysiolab.dk\/no\/wp-json\/wp\/v2\/types\/product"}],"replies":[{"embeddable":true,"href":"https:\/\/fysiolab.dk\/no\/wp-json\/wp\/v2\/comments?post=80462"}],"wp:featuredmedia":[{"embeddable":true,"href":"https:\/\/fysiolab.dk\/no\/wp-json\/wp\/v2\/media\/80465"}],"wp:attachment":[{"href":"https:\/\/fysiolab.dk\/no\/wp-json\/wp\/v2\/media?parent=80462"}],"wp:term":[{"taxonomy":"product_brand","embeddable":true,"href":"https:\/\/fysiolab.dk\/no\/wp-json\/wp\/v2\/product_brand?post=80462"},{"taxonomy":"product_cat","embeddable":true,"href":"https:\/\/fysiolab.dk\/no\/wp-json\/wp\/v2\/product_cat?post=80462"},{"taxonomy":"product_tag","embeddable":true,"href":"https:\/\/fysiolab.dk\/no\/wp-json\/wp\/v2\/product_tag?post=80462"}],"curies":[{"name":"wp","href":"https:\/\/api.w.org\/{rel}","templated":true}]}}