{"id":80463,"date":"2023-07-16T13:22:54","date_gmt":"2023-07-16T11:22:54","guid":{"rendered":"https:\/\/fysiolab.dk\/product\/glu-tech-indertight-menn\/"},"modified":"2025-12-18T09:22:06","modified_gmt":"2025-12-18T08:22:06","slug":"glu-tech-indertight-menn","status":"publish","type":"product","link":"https:\/\/fysiolab.dk\/no\/product\/glu-tech-indertight-menn\/","title":{"rendered":"LiiteGuard Glu-Tech Indertight (menn)"},"content":{"rendered":"<h3 data-start=\"0\" data-end=\"50\"><strong data-start=\"4\" data-end=\"48\">LiiteGuard Glu-Tech innertights (menn)<\/strong><\/h3>\n<p data-start=\"52\" data-end=\"534\">LiiteGuard Glu-Tech Innertights er utviklet for \u00e5 optimalisere ytelsen og komforten din - uansett om du bruker dem til l\u00f8ping, fotball eller styrketrening. De fungerer som avanserte kompresjonsunderbukser med innebygde Glu-Tech-soner som gir m\u00e5lrettet st\u00f8tte rundt hoftene, baken og kjernen. Denne st\u00f8tten bidrar til \u00e5 stabilisere bekkenet og forbedrer kraftoverf\u00f8ringen mellom under- og overkroppen, noe som gj\u00f8r bevegelsene mer effektive og reduserer risikoen for overbelastning.  <\/p>\n<p data-start=\"536\" data-end=\"779\">Materialet er svetteavvisende og pustende, slik at du holder deg t\u00f8rr og komfortabel - selv under hard trening. Den ergonomiske passformen kombinert med flate s\u00f8mmer s\u00f8rger for at tightsen sitter tett uten \u00e5 v\u00e6re begrensende og gir full bevegelsesfrihet. <\/p>\n<p data-start=\"781\" data-end=\"955\">Glu-Tech Inner Tights kan brukes alene eller som et underlag under en shorts, og er et ideelt valg for idrettsut\u00f8vere som \u00f8nsker \u00f8kt stabilitet, st\u00f8tte og ytelse i hofteomr\u00e5det.<\/p>\n<p data-start=\"957\" data-end=\"1023\"><strong data-start=\"957\" data-end=\"968\">Farger:<\/strong> Svart og svart\/hvitt<br data-start=\"986\" data-end=\"989\"><strong data-start=\"989\" data-end=\"1004\">St\u00f8rrelser:<\/strong> XS, S, M, L, XL, XXL<\/p>\n","protected":false},"excerpt":{"rendered":"<p><strong>LiiteGuard Glu-Tech Innertights kombinerer avansert kompresjon med st\u00f8tte rundt hoftene og baken for maksimal stabilitet og ytelse. Perfekt som underlag for sport og trening med fokus p\u00e5 eksplosivitet, kontroll og komfort. <\/strong><\/p>\n","protected":false},"featured_media":80471,"comment_status":"closed","ping_status":"closed","template":"","meta":{"_acf_changed":false},"product_brand":[],"product_cat":[2491,2020,1966,1968,1965,1937,1967],"product_tag":[1971],"class_list":{"0":"post-80463","1":"product","2":"type-product","3":"status-publish","4":"has-post-thumbnail","6":"product_cat-indertights-no","7":"product_cat-julegaveideer-no","8":"product_cat-klaer","9":"product_cat-liiteguard-no-2","10":"product_cat-liiteguard-no","11":"product_cat-merkevarer","12":"product_cat-stroempebukser","13":"product_tag-liiteguard-no","15":"first","16":"instock","17":"taxable","18":"shipping-taxable","19":"purchasable","20":"product-type-variable"},"acf":[],"_links":{"self":[{"href":"https:\/\/fysiolab.dk\/no\/wp-json\/wp\/v2\/product\/80463","targetHints":{"allow":["GET"]}}],"collection":[{"href":"https:\/\/fysiolab.dk\/no\/wp-json\/wp\/v2\/product"}],"about":[{"href":"https:\/\/fysiolab.dk\/no\/wp-json\/wp\/v2\/types\/product"}],"replies":[{"embeddable":true,"href":"https:\/\/fysiolab.dk\/no\/wp-json\/wp\/v2\/comments?post=80463"}],"wp:featuredmedia":[{"embeddable":true,"href":"https:\/\/fysiolab.dk\/no\/wp-json\/wp\/v2\/media\/80471"}],"wp:attachment":[{"href":"https:\/\/fysiolab.dk\/no\/wp-json\/wp\/v2\/media?parent=80463"}],"wp:term":[{"taxonomy":"product_brand","embeddable":true,"href":"https:\/\/fysiolab.dk\/no\/wp-json\/wp\/v2\/product_brand?post=80463"},{"taxonomy":"product_cat","embeddable":true,"href":"https:\/\/fysiolab.dk\/no\/wp-json\/wp\/v2\/product_cat?post=80463"},{"taxonomy":"product_tag","embeddable":true,"href":"https:\/\/fysiolab.dk\/no\/wp-json\/wp\/v2\/product_tag?post=80463"}],"curies":[{"name":"wp","href":"https:\/\/api.w.org\/{rel}","templated":true}]}}