{"id":80467,"date":"2023-07-16T13:23:20","date_gmt":"2023-07-16T11:23:20","guid":{"rendered":"https:\/\/fysiolab.dk\/product\/energy-snack-coconut-12-stk\/"},"modified":"2025-12-18T09:22:05","modified_gmt":"2025-12-18T08:22:05","slug":"energy-snack-coconut-12-stk","status":"publish","type":"product","link":"https:\/\/fysiolab.dk\/no\/product\/energy-snack-coconut-12-stk\/","title":{"rendered":"Energy Snack Coconut - 12 stk."},"content":{"rendered":"<p>Med PurePower Energy Snack Coconut f\u00e5r du en deilig bountybit som gir deg ekstra energi til \u00e5 komme deg gjennom trenings\u00f8kten - eller unng\u00e5 et sukkerkrasj rett f\u00f8r m\u00e5lstreken. Kokosbiten er ogs\u00e5 tilsatt havregryn, slik at du f\u00e5r i deg rikelig med fiber. Dette gir en jevnere forbrenning og energi som varer lenger. Bestill en himmelsk godbit fra PurePower i dag!   <\/p>\n<p>Hvis du elsker smaken av kokos, er denne PurePower Energy Snack den perfekte bel\u00f8nningen etter endt trenings\u00f8kt - eller n\u00e5r du trenger litt ekstra energi for \u00e5 komme i m\u00e5l.<\/p>\n<p>Smaken minner om den ber\u00f8mte Bounty-baren, og kokossmaken gir deg en boost av sol, sommer og sandstrand som du ikke kan unng\u00e5 \u00e5 f\u00f8le deg vel med. Perfekt for en regnfull dag ute p\u00e5 stien n\u00e5r du er v\u00e5t, sliten og sliter med \u00e5 unng\u00e5 de verste s\u00f8lepyttene og gj\u00f8rmepyttene. <\/p>\n<h2>Fiber strekker energi<\/h2>\n<p>I tillegg til ekte kokos er den deilige Energy Snack fylt med havre. Havre inneholder rikelig med fiber. Det gj\u00f8r at energien i kokosn\u00f8ttbaren strekker seg lenger, fordi det tar lengre tid \u00e5 forbrenne fibrene.  <\/p>\n<p>I tillegg f\u00e5r kroppen en god dose protein, samt rikelig med raske karbohydrater fra kokosn\u00f8tt og andre sukkerarter.<\/p>\n<p>S\u00e5 selv om PurePower Energy Snack Coconut smaker s\u00e5 godt at det burde v\u00e6rt forbudt, f\u00e5r du i deg massevis av gode ting for kroppen din n\u00e5r den trenger energi som mest.<\/p>\n<h2>Lett \u00e5 ta med seg hvor som helst<\/h2>\n<p>Akkurat som de andre PurePower Energy Snacks kan den deilige kokosvarianten brukes av alle som trener seri\u00f8st.<\/p>\n<p>Den tar ikke mye plass. S\u00e5 den er lett \u00e5 ha med seg i baklommen, vesken eller der du oppbevarer proviant. Og den smuldrer ikke opp. Verken n\u00e5r du spiser den eller n\u00e5r du putter den i munnen. S\u00e5 du slipper \u00e5 f\u00e5 den i halsen, selv om du puster tungt p\u00e5 grunn av anstrengelsen.    <\/p>\n<p>P\u00e5 den m\u00e5ten kan du enkelt og trygt f\u00e5 en rask og langvarig energiboost n\u00e5r du trenger det som mest. Eller ta den som en deilig energiboost en time f\u00f8r trenings\u00f8kten. <\/p>\n<h2>Kj\u00f8p PurePower Energy Snack Coconut hos FysioLab<\/h2>\n<p>Bestill en pakke PurePower Energy Snacks Coconut i dag, s\u00e5 kan du se frem til \u00e5 nyte dette deilige energitilskuddet i l\u00f8pet av f\u00e5 dager. Endelig har du en energibar til trening eller konkurranse som smaker akkurat slik du alltid har dr\u00f8mt om. <\/p>\n<p>&nbsp;<\/p>\n<p>&nbsp;<\/p>\n<p>F\u00f8lgende informasjon gjelder for alle kosttilskuddsprodukter:<\/p>\n<ul type=\"disc\">\n<li><span lang=\"DA\">Produktet m\u00e5 ikke brukes av eller selges til personer under 18 \u00e5r.<u><\/u><u><\/u><\/span><\/li>\n<li><span lang=\"DA\">Hvis du har en alvorlig sykdom eller bruker reseptbelagte medisiner, b\u00f8r du r\u00e5df\u00f8re deg med lege f\u00f8r bruk.<u><\/u><u><\/u><\/span><\/li>\n<li><span lang=\"DA\">Uttalelsene p\u00e5 nettstedet er ikke gjennomg\u00e5tt av den danske L\u00e6gemiddel- og F\u00f8devarestyrelsen.<u><\/u><u><\/u><\/span><\/li>\n<li><span lang=\"DA\">Produktet er ikke ment \u00e5 diagnostisere, behandle, kurere eller forebygge noen sykdom.<u><\/u><u><\/u><\/span><\/li>\n<li><span lang=\"DA\">Resultatene kan variere og vil ikke v\u00e6re de samme for alle<\/span><\/li>\n<\/ul>\n","protected":false},"excerpt":{"rendered":"<div><em>Hvorfor Energy Snack Coconut?  <\/em><\/div>\n<ul>\n<li>Smelter ikke i h\u00e5nden eller lommen<\/li>\n<li>Lett og deilig konsistens<\/li>\n<li>Perfekt for triatleter, syklister, sv\u00f8mmere eller andre idretter som krever ekstra energi<\/li>\n<\/ul>\n","protected":false},"featured_media":80477,"comment_status":"closed","ping_status":"closed","template":"","meta":{"_acf_changed":false},"product_brand":[],"product_cat":[2473,2474,2232,1937,2471],"product_tag":[2469],"class_list":{"0":"post-80467","1":"product","2":"type-product","3":"status-publish","4":"has-post-thumbnail","6":"product_cat-energibar-no","7":"product_cat-energibar-no-2","8":"product_cat-kosttilskudd","9":"product_cat-merkevarer","10":"product_cat-ren-kraft","11":"product_tag-ren-kraft","13":"first","14":"instock","15":"taxable","16":"shipping-taxable","17":"purchasable","18":"product-type-simple"},"acf":[],"_links":{"self":[{"href":"https:\/\/fysiolab.dk\/no\/wp-json\/wp\/v2\/product\/80467","targetHints":{"allow":["GET"]}}],"collection":[{"href":"https:\/\/fysiolab.dk\/no\/wp-json\/wp\/v2\/product"}],"about":[{"href":"https:\/\/fysiolab.dk\/no\/wp-json\/wp\/v2\/types\/product"}],"replies":[{"embeddable":true,"href":"https:\/\/fysiolab.dk\/no\/wp-json\/wp\/v2\/comments?post=80467"}],"wp:featuredmedia":[{"embeddable":true,"href":"https:\/\/fysiolab.dk\/no\/wp-json\/wp\/v2\/media\/80477"}],"wp:attachment":[{"href":"https:\/\/fysiolab.dk\/no\/wp-json\/wp\/v2\/media?parent=80467"}],"wp:term":[{"taxonomy":"product_brand","embeddable":true,"href":"https:\/\/fysiolab.dk\/no\/wp-json\/wp\/v2\/product_brand?post=80467"},{"taxonomy":"product_cat","embeddable":true,"href":"https:\/\/fysiolab.dk\/no\/wp-json\/wp\/v2\/product_cat?post=80467"},{"taxonomy":"product_tag","embeddable":true,"href":"https:\/\/fysiolab.dk\/no\/wp-json\/wp\/v2\/product_tag?post=80467"}],"curies":[{"name":"wp","href":"https:\/\/api.w.org\/{rel}","templated":true}]}}