{"id":80476,"date":"2023-07-16T13:22:54","date_gmt":"2023-07-16T11:22:54","guid":{"rendered":"https:\/\/fysiolab.dk\/product\/purepower-omega-3-150-stk\/"},"modified":"2025-12-18T09:22:06","modified_gmt":"2025-12-18T08:22:06","slug":"purepower-omega-3-150-stk","status":"publish","type":"product","link":"https:\/\/fysiolab.dk\/no\/product\/purepower-omega-3-150-stk\/","title":{"rendered":"PurePower Omega-3 150 stk."},"content":{"rendered":"<p>PurePower Omega-3-kapsler tilf\u00f8rer de essensielle flerumettede Omega-3-fettsyrene som kroppen v\u00e5r ikke kan produsere selv. De antas \u00e5 f\u00e5 kroppen til \u00e5 fungere bedre og \u00e5 v\u00e6re bra for hjertet, hjernen og synet. <\/p>\n<p>Omega-3 tilh\u00f8rer den spesielle gruppen av langkjedede fettsyrer som spiller en sentral rolle for kroppen din. Disse fettsyrene best\u00e5r av en lang kjede med 18 til 22 karbonatomer som holdes sammen av dobbeltbindinger plassert med faste intervaller langs kjeden. Dobbeltbindingens plassering gir fettsyren et navn, og derfor er omega-3 den langkjedede fettsyren med flest dobbeltbindinger.  <\/p>\n<p>Dette gj\u00f8r den til en \"mer umettet\" form for fettsyre enn andre langkjedede fettsyrer som omega-6 og omega-9. <\/p>\n<p>Litt om Omega 3-kapselen<\/p>\n<ul>\n<li>Liten kapsel, lett \u00e5 svelge<\/li>\n<li>H\u00f8yt innhold av omega-3 -&gt; mer enn 60 % omega-3 (\u00e9n kapsel tilsvarer den anbefalte daglige dosen for \u00e5 opprettholde et sunt kardiovaskul\u00e6rt system)<\/li>\n<li>Ren olje, renset for tungmetaller, PCB og dioksiner<\/li>\n<\/ul>\n<p>&nbsp;<\/p>\n<h2>Bra for hjerte, hjerne og syn<\/h2>\n<p>Omega-3-fettsyrer er antatt \u00e5 v\u00e6re bra for hjertet, hjernen og synet. Men dessverre kan vi ikke lage denne viktige fettsyren selv. Den m\u00e5 inntas gjennom kosten. Du finner en spesielt h\u00f8y konsentrasjon av omega-3-fettsyrer i fet fisk som makrell, sild, laks, \u00f8rret og \u00e5l.   <\/p>\n<p>Dessverre er fisk ikke s\u00e5 vanlig i det daglige kostholdet. Dels fordi mange ikke liker fisk, og dels fordi fisk er en dyr matvare i dag. Hvis du vil ha noen av de gunstige effektene av omega-3-fettsyrene, er det derfor fornuftig \u00e5 tilf\u00f8re omega-3 som kosttilskudd basert p\u00e5 fiskeolje, som utvinnes fra fet fisk.  <\/p>\n<p>&nbsp;<\/p>\n<h2>En Omega-3-kapsel er lettere \u00e5 svelge<\/h2>\n<p>Du kjenner sikkert fiskeolje som tran. Det var en daglig, ubehagelig opplevelse ved frokostbordet i mange danske hjem da besteforeldrene dine var barn. <\/p>\n<p>I dag kan du f\u00e5 Omega-3 i en hendig liten kapsel som du kan ta sammen med andre kosttilskudd. Den inneholder begge typer omega-3-fettsyrer - kalt EPA og DHA - i en mengde som gj\u00f8r at du f\u00e5r i deg det anbefalte daglige inntaket av omega-3-fettsyrene EPA og DHA bare ved \u00e5 ta to kapsler om dagen. <\/p>\n<p>B\u00e5de EPA og DHA bidrar til normal hjertefunksjon. Den gunstige effekten oppn\u00e5s med et daglig inntak p\u00e5 250 mg EPA og DHA. <\/p>\n<p>DHA bidrar ogs\u00e5 til \u00e5 opprettholde en normal hjernefunksjon og et normalt syn. Den gunstige effekten oppn\u00e5s med et daglig inntak p\u00e5 250 mg DHA. <\/p>\n<p>&nbsp;<\/p>\n<h2>Kj\u00f8p Omega-3 kapsler hos FysioLab<\/h2>\n<p>N\u00e5r du kj\u00f8per PurePower Omega-3-kapsler, er du garantert et daglig tilskudd av Omega-3-fettsyrer som er produsert under kontrollerte forhold i Danmark.<\/p>\n<p>Det er ogs\u00e5 din garanti for at v\u00e5re PurePower Omega-3-kapsler oppfyller F\u00f8devarestyrelsens krav til kosttilskudd for idrettsut\u00f8vere.<\/p>\n<p>&nbsp;<\/p>\n<p>&nbsp;<\/p>\n<p>&nbsp;<\/p>\n<p>F\u00f8lgende informasjon gjelder for alle kosttilskuddsprodukter:<\/p>\n<ul type=\"disc\">\n<li><span lang=\"DA\">Produktet m\u00e5 ikke brukes av eller selges til personer under 18 \u00e5r.<u><\/u><u><\/u><\/span><\/li>\n<li><span lang=\"DA\">Hvis du har en alvorlig sykdom eller bruker reseptbelagte medisiner, b\u00f8r du r\u00e5df\u00f8re deg med lege f\u00f8r bruk.<u><\/u><u><\/u><\/span><\/li>\n<li><span lang=\"DA\">Uttalelsene p\u00e5 nettstedet er ikke gjennomg\u00e5tt av den danske L\u00e6gemiddel- og F\u00f8devarestyrelsen.<u><\/u><u><\/u><\/span><\/li>\n<li><span lang=\"DA\">Produktet er ikke ment \u00e5 diagnostisere, behandle, kurere eller forebygge noen sykdom.<u><\/u><u><\/u><\/span><\/li>\n<li><span lang=\"DA\">Resultatene kan variere og vil ikke v\u00e6re de samme for alle<\/span><\/li>\n<\/ul>\n","protected":false},"excerpt":{"rendered":"<p>Omega 3 er bra for hjertet, hjernen og synet. Hvis du ikke spiser fisk, er denne kapselen et godt alternativ for deg <\/p>\n","protected":false},"featured_media":80479,"comment_status":"closed","ping_status":"closed","template":"","meta":{"_acf_changed":false},"product_brand":[],"product_cat":[2477,2232,1937,2234,2471],"product_tag":[2469],"class_list":{"0":"post-80476","1":"product","2":"type-product","3":"status-publish","4":"has-post-thumbnail","6":"product_cat-kapsler-no","7":"product_cat-kosttilskudd","8":"product_cat-merkevarer","9":"product_cat-mineraler-og-diverse","10":"product_cat-ren-kraft","11":"product_tag-ren-kraft","13":"first","14":"instock","15":"taxable","16":"shipping-taxable","17":"purchasable","18":"product-type-simple"},"acf":[],"_links":{"self":[{"href":"https:\/\/fysiolab.dk\/no\/wp-json\/wp\/v2\/product\/80476","targetHints":{"allow":["GET"]}}],"collection":[{"href":"https:\/\/fysiolab.dk\/no\/wp-json\/wp\/v2\/product"}],"about":[{"href":"https:\/\/fysiolab.dk\/no\/wp-json\/wp\/v2\/types\/product"}],"replies":[{"embeddable":true,"href":"https:\/\/fysiolab.dk\/no\/wp-json\/wp\/v2\/comments?post=80476"}],"wp:featuredmedia":[{"embeddable":true,"href":"https:\/\/fysiolab.dk\/no\/wp-json\/wp\/v2\/media\/80479"}],"wp:attachment":[{"href":"https:\/\/fysiolab.dk\/no\/wp-json\/wp\/v2\/media?parent=80476"}],"wp:term":[{"taxonomy":"product_brand","embeddable":true,"href":"https:\/\/fysiolab.dk\/no\/wp-json\/wp\/v2\/product_brand?post=80476"},{"taxonomy":"product_cat","embeddable":true,"href":"https:\/\/fysiolab.dk\/no\/wp-json\/wp\/v2\/product_cat?post=80476"},{"taxonomy":"product_tag","embeddable":true,"href":"https:\/\/fysiolab.dk\/no\/wp-json\/wp\/v2\/product_tag?post=80476"}],"curies":[{"name":"wp","href":"https:\/\/api.w.org\/{rel}","templated":true}]}}