{"id":80480,"date":"2023-07-16T13:22:54","date_gmt":"2023-07-16T11:22:54","guid":{"rendered":"https:\/\/fysiolab.dk\/product\/purepower-saltkapsler-90-stk\/"},"modified":"2025-12-18T09:22:06","modified_gmt":"2025-12-18T08:22:06","slug":"purepower-saltkapsler-90-stk","status":"publish","type":"product","link":"https:\/\/fysiolab.dk\/no\/product\/purepower-saltkapsler-90-stk\/","title":{"rendered":"PurePower Saltkapsler - 90 stk."},"content":{"rendered":"<p>Med PurePower Salttabletter kan du opprettholde saltbalansen slik at kroppen ikke mister evnen til \u00e5 holde p\u00e5 v\u00e6ske. Hvis dette skjer, vil du raskt utvikle problemer med v\u00e6skebalansen og ha vanskelig for \u00e5 gjenopprette den. <\/p>\n<p>N\u00e5r du trener seri\u00f8st - og spesielt hvis du driver med utholdenhetsidrett - f\u00f8lger du sannsynligvis n\u00f8ye med p\u00e5 v\u00e6skebalansen din. Hvis du ikke drikker nok v\u00e6ske under trening eller konkurranse, kan det raskt f\u00f8re til alvorlige problemer med kroppens ytelse. <\/p>\n<p>Saltkapsler inneholder:<\/p>\n<ul>\n<li>Ingen kjemiske hjelpestoffer og\/eller fargestoffer<\/li>\n<li>Vitamin C st\u00f8tter immunforsvarets normale funksjon under og etter fysisk trening<\/li>\n<li>Magnesium bidrar til normal muskelfunksjon og energiomsetning<\/li>\n<li>Vitamin D, som bidrar til normal absorpsjon og utnyttelse av kalsium<\/li>\n<\/ul>\n<p>&nbsp;<\/p>\n<h2>Hold saltbalansen i sjakk<\/h2>\n<p>Men hvis du svetter mye fordi kroppen jobber p\u00e5 h\u00f8ygir, risikerer du \u00e5 svette s\u00e5 mye salt ut av kroppen at den mister evnen til \u00e5 holde p\u00e5 v\u00e6ske.<\/p>\n<p>Dette har en katastrofal effekt p\u00e5 v\u00e6skebalansen. For n\u00e5r kroppen har mistet evnen til \u00e5 holde p\u00e5 v\u00e6ske, kan du drikke s\u00e5 mye du vil uten at det har noen gunstig effekt p\u00e5 v\u00e6skebalansen. <\/p>\n<p>&nbsp;<\/p>\n<h2>Hvordan f\u00e5 optimal effekt av salttabletter<\/h2>\n<p>For \u00e5 gi kroppen din den beste muligheten til \u00e5 opprettholde saltbalansen, b\u00f8r du ta en salttabletten dagen f\u00f8r du skal trene eller konkurrere hardt.<\/p>\n<p>P\u00e5 selve dagen b\u00f8r du s\u00f8rge for \u00e5 spise en solid frokost og drikke rikelig med v\u00e6ske i l\u00f8pet av formiddagen. Hvis det er en veldig varm dag, b\u00f8r du tilsette en enkelt salttablett til morgenm\u00e5ltidet. <\/p>\n<p>Kroppen kan bare absorbere omtrent en desiliter v\u00e6ske per 15 minutter. Fordel derfor v\u00e6skeinntaket over en lengre periode - og husk \u00e5 tisse f\u00f8r du begynner. <\/p>\n<p>Avhengig av temperaturen b\u00f8r du ta en ny salttablett for hver 30-60 minutter du jobber hardt under trening eller konkurranse. P\u00e5 den m\u00e5ten sikrer du at du f\u00e5r i deg nok salt i forhold til hvor mye salt du svetter ut av kroppen p\u00e5 grunn av anstrengelsen. <\/p>\n<p>&nbsp;<\/p>\n<h2>Kj\u00f8p salttabletter hos FysioLab<\/h2>\n<p>N\u00e5r du kj\u00f8per Purepower Salttabletter, f\u00e5r du et danskprodusert produkt som oppfyller de strenge danske kravene til kosttilskudd for idrettsut\u00f8vere. Samtidig kan du v\u00e6re sikker p\u00e5 at du f\u00e5r et rent produkt som er produsert under kontrollerte forhold. <\/p>\n<p>&nbsp;<\/p>\n<p>&nbsp;<\/p>\n<p>F\u00f8lgende informasjon gjelder for alle kosttilskuddsprodukter:<\/p>\n<ul type=\"disc\">\n<li><span lang=\"DA\">Produktet m\u00e5 ikke brukes av eller selges til personer under 18 \u00e5r.<u><\/u><u><\/u><\/span><\/li>\n<li><span lang=\"DA\">Hvis du har en alvorlig sykdom eller bruker reseptbelagte medisiner, b\u00f8r du r\u00e5df\u00f8re deg med lege f\u00f8r bruk.<u><\/u><u><\/u><\/span><\/li>\n<li><span lang=\"DA\">Uttalelsene p\u00e5 nettstedet er ikke gjennomg\u00e5tt av den danske L\u00e6gemiddel- og F\u00f8devarestyrelsen.<u><\/u><u><\/u><\/span><\/li>\n<li><span lang=\"DA\">Produktet er ikke ment \u00e5 diagnostisere, behandle, kurere eller forebygge noen sykdom.<u><\/u><u><\/u><\/span><\/li>\n<li><span lang=\"DA\">Resultatene kan variere og vil ikke v\u00e6re de samme for alle<\/span><\/li>\n<\/ul>\n","protected":false},"excerpt":{"rendered":"<p>Hvis du driver med utholdenhetsidrett, er det viktig \u00e5 sikre salt- og v\u00e6skebalansen!<\/p>\n","protected":false},"featured_media":80482,"comment_status":"closed","ping_status":"closed","template":"","meta":{"_acf_changed":false},"product_brand":[],"product_cat":[2477,2232,1937,2234,2471],"product_tag":[2469],"class_list":{"0":"post-80480","1":"product","2":"type-product","3":"status-publish","4":"has-post-thumbnail","6":"product_cat-kapsler-no","7":"product_cat-kosttilskudd","8":"product_cat-merkevarer","9":"product_cat-mineraler-og-diverse","10":"product_cat-ren-kraft","11":"product_tag-ren-kraft","13":"first","14":"instock","15":"taxable","16":"shipping-taxable","17":"purchasable","18":"product-type-simple"},"acf":[],"_links":{"self":[{"href":"https:\/\/fysiolab.dk\/no\/wp-json\/wp\/v2\/product\/80480","targetHints":{"allow":["GET"]}}],"collection":[{"href":"https:\/\/fysiolab.dk\/no\/wp-json\/wp\/v2\/product"}],"about":[{"href":"https:\/\/fysiolab.dk\/no\/wp-json\/wp\/v2\/types\/product"}],"replies":[{"embeddable":true,"href":"https:\/\/fysiolab.dk\/no\/wp-json\/wp\/v2\/comments?post=80480"}],"wp:featuredmedia":[{"embeddable":true,"href":"https:\/\/fysiolab.dk\/no\/wp-json\/wp\/v2\/media\/80482"}],"wp:attachment":[{"href":"https:\/\/fysiolab.dk\/no\/wp-json\/wp\/v2\/media?parent=80480"}],"wp:term":[{"taxonomy":"product_brand","embeddable":true,"href":"https:\/\/fysiolab.dk\/no\/wp-json\/wp\/v2\/product_brand?post=80480"},{"taxonomy":"product_cat","embeddable":true,"href":"https:\/\/fysiolab.dk\/no\/wp-json\/wp\/v2\/product_cat?post=80480"},{"taxonomy":"product_tag","embeddable":true,"href":"https:\/\/fysiolab.dk\/no\/wp-json\/wp\/v2\/product_tag?post=80480"}],"curies":[{"name":"wp","href":"https:\/\/api.w.org\/{rel}","templated":true}]}}