{"id":80483,"date":"2023-07-16T13:22:54","date_gmt":"2023-07-16T11:22:54","guid":{"rendered":"https:\/\/fysiolab.dk\/product\/purepower-koffeinkapsler-90-stk\/"},"modified":"2025-12-18T09:22:06","modified_gmt":"2025-12-18T08:22:06","slug":"purepower-koffeinkapsler-90-stk","status":"publish","type":"product","link":"https:\/\/fysiolab.dk\/no\/product\/purepower-koffeinkapsler-90-stk\/","title":{"rendered":"PurePower Koffeinkapsler - 90 stk."},"content":{"rendered":"<p>Med PurePower Koffein-kapsler f\u00e5r du mer energi til treningen og presterer bedre p\u00e5 grunn av den oppkvikkende effekten av koffein. Hver kapsel inneholder 100 mg syntetisk koffein utvunnet fra naturlig guaranaekstrakt. Det har en ekstra energigivende effekt og gir en merkbar energiboost under treningen.  <\/p>\n<p>Koffein i kapsler! Kan jeg ikke bare drikke en anstendig mengde kaffe? <\/p>\n<p>Nei, dessverre. For det f\u00f8rste m\u00e5 du drikke en ganske stor mengde kaffe for \u00e5 f\u00e5 i deg samme mengde koffein som i en enkelt koffeinkapsel. For det andre har ikke koffeinet i kaffen den samme effekten som koffeinet du f\u00e5r i kapselen. Til slutt vil kaffen ogs\u00e5 skvulpe rundt i magen under trenings\u00f8kten.   <\/p>\n<p>En liten koffeinkapsel er derfor en mye enklere og mer effektiv l\u00f8sning.<\/p>\n<h2>Hvordan koffeinkapsler virker<\/h2>\n<p>N\u00e5r du tar en koffeinkapsel, tar det vanligvis 10-15 minutter f\u00f8r du kjenner effekten. Dette er tiden det tar \u00e5 absorbere koffeinet. S\u00e5 snart koffeinet er absorbert i kroppen, begynner det \u00e5 stimulere sentralnervesystemet. Du vil f\u00f8le at du er bedre i stand til \u00e5 fokusere p\u00e5 det du gj\u00f8r, og at du har mer utholdenhet.   <\/p>\n<p>Utholdenhet gjenspeiles i \u00f8kt muskelstyrke. Dette kommer frem i en studie i Journal of Strength and Conditioning Research, der deltakerne ble sammenlignet i benkpress. Resultatene viste at de som hadde inntatt koffeinkapsler, var i stand til \u00e5 prestere bedre.  <\/p>\n<h2>Ikke ta koffeinkapsler f\u00f8r m\u00f8rkets frembrudd<\/h2>\n<p>For \u00e5 f\u00e5 maksimal effekt av det syntetiske koffeinet i v\u00e5re koffeinkapsler, b\u00f8r du ta dem ca. 10-15 minutter f\u00f8r trenings\u00f8kten. Du kan ta maksimalt 3 koffeinkapsler daglig. Denne dosen b\u00f8r ikke overskrides.  <\/p>\n<p>Det anbefales heller ikke \u00e5 ta koffeinkapsler om kvelden, da dette kan f\u00f8re til d\u00e5rligere nattes\u00f8vn.<\/p>\n<p>&nbsp;<\/p>\n<h2>Kj\u00f8p koffeinkapsler hos FysioLab<\/h2>\n<p>Hvis du bestiller PurePower Koffein-kapsler, er du sikker p\u00e5 \u00e5 f\u00e5 et danskprodusert produkt som oppfyller F\u00f8devarestyrelsens krav til kosttilskudd for idrettsut\u00f8vere.<\/p>\n<p>PurePower Koffein-kapsler produseres og pakkes under kontrollerte forhold.<\/p>\n<p>Bestill i dag! Du vil motta koffeinkapslene dine i l\u00f8pet av f\u00e5 dager med posten! <\/p>\n<p>&nbsp;<\/p>\n<p>&nbsp;<\/p>\n<p>F\u00f8lgende informasjon gjelder for alle kosttilskuddsprodukter:<\/p>\n<ul type=\"disc\">\n<li><span lang=\"DA\">Produktet m\u00e5 ikke brukes av eller selges til personer under 18 \u00e5r.<u><\/u><u><\/u><\/span><\/li>\n<li><span lang=\"DA\">Hvis du har en alvorlig sykdom eller bruker reseptbelagte medisiner, b\u00f8r du r\u00e5df\u00f8re deg med lege f\u00f8r bruk.<u><\/u><u><\/u><\/span><\/li>\n<li><span lang=\"DA\">Uttalelsene p\u00e5 nettstedet er ikke gjennomg\u00e5tt av den danske L\u00e6gemiddel- og F\u00f8devarestyrelsen.<u><\/u><u><\/u><\/span><\/li>\n<li><span lang=\"DA\">Produktet er ikke ment \u00e5 diagnostisere, behandle, kurere eller forebygge noen sykdom.<u><\/u><u><\/u><\/span><\/li>\n<li><span lang=\"DA\">Resultatene kan variere og vil ikke v\u00e6re de samme for alle<\/span><\/li>\n<\/ul>\n","protected":false},"excerpt":{"rendered":"<p>Koffein har i mange \u00e5r v\u00e6rt kjent som et sentralstimulerende middel med en hurtigvirkende og energigivende effekt. Pr\u00f8v koffeinkapslene fra Pure Power og opplev effekten under treningen. <\/p>\n","protected":false},"featured_media":80488,"comment_status":"closed","ping_status":"closed","template":"","meta":{"_acf_changed":false},"product_brand":[],"product_cat":[2477,2232,1937,2234,2471],"product_tag":[2469],"class_list":{"0":"post-80483","1":"product","2":"type-product","3":"status-publish","4":"has-post-thumbnail","6":"product_cat-kapsler-no","7":"product_cat-kosttilskudd","8":"product_cat-merkevarer","9":"product_cat-mineraler-og-diverse","10":"product_cat-ren-kraft","11":"product_tag-ren-kraft","13":"first","14":"instock","15":"taxable","16":"shipping-taxable","17":"purchasable","18":"product-type-simple"},"acf":[],"_links":{"self":[{"href":"https:\/\/fysiolab.dk\/no\/wp-json\/wp\/v2\/product\/80483","targetHints":{"allow":["GET"]}}],"collection":[{"href":"https:\/\/fysiolab.dk\/no\/wp-json\/wp\/v2\/product"}],"about":[{"href":"https:\/\/fysiolab.dk\/no\/wp-json\/wp\/v2\/types\/product"}],"replies":[{"embeddable":true,"href":"https:\/\/fysiolab.dk\/no\/wp-json\/wp\/v2\/comments?post=80483"}],"wp:featuredmedia":[{"embeddable":true,"href":"https:\/\/fysiolab.dk\/no\/wp-json\/wp\/v2\/media\/80488"}],"wp:attachment":[{"href":"https:\/\/fysiolab.dk\/no\/wp-json\/wp\/v2\/media?parent=80483"}],"wp:term":[{"taxonomy":"product_brand","embeddable":true,"href":"https:\/\/fysiolab.dk\/no\/wp-json\/wp\/v2\/product_brand?post=80483"},{"taxonomy":"product_cat","embeddable":true,"href":"https:\/\/fysiolab.dk\/no\/wp-json\/wp\/v2\/product_cat?post=80483"},{"taxonomy":"product_tag","embeddable":true,"href":"https:\/\/fysiolab.dk\/no\/wp-json\/wp\/v2\/product_tag?post=80483"}],"curies":[{"name":"wp","href":"https:\/\/api.w.org\/{rel}","templated":true}]}}