{"id":80484,"date":"2023-07-16T13:20:33","date_gmt":"2023-07-16T11:20:33","guid":{"rendered":"https:\/\/fysiolab.dk\/product\/procare-lace-up-haandleddsstoette-for-haandleddet\/"},"modified":"2025-12-18T09:22:07","modified_gmt":"2025-12-18T08:22:07","slug":"procare-lace-up-haandleddsstoette-for-haandleddet","status":"publish","type":"product","link":"https:\/\/fysiolab.dk\/no\/product\/procare-lace-up-haandleddsstoette-for-haandleddet\/","title":{"rendered":"Procare Lace Up h\u00e5ndleddsst\u00f8tte for h\u00e5ndleddet"},"content":{"rendered":"<h4><strong>Optimal anvendelse<\/strong><\/h4>\n<p>Procare Lace Up Wrist Support er laget av perforert semsket skinn\/flanell. H\u00e5ndleddsst\u00f8tten har en enkel sn\u00f8relukking som gj\u00f8r det enkelt \u00e5 lukke den med \u00e9n h\u00e5nd. Lukkingen sikrer optimal beskyttelse og passform for h\u00e5nd og h\u00e5ndledd. Bandasjen er ideell for h\u00e5ndleddsforstuinger og karpaltunnelsyndrom.     <strong>Bandasjen har en lengde p\u00e5 18 cm<\/strong><\/p>\n<p><strong>St\u00f8rrelsesguide<\/strong><\/p>\n<p><strong>M\u00e5l omkretsen av h\u00e5ndleddet der det er minst<\/strong><\/p>\n<p><a href=\"https:\/\/dev.fysiolab.dk\/wp-content\/uploads\/2025\/05\/H2.png\"><img fetchpriority=\"high\" decoding=\"async\" class=\"alignnone size-medium wp-image-202392805\" src=\"https:\/\/dev.fysiolab.dk\/wp-content\/uploads\/2025\/05\/H2-300x169.png\" alt=\"\" width=\"300\" height=\"169\" title=\"\"><\/a><\/p>\n<p><strong>Omkrets Str<\/strong><\/p>\n<p><strong>14-16,5 cm S<\/strong><\/p>\n<p><strong>16,5-19 cm M<\/strong><\/p>\n<p><strong>19-22 cm L<\/strong><\/p>\n<p><strong>&gt;22 cm XL<\/strong><\/p>\n<p>&nbsp;<\/p>\n","protected":false},"excerpt":{"rendered":"<p><strong>Procare Lace Up Wrist Support er laget av perforert semsket skinn\/flanell. H\u00e5ndleddsst\u00f8tten har en enkel sn\u00f8relukking som gj\u00f8r det enkelt \u00e5 lukke den med \u00e9n h\u00e5nd. Lukkingen sikrer optimal beskyttelse og passform for h\u00e5nd og h\u00e5ndledd. Bandasjen har en lengde p\u00e5 18 cm.   <\/strong><\/p>\n<p>https:\/\/www.youtube.com\/watch?v=uT1ZaBnbLiI<\/p>\n","protected":false},"featured_media":80496,"comment_status":"closed","ping_status":"closed","template":"","meta":{"_acf_changed":false},"product_brand":[],"product_cat":[2043,2040,2068,1937,2000,2201,2067,2070,1933,2016],"product_tag":[2264],"class_list":{"0":"post-80484","1":"product","2":"type-product","3":"status-publish","4":"has-post-thumbnail","6":"product_cat-forstuing-og-overbelastning-av-haandleddet","7":"product_cat-haand-og-haandleddsskinne","8":"product_cat-karpaltunnelsyndrom-no","9":"product_cat-merkevarer","10":"product_cat-procare-no","11":"product_cat-procare-haandledds-og-fingerbandasjer","12":"product_cat-senebetennelse","13":"product_cat-senebetennelse-i-haandleddet","14":"product_cat-skinner-og-stoetteskinner","15":"product_cat-uttak","16":"product_tag-procare-no","18":"first","19":"instock","20":"sale","21":"taxable","22":"shipping-taxable","23":"purchasable","24":"product-type-variable"},"acf":[],"_links":{"self":[{"href":"https:\/\/fysiolab.dk\/no\/wp-json\/wp\/v2\/product\/80484","targetHints":{"allow":["GET"]}}],"collection":[{"href":"https:\/\/fysiolab.dk\/no\/wp-json\/wp\/v2\/product"}],"about":[{"href":"https:\/\/fysiolab.dk\/no\/wp-json\/wp\/v2\/types\/product"}],"replies":[{"embeddable":true,"href":"https:\/\/fysiolab.dk\/no\/wp-json\/wp\/v2\/comments?post=80484"}],"wp:featuredmedia":[{"embeddable":true,"href":"https:\/\/fysiolab.dk\/no\/wp-json\/wp\/v2\/media\/80496"}],"wp:attachment":[{"href":"https:\/\/fysiolab.dk\/no\/wp-json\/wp\/v2\/media?parent=80484"}],"wp:term":[{"taxonomy":"product_brand","embeddable":true,"href":"https:\/\/fysiolab.dk\/no\/wp-json\/wp\/v2\/product_brand?post=80484"},{"taxonomy":"product_cat","embeddable":true,"href":"https:\/\/fysiolab.dk\/no\/wp-json\/wp\/v2\/product_cat?post=80484"},{"taxonomy":"product_tag","embeddable":true,"href":"https:\/\/fysiolab.dk\/no\/wp-json\/wp\/v2\/product_tag?post=80484"}],"curies":[{"name":"wp","href":"https:\/\/api.w.org\/{rel}","templated":true}]}}