{"id":80498,"date":"2023-07-16T13:21:44","date_gmt":"2023-07-16T11:21:44","guid":{"rendered":"https:\/\/fysiolab.dk\/product\/vendex-cover-leg-vanntett-beskyttelse-for-gipsbeinet-ditt\/"},"modified":"2026-02-20T22:47:31","modified_gmt":"2026-02-20T21:47:31","slug":"vendex-cover-leg-vanntett-beskyttelse-for-gipsbeinet-ditt","status":"publish","type":"product","link":"https:\/\/fysiolab.dk\/no\/product\/vendex-cover-leg-vanntett-beskyttelse-for-gipsbeinet-ditt\/","title":{"rendered":"Vendex Cover Active Leg - Vanntett beskyttelse for gipsbeinet ditt"},"content":{"rendered":"<div id=\"tab-description\" class=\"woocommerce-Tabs-panel woocommerce-Tabs-panel--description panel entry-content wc-tab\" role=\"tabpanel\" aria-labelledby=\"tab-title-description\">\n<p>Badebeskytter for gipsfot<\/p>\n<p>Hvis du \u00f8nsker \u00e5 kunne nyte en tur i vannet selv om benet ditt er i gips, b\u00f8r du velge Vendex cover. Vi har laget et 100 % vanntett overtrekk for b\u00e5de armer og ben i gips, slik at du ikke trenger \u00e5 v\u00e6re begrenset av bandasjen din. Du slipper \u00e5 bruke svarte plastposer n\u00e5r du trenger det, og du har til og med muligheten til \u00e5 bruke sv\u00f8mmebeskytteren hvis du skal ut og sv\u00f8mme.   <\/p>\n<p>&nbsp;<\/p>\n<p>Finn riktig st\u00f8rrelse for ditt Vendex-bentrekk<\/p>\n<p>P\u00e5 denne siden kan du f\u00e5 hjelp til \u00e5 finne riktig st\u00f8rrelse p\u00e5 bentrekket ditt. Vi har laget forskjellige st\u00f8rrelser slik at du kan f\u00e5 vanntett beskyttelse som passer til beinet ditt. Vi har overtrekk i XS, S, M og L. Du velger st\u00f8rrelse ut fra st\u00f8rrelsen p\u00e5 leggen din. Vi har st\u00f8rrelser fra 21-48 cm i diameter og 38-70 cm i lengde. Du kan f\u00f8lge st\u00f8rrelsesguiden v\u00e5r for \u00e5 finne et overtrekk som passer til beinet ditt.    <\/p>\n<p>Se m\u00e5leguide i bildegalleriet.<\/p>\n<\/div>\n","protected":false},"excerpt":{"rendered":"<p><strong>Med Vendex-coveret kan du bade selv om du har benet i gips. Den vanntette overflaten gj\u00f8r det mulig \u00e5 dusje eller sv\u00f8mme, selv om benet er gipset. Du kan se v\u00e5re benovertrekk p\u00e5 denne siden. Vi har overtrekk for b\u00e5de barn og voksne, slik at hele familien kan nyte et bad igjen.   <\/strong><\/p>\n","protected":false},"featured_media":105644,"comment_status":"closed","ping_status":"closed","template":"","meta":{"_acf_changed":false},"product_brand":[3151],"product_cat":[2101,2104,1937,1933,2492],"product_tag":[2493],"class_list":{"0":"post-80498","1":"product","2":"type-product","3":"status-publish","4":"has-post-thumbnail","6":"product_brand-vendex","7":"product_cat-beskyttelse-av-gips","8":"product_cat-brukket-ben-gipset-benbeskyttelse-donjoy-protection-cover","9":"product_cat-merkevarer","10":"product_cat-skinner-og-stoetteskinner","11":"product_cat-vendex-no","12":"product_tag-vendex-no","14":"first","15":"instock","16":"taxable","17":"shipping-taxable","18":"purchasable","19":"product-type-variable"},"acf":[],"_links":{"self":[{"href":"https:\/\/fysiolab.dk\/no\/wp-json\/wp\/v2\/product\/80498","targetHints":{"allow":["GET"]}}],"collection":[{"href":"https:\/\/fysiolab.dk\/no\/wp-json\/wp\/v2\/product"}],"about":[{"href":"https:\/\/fysiolab.dk\/no\/wp-json\/wp\/v2\/types\/product"}],"replies":[{"embeddable":true,"href":"https:\/\/fysiolab.dk\/no\/wp-json\/wp\/v2\/comments?post=80498"}],"wp:featuredmedia":[{"embeddable":true,"href":"https:\/\/fysiolab.dk\/no\/wp-json\/wp\/v2\/media\/105644"}],"wp:attachment":[{"href":"https:\/\/fysiolab.dk\/no\/wp-json\/wp\/v2\/media?parent=80498"}],"wp:term":[{"taxonomy":"product_brand","embeddable":true,"href":"https:\/\/fysiolab.dk\/no\/wp-json\/wp\/v2\/product_brand?post=80498"},{"taxonomy":"product_cat","embeddable":true,"href":"https:\/\/fysiolab.dk\/no\/wp-json\/wp\/v2\/product_cat?post=80498"},{"taxonomy":"product_tag","embeddable":true,"href":"https:\/\/fysiolab.dk\/no\/wp-json\/wp\/v2\/product_tag?post=80498"}],"curies":[{"name":"wp","href":"https:\/\/api.w.org\/{rel}","templated":true}]}}