{"id":80510,"date":"2023-07-16T13:21:43","date_gmt":"2023-07-16T11:21:43","guid":{"rendered":"https:\/\/fysiolab.dk\/product\/vendex-cover-arm-badebeskyttelse-for-arm-i-gips\/"},"modified":"2026-02-20T23:49:43","modified_gmt":"2026-02-20T22:49:43","slug":"vendex-cover-arm-badebeskyttelse-for-arm-i-gips","status":"publish","type":"product","link":"https:\/\/fysiolab.dk\/no\/product\/vendex-cover-arm-badebeskyttelse-for-arm-i-gips\/","title":{"rendered":"Vendex Cover Active Arm - Vanntett beskyttelse for armen"},"content":{"rendered":"<div id=\"tab-description\" class=\"woocommerce-Tabs-panel woocommerce-Tabs-panel--description panel entry-content wc-tab\" role=\"tabpanel\" aria-labelledby=\"tab-title-description\">\n<h2>Finn st\u00f8rrelsen p\u00e5 Vendex-dekselarmen din<\/h2>\n<p>Hvis du trenger fullstendig vanntett beskyttelse for gipsen, velger du en st\u00f8rrelse som passer til armen din. Du vil at det skal sitte tett p\u00e5 armen slik at det ikke kommer vann inn. Vi har Vendex-armtrekk i XS, S, M og L. For \u00e5 finne riktig st\u00f8rrelse m\u00e5 du m\u00e5le diameteren og lengden p\u00e5 armen din. Vi har st\u00f8rrelser fra 16-48 cm i diameter og 60-80 cm i lengde.   <\/p>\n<h2>Pr\u00f8v Vendex cover vanntett dusjpose for arm<\/h2>\n<p>Vi har laget en vanntett dusjpose slik at du kan nyte en sv\u00f8mmetur med brukket arm. Vi har designet trekket slik at det er plass til skinner eller andre beskyttende bandasjer. P\u00e5 denne siden finner du Vendex-trekk for voksne og barn, slik at hele familien kan nyte vannet igjen. Pr\u00f8v Vendex-trekk og f\u00e5 100 % vanntett beskyttelse for gipsarmen din. Vi har ogs\u00e5 overtrekk for ben hvis du \u00f8nsker \u00e5 sv\u00f8mme med et brukket ben.    <\/p>\n<\/div>\n","protected":false},"excerpt":{"rendered":"<p>Hvis du har brukket armen og er gipset, kjenner du sikkert til utfordringene med \u00e5 dusje. N\u00e5 slipper du \u00e5 knyte svarte plastposer rundt armen n\u00e5r du skal under vann. Med Vendex armtrekk f\u00e5r du 100 % vanntett badebeskyttelse til gipsarmen din. Den vanntette posen for brukket arm gj\u00f8r at du kan dusje og sv\u00f8mme i bassenget. Pr\u00f8v Vendex armtrekk i dag og nyt en sv\u00f8mmetur igjen.    <\/p>\n","protected":false},"featured_media":105761,"comment_status":"closed","ping_status":"closed","template":"","meta":{"_acf_changed":false},"product_brand":[3151],"product_cat":[2101,2102,1937,1933,2492],"product_tag":[2493],"class_list":{"0":"post-80510","1":"product","2":"type-product","3":"status-publish","4":"has-post-thumbnail","6":"product_brand-vendex","7":"product_cat-beskyttelse-av-gips","8":"product_cat-brukket-arm-arm-i-gips","9":"product_cat-merkevarer","10":"product_cat-skinner-og-stoetteskinner","11":"product_cat-vendex-no","12":"product_tag-vendex-no","14":"first","15":"instock","16":"taxable","17":"shipping-taxable","18":"purchasable","19":"product-type-variable"},"acf":[],"_links":{"self":[{"href":"https:\/\/fysiolab.dk\/no\/wp-json\/wp\/v2\/product\/80510","targetHints":{"allow":["GET"]}}],"collection":[{"href":"https:\/\/fysiolab.dk\/no\/wp-json\/wp\/v2\/product"}],"about":[{"href":"https:\/\/fysiolab.dk\/no\/wp-json\/wp\/v2\/types\/product"}],"replies":[{"embeddable":true,"href":"https:\/\/fysiolab.dk\/no\/wp-json\/wp\/v2\/comments?post=80510"}],"wp:featuredmedia":[{"embeddable":true,"href":"https:\/\/fysiolab.dk\/no\/wp-json\/wp\/v2\/media\/105761"}],"wp:attachment":[{"href":"https:\/\/fysiolab.dk\/no\/wp-json\/wp\/v2\/media?parent=80510"}],"wp:term":[{"taxonomy":"product_brand","embeddable":true,"href":"https:\/\/fysiolab.dk\/no\/wp-json\/wp\/v2\/product_brand?post=80510"},{"taxonomy":"product_cat","embeddable":true,"href":"https:\/\/fysiolab.dk\/no\/wp-json\/wp\/v2\/product_cat?post=80510"},{"taxonomy":"product_tag","embeddable":true,"href":"https:\/\/fysiolab.dk\/no\/wp-json\/wp\/v2\/product_tag?post=80510"}],"curies":[{"name":"wp","href":"https:\/\/api.w.org\/{rel}","templated":true}]}}