{"id":80511,"date":"2023-07-16T13:20:33","date_gmt":"2023-07-16T11:20:33","guid":{"rendered":"https:\/\/fysiolab.dk\/product\/recovery-berry-citrus-1-kg\/"},"modified":"2025-12-18T09:22:07","modified_gmt":"2025-12-18T08:22:07","slug":"recovery-berry-citrus-1-kg","status":"publish","type":"product","link":"https:\/\/fysiolab.dk\/no\/product\/recovery-berry-citrus-1-kg\/","title":{"rendered":"Recovery Berry\/Citrus - 400 g"},"content":{"rendered":"<p>RECOVERY-pulver med b\u00e6r- og sitrussmak gir kroppen et viktig protein- og karbohydrattilskudd for restitusjon etter trening eller konkurranse.<\/p>\n<p class=\"emp_addtocartevent\">Dette gir kroppen de beste forutsetningene for \u00e5 maksimere effekten av anstrengelsene dine.<\/p>\n<p>N\u00e5r du har prestert ditt beste, enten det er under en hard trenings\u00f8kt eller en konkurranse, trenger kroppens muskler \u00e5 restituere seg. Da gjenoppbygges muskelfibrene som har blitt belastet under anstrengelsen. Samtidig trenger kroppen ny energi for \u00e5 optimalisere restitusjonen.  <\/p>\n<p>Derfor er det viktig at den har tilgang til rikelige mengder protein og karbohydrater.<\/p>\n<h4><strong>RECOVERY-pulver med proteiner og karbohydrater<\/strong><\/h4>\n<p>For \u00e5 sikre dette kan du ta en shake med v\u00e5rt RECOVERY-pulver. Det tilf\u00f8rer kroppen de essensielle proteinene og karbohydratene som trengs for restitusjon. Samtidig f\u00e5r du en deilig og forfriskende opplevelse med den deilige b\u00e6r- og sitrussmaken.  <\/p>\n<p>Proteinene i pulveret kommer fra mysekonsentrat og -isolat. Under restitusjon brytes de ned til aminosyrer, som brukes til \u00e5 gjenoppbygge muskelfibrene. <\/p>\n<p>Nedbrytningen av proteiner krever energi. Men etter en lang og intens prestasjon er kroppens energilagre ofte helt t\u00f8mt. S\u00e5 hvis du bare tilf\u00f8rer kroppen proteiner, m\u00e5 kroppen jobbe enda hardere for \u00e5 omdanne dem til de viktige aminosyrene. Dette reduserer effekten av proteintilskuddet, slik at du ikke f\u00e5r optimal restitusjon.   <\/p>\n<p>Derfor har vi tilsatt n\u00f8ye utvalgte raske karbohydrater i form av fruktose, isomaltulose og maltodextrin i RECOVERY-pulveret. Dette gir en ekstra energiboost til nedbrytningen av proteiner, og hjelper kroppen din med \u00e5 restituere optimalt. <\/p>\n<h4><strong>Et flott tilskudd for \u00e5 bygge muskler<\/strong><\/h4>\n<p>RECOVERY-pulveret kan brukes hver gang du har trent kroppens muskler optimalt. Det gir dem de beste forutsetninger for \u00e5 restituere seg og \u00f8ke styrken. Da er de klare til neste gang du skal yte maksimalt.  <\/p>\n<p>RECOVERY-pulveret er ogs\u00e5 ideelt for deg som bygger muskelmasse. Jo lettere kroppen f\u00e5r tilgang til proteiner og karbohydrater etter en trenings\u00f8kt, desto lettere kan den gjenoppbygge og \u00f8ke muskelmassen. <\/p>\n<p>Proteinene i v\u00e5rt RECOVERY-pulver er n\u00f8ye utvalgt for \u00e5 gi en god aminosyreprofil etter at de har blitt brutt ned under restitusjon. Dette bidrar til \u00e5 gi kroppen din de aller beste forutsetningene for \u00e5 gjenoppbygge muskelmasse. <\/p>\n<h4><strong>Slik blander du den beste RECOVERY-shaken<\/strong><\/h4>\n<p>For \u00e5 f\u00e5 mest mulig optimal effekt av RECOVERY-shaken din, b\u00f8r du tilsette ca. 80 gram pulver per liter vann. Hvis du har en beholder p\u00e5 750 ml, trenger du alts\u00e5 60 gram pulver. Hvis du har en halvlitersbeholder, trenger du 40 gram.  <\/p>\n<p>Oppbevar RECOVERY-pulveret p\u00e5 et t\u00f8rt og ikke for varmt sted, utilgjengelig for barn.<\/p>\n<h4><strong>Danskprodusert<\/strong><\/h4>\n<p>N\u00e5r du kj\u00f8per PurePower RECOVERY-pulver, f\u00e5r du et danskprodusert produkt. Det betyr at du kan v\u00e6re sikker p\u00e5 at pulveret er produsert under kontrollerte forhold. Og innholdet oppfyller Mattilsynets krav til kosttilskudd som er rettet mot personer som trener og driver sport p\u00e5 et seri\u00f8st niv\u00e5.  <\/p>\n<p>&nbsp;<\/p>\n<div class=\"row\">\n<div class=\"col-s-4 col-m-6 col-l-6 col-xl-12\" data-mh=\"text-item\">\n<div>\n<p><strong>Bruksomr\u00e5der:<\/strong><br \/>\nFor idrettsut\u00f8vere umiddelbart etter trening for raskere restitusjon. Inntak av protein i kombinasjon med karbohydrater sikrer at aminosyrene er tilgjengelige for \u00e5 starte restitusjonen s\u00e5 snart treningen er over, eller alternativt n\u00e5r du kommer ned fra pallen etter en seier. <\/p>\n<p><strong>Bruksanvisning:<\/strong><br \/>\nRecovery ristes lett med vann og inntas etter fysisk aktivitet. L\u00f8s opp 60 g pulver i 750 ml vann eller 40 g pulver i 500 ml vann. En 50 ml doseringsskje\/beger inneholder ca. 35 g Recovery.  <\/p>\n<\/div>\n<\/div>\n<\/div>\n<p>&nbsp;<\/p>\n<p>&nbsp;<\/p>\n<p>F\u00f8lgende informasjon gjelder for alle kosttilskuddsprodukter:<\/p>\n<ul type=\"disc\">\n<li><span lang=\"DA\">Produktet m\u00e5 ikke brukes av eller selges til personer under 18 \u00e5r.<u><\/u><u><\/u><\/span><\/li>\n<li><span lang=\"DA\">Hvis du har en alvorlig sykdom eller bruker reseptbelagte medisiner, b\u00f8r du r\u00e5df\u00f8re deg med lege f\u00f8r bruk.<u><\/u><u><\/u><\/span><\/li>\n<li><span lang=\"DA\">Uttalelsene p\u00e5 nettstedet er ikke gjennomg\u00e5tt av den danske L\u00e6gemiddel- og F\u00f8devarestyrelsen.<u><\/u><u><\/u><\/span><\/li>\n<li><span lang=\"DA\">Produktet er ikke ment \u00e5 diagnostisere, behandle, kurere eller forebygge noen sykdom.<u><\/u><u><\/u><\/span><\/li>\n<li><span lang=\"DA\">Resultatene kan variere og vil ikke v\u00e6re de samme for alle<\/span><\/li>\n<\/ul>\n","protected":false},"excerpt":{"rendered":"<p>RECOVERY-pulver med b\u00e6r- og sitrussmak tilf\u00f8rer kroppen et viktig protein- og karbohydrattilskudd som gir kroppen de beste forutsetninger for optimal restitusjon etter trening eller konkurranse.<\/p>\n<p class=\"emp_addtocartevent\">\n","protected":false},"featured_media":80522,"comment_status":"closed","ping_status":"closed","template":"","meta":{"_acf_changed":false},"product_brand":[],"product_cat":[2494,2232,1937,2475,2471],"product_tag":[2469],"class_list":{"0":"post-80511","1":"product","2":"type-product","3":"status-publish","4":"has-post-thumbnail","6":"product_cat-gjenoppretting","7":"product_cat-kosttilskudd","8":"product_cat-merkevarer","9":"product_cat-protein-no","10":"product_cat-ren-kraft","11":"product_tag-ren-kraft","13":"first","14":"instock","15":"taxable","16":"shipping-taxable","17":"purchasable","18":"product-type-simple"},"acf":[],"_links":{"self":[{"href":"https:\/\/fysiolab.dk\/no\/wp-json\/wp\/v2\/product\/80511","targetHints":{"allow":["GET"]}}],"collection":[{"href":"https:\/\/fysiolab.dk\/no\/wp-json\/wp\/v2\/product"}],"about":[{"href":"https:\/\/fysiolab.dk\/no\/wp-json\/wp\/v2\/types\/product"}],"replies":[{"embeddable":true,"href":"https:\/\/fysiolab.dk\/no\/wp-json\/wp\/v2\/comments?post=80511"}],"wp:featuredmedia":[{"embeddable":true,"href":"https:\/\/fysiolab.dk\/no\/wp-json\/wp\/v2\/media\/80522"}],"wp:attachment":[{"href":"https:\/\/fysiolab.dk\/no\/wp-json\/wp\/v2\/media?parent=80511"}],"wp:term":[{"taxonomy":"product_brand","embeddable":true,"href":"https:\/\/fysiolab.dk\/no\/wp-json\/wp\/v2\/product_brand?post=80511"},{"taxonomy":"product_cat","embeddable":true,"href":"https:\/\/fysiolab.dk\/no\/wp-json\/wp\/v2\/product_cat?post=80511"},{"taxonomy":"product_tag","embeddable":true,"href":"https:\/\/fysiolab.dk\/no\/wp-json\/wp\/v2\/product_tag?post=80511"}],"curies":[{"name":"wp","href":"https:\/\/api.w.org\/{rel}","templated":true}]}}