{"id":80523,"date":"2023-07-16T13:20:56","date_gmt":"2023-07-16T11:20:56","guid":{"rendered":"https:\/\/fysiolab.dk\/product\/state-energy-proevepakke-12-stk\/"},"modified":"2025-12-18T09:22:07","modified_gmt":"2025-12-18T08:22:07","slug":"state-energy-proevepakke-12-stk","status":"publish","type":"product","link":"https:\/\/fysiolab.dk\/no\/product\/state-energy-proevepakke-12-stk\/","title":{"rendered":"State Energy - Pr\u00f8vepakke - 10 stk."},"content":{"rendered":"<p><strong>Lime\/Orange, Ananas, Pasjonsfrukt, Ananas Zero og Lime\/Orange zero.<\/strong><\/p>\n<p>Har du ikke funnet din State Energy-favoritt enn\u00e5? Pr\u00f8v 5 smaker fra State Energy i en pr\u00f8vepakke. I esken finner du 2 av hver av de 5 deilige energidrikkene fra State Energy. Se nedenfor hvilke:   <\/p>\n<p><strong>Boksen inneholder:<\/strong><\/p>\n<p><strong>2 x Lime\/oransje<\/strong><\/p>\n<p><strong>2 x ananas<\/strong><\/p>\n<p><strong>2 x pasjonsfrukt<\/strong><\/p>\n<p><strong>2 x Ananas Zero<\/strong><\/p>\n<p><strong>2 x Lime\/oransje null<\/strong><\/p>\n<p>&nbsp;<\/p>\n<p>Neste gang du bestiller en eske State Energy, vil du ikke v\u00e6re i tvil om hvilken som er din favoritt.<\/p>\n<p>&nbsp;<\/p>\n<p>&nbsp;<\/p>\n<p>&nbsp;<\/p>\n<p>F\u00f8lgende informasjon gjelder for alle kosttilskuddsprodukter:<\/p>\n<ul type=\"disc\">\n<li><span lang=\"DA\">Produktet m\u00e5 ikke brukes av eller selges til personer under 18 \u00e5r.<u><\/u><u><\/u><\/span><\/li>\n<li><span lang=\"DA\">Hvis du har en alvorlig sykdom eller bruker reseptbelagte medisiner, b\u00f8r du r\u00e5df\u00f8re deg med lege f\u00f8r bruk.<u><\/u><u><\/u><\/span><\/li>\n<li><span lang=\"DA\">Uttalelsene p\u00e5 nettstedet er ikke gjennomg\u00e5tt av den danske L\u00e6gemiddel- og F\u00f8devarestyrelsen.<u><\/u><u><\/u><\/span><\/li>\n<li><span lang=\"DA\">Produktet er ikke ment \u00e5 diagnostisere, behandle, kurere eller forebygge noen sykdom.<u><\/u><u><\/u><\/span><\/li>\n<li><span lang=\"DA\">Resultatene kan variere og vil ikke v\u00e6re de samme for alle<\/span><\/li>\n<\/ul>\n<p>&nbsp;<\/p>\n<p>&nbsp;<\/p>\n","protected":false},"excerpt":{"rendered":"<p><strong>Hvilken State Energy er din favoritt? Kj\u00f8p en eske med 10 energidrikker med 2 av hver og nyt 5 deilige smaker fra State Energy.<br \/>\n<\/strong><\/p>\n<p><strong>Lime\/Orange, Ananas, Pasjonsfrukt, Ananas Zero og Lime\/Orange Zero.<\/strong><\/p>\n","protected":false},"featured_media":80525,"comment_status":"closed","ping_status":"closed","template":"","meta":{"_acf_changed":false},"product_brand":[],"product_cat":[2483,2232,2479,1937,1941,2482,2484],"product_tag":[2485],"class_list":{"0":"post-80523","1":"product","2":"type-product","3":"status-publish","4":"has-post-thumbnail","6":"product_cat-energidrikk","7":"product_cat-kosttilskudd","8":"product_cat-kosttilskudd-no","9":"product_cat-merkevarer","10":"product_cat-rekonvalesens-og-sportspleie","11":"product_cat-statlig-energi","12":"product_cat-statlig-energi-no","13":"product_tag-delstaten","15":"first","16":"instock","17":"taxable","18":"shipping-taxable","19":"purchasable","20":"product-type-simple"},"acf":[],"_links":{"self":[{"href":"https:\/\/fysiolab.dk\/no\/wp-json\/wp\/v2\/product\/80523","targetHints":{"allow":["GET"]}}],"collection":[{"href":"https:\/\/fysiolab.dk\/no\/wp-json\/wp\/v2\/product"}],"about":[{"href":"https:\/\/fysiolab.dk\/no\/wp-json\/wp\/v2\/types\/product"}],"replies":[{"embeddable":true,"href":"https:\/\/fysiolab.dk\/no\/wp-json\/wp\/v2\/comments?post=80523"}],"wp:featuredmedia":[{"embeddable":true,"href":"https:\/\/fysiolab.dk\/no\/wp-json\/wp\/v2\/media\/80525"}],"wp:attachment":[{"href":"https:\/\/fysiolab.dk\/no\/wp-json\/wp\/v2\/media?parent=80523"}],"wp:term":[{"taxonomy":"product_brand","embeddable":true,"href":"https:\/\/fysiolab.dk\/no\/wp-json\/wp\/v2\/product_brand?post=80523"},{"taxonomy":"product_cat","embeddable":true,"href":"https:\/\/fysiolab.dk\/no\/wp-json\/wp\/v2\/product_cat?post=80523"},{"taxonomy":"product_tag","embeddable":true,"href":"https:\/\/fysiolab.dk\/no\/wp-json\/wp\/v2\/product_tag?post=80523"}],"curies":[{"name":"wp","href":"https:\/\/api.w.org\/{rel}","templated":true}]}}