{"id":80524,"date":"2023-07-16T13:20:33","date_gmt":"2023-07-16T11:20:33","guid":{"rendered":"https:\/\/fysiolab.dk\/product\/myseprotein-kakao-1-kg\/"},"modified":"2025-12-18T09:22:07","modified_gmt":"2025-12-18T08:22:07","slug":"myseprotein-kakao-1-kg","status":"publish","type":"product","link":"https:\/\/fysiolab.dk\/no\/product\/myseprotein-kakao-1-kg\/","title":{"rendered":"Whey protein kakao - 400 g"},"content":{"rendered":"<p>PROTEIN med kakaosmak gir deg et smakfullt myseproteintilskudd. Bland pulveret med smaksatt v\u00e6ske, skyr eller lignende. Bestill i dag og nyt den gode smaken og effekten av proteintilskuddet i l\u00f8pet av noen f\u00e5 dager.  <\/p>\n<p>PROTEIN fra PurePower er det optimale valget for deg som trener seri\u00f8st for \u00e5 bygge muskelmasse eller \u00f8nsker \u00e5 sikre best mulig restitusjon av musklene dine etter trening.<\/p>\n<p>Tilskuddet gir kroppen lettere tilgang til proteiner, som den deretter omdanner til aminosyrer. Aminosyrene brukes til \u00e5 bygge opp igjen muskelvevet som har blitt belastet under trenings\u00f8kten. <\/p>\n<h4><strong>Hvorfor du b\u00f8r bruke proteinpulver<\/strong><\/h4>\n<p>N\u00e5r du trener hardt, blir som nevnt kroppens muskler anstrengt eller direkte skadet. Deretter vil kroppen begynne \u00e5 reparere disse skadene. <\/p>\n<p>For \u00e5 reparere muskelvev trenger kroppen noen spesielle aminosyrer. De \"utvinnes\" ved \u00e5 bryte ned noen av proteinene vi f\u00e5r fra kostholdet v\u00e5rt. <\/p>\n<p>Ved \u00e5 innta et proteintilskudd, som PROTEIN med kakaosmak, gir du kroppen lettere tilgang til \u00e5 danne de essensielle aminosyrene den trenger for \u00e5 gjenoppbygge muskelvevet.<\/p>\n<p>Tilskuddet inneholder en mer konsentrert mengde protein enn vanlige proteinkilder som kj\u00f8tt og melk. Dette gj\u00f8r det rimeligere for deg \u00e5 f\u00e5 i deg rikelig med protein, slik at du kan maksimere utbyttet av treningen din. <\/p>\n<h4>Slik tilbereder du PROTEIN med kakaosmak<\/h4>\n<p>N\u00e5r du inntar proteintilskuddet ditt, kan du blande det med usmakede v\u00e6sker som melk, skyr, yoghurt eller lignende. P\u00e5 denne m\u00e5ten brukes PROTEIN med kakaosmak b\u00e5de som smakstilsetning og gir kroppen din tilgang til ekstra protein. <\/p>\n<p>Bland for eksempel 40 g PROTEIN med kakaosmak med 2-3 dl skummet- eller lettmelk i en shaker, og nyt den deilige smaken av deilig kakao. Tilsett noen isbiter i drikken for \u00e5 holde den kj\u00f8lig og gj\u00f8re den enda bedre. <\/p>\n<p>Du kan ogs\u00e5 tilsette 40 g proteinpulver i 2 dl skyr og spise det som et deilig mellomm\u00e5ltid - eller til frokost. Det vil gi deg en mye bedre start p\u00e5 dagen. <\/p>\n<p>Proteinpulver er imidlertid ikke et universalmiddel. I tillegg til et ekstra proteintilskudd b\u00f8r du derfor alltid huske \u00e5 spise sunt og variert hvis du vil maksimere effekten av treningen din. <\/p>\n<p>MERK: PROTEIN med kakaosmak er basert p\u00e5 myseprotein. Hvis du ikke t\u00e5ler meieriprodukter, b\u00f8r du derfor velge en annen type proteintilskudd. <\/p>\n<h4><strong>Milj\u00f8vennlig<br \/>\n<\/strong><\/h4>\n<p>N\u00e5r du kj\u00f8per myseproteinpulver fra PurePower, f\u00e5r du bestillingen din i poser som er laget av milj\u00f8vennlige plastprodukter. Samtidig blir det mye enklere \u00e5 h\u00e5ndtere proteinpulveret i hverdagen. Det tar mindre plass i sportsbagen og skapet n\u00e5r du har det i en pose.  <\/p>\n<h4><strong>Kj\u00f8p PROTEIN med kakaosmak<br \/>\n<\/strong><\/h4>\n<p>N\u00e5r du kj\u00f8per Purepower ValleProtein med kakaosmak, f\u00e5r du ogs\u00e5 st\u00f8rre trygghet. Alle PurePower-produkter produseres under kontrollerte forhold her i Danmark. Derfor kan du v\u00e6re sikker p\u00e5 at innholdet er i orden, og at produktet oppfyller F\u00f8devarestyrelsens krav til kosttilskudd for idrettsut\u00f8vere.  <\/p>\n<div class=\"row\">\n<div class=\"col-s-4 col-m-6 col-l-6 col-xl-12\" data-mh=\"text-item\">\n<p>&nbsp;<\/p>\n<p><strong>Bruksanvisning:  <\/strong><\/p>\n<p>Pulveret blandes med \u00f8nsket mengde v\u00e6ske. Type og mengde v\u00e6ske kan varieres etter smak og behag. Tilsett eventuelt isbiter for \u00e5 kj\u00f8le ned drikken og gj\u00f8re den enda mer smaksrik. Forslag: M\u00e5l opp 40 gram proteinpulver og tilsett 2-300 ml skummet- eller lettmelk og r\u00f8r rundt. Bruksomr\u00e5der: PurePower Protein brukes som et supplement til et allerede sunt og n\u00e6ringsrikt kosthold. Kan brukes av alle som \u00f8nsker et ekstra proteintilskudd.     <\/p>\n<\/div>\n<\/div>\n<p>&nbsp;<\/p>\n<p>&nbsp;<\/p>\n<p>&nbsp;<\/p>\n<p>F\u00f8lgende informasjon gjelder for alle kosttilskuddsprodukter:<\/p>\n<ul type=\"disc\">\n<li><span lang=\"DA\">Produktet m\u00e5 ikke brukes av eller selges til personer under 18 \u00e5r.<u><\/u><u><\/u><\/span><\/li>\n<li><span lang=\"DA\">Hvis du har en alvorlig sykdom eller bruker reseptbelagte medisiner, b\u00f8r du r\u00e5df\u00f8re deg med lege f\u00f8r bruk.<u><\/u><u><\/u><\/span><\/li>\n<li><span lang=\"DA\">Uttalelsene p\u00e5 nettstedet er ikke gjennomg\u00e5tt av den danske L\u00e6gemiddel- og F\u00f8devarestyrelsen.<u><\/u><u><\/u><\/span><\/li>\n<li><span lang=\"DA\">Produktet er ikke ment \u00e5 diagnostisere, behandle, kurere eller forebygge noen sykdom.<u><\/u><u><\/u><\/span><\/li>\n<li><span lang=\"DA\">Resultatene kan variere og vil ikke v\u00e6re de samme for alle<\/span><\/li>\n<\/ul>\n","protected":false},"excerpt":{"rendered":"<p>ValleProtein er perfekt n\u00e5r du trener for \u00e5 bygge muskelmasse og n\u00e5r du trenger den beste restitusjonen for musklene dine etter trening.<\/p>\n","protected":false},"featured_media":80527,"comment_status":"closed","ping_status":"closed","template":"","meta":{"_acf_changed":false},"product_brand":[],"product_cat":[2232,1937,2475,2480,2471],"product_tag":[2469],"class_list":{"0":"post-80524","1":"product","2":"type-product","3":"status-publish","4":"has-post-thumbnail","6":"product_cat-kosttilskudd","7":"product_cat-merkevarer","8":"product_cat-protein-no","9":"product_cat-proteinpulver-no","10":"product_cat-ren-kraft","11":"product_tag-ren-kraft","13":"first","14":"instock","15":"sale","16":"taxable","17":"shipping-taxable","18":"purchasable","19":"product-type-simple"},"acf":[],"_links":{"self":[{"href":"https:\/\/fysiolab.dk\/no\/wp-json\/wp\/v2\/product\/80524","targetHints":{"allow":["GET"]}}],"collection":[{"href":"https:\/\/fysiolab.dk\/no\/wp-json\/wp\/v2\/product"}],"about":[{"href":"https:\/\/fysiolab.dk\/no\/wp-json\/wp\/v2\/types\/product"}],"replies":[{"embeddable":true,"href":"https:\/\/fysiolab.dk\/no\/wp-json\/wp\/v2\/comments?post=80524"}],"wp:featuredmedia":[{"embeddable":true,"href":"https:\/\/fysiolab.dk\/no\/wp-json\/wp\/v2\/media\/80527"}],"wp:attachment":[{"href":"https:\/\/fysiolab.dk\/no\/wp-json\/wp\/v2\/media?parent=80524"}],"wp:term":[{"taxonomy":"product_brand","embeddable":true,"href":"https:\/\/fysiolab.dk\/no\/wp-json\/wp\/v2\/product_brand?post=80524"},{"taxonomy":"product_cat","embeddable":true,"href":"https:\/\/fysiolab.dk\/no\/wp-json\/wp\/v2\/product_cat?post=80524"},{"taxonomy":"product_tag","embeddable":true,"href":"https:\/\/fysiolab.dk\/no\/wp-json\/wp\/v2\/product_tag?post=80524"}],"curies":[{"name":"wp","href":"https:\/\/api.w.org\/{rel}","templated":true}]}}