{"id":80532,"date":"2023-07-16T13:20:10","date_gmt":"2023-07-16T11:20:10","guid":{"rendered":"https:\/\/fysiolab.dk\/product\/carbo-race-elektrolytt-appelsin-1-kg\/"},"modified":"2025-12-18T09:22:08","modified_gmt":"2025-12-18T08:22:08","slug":"carbo-race-elektrolytt-appelsin-1-kg","status":"publish","type":"product","link":"https:\/\/fysiolab.dk\/no\/product\/carbo-race-elektrolytt-appelsin-1-kg\/","title":{"rendered":"Carbo Race Elektrolytt - Appelsin - 1 kg"},"content":{"rendered":"<p>Carbo Race Electrolyte med appelsinsmak er et energipulver som er spesielt utviklet for utholdenhetsidrettsut\u00f8vere. Det er et hurtigvirkende energitilskudd som du kan ta enten f\u00f8r eller under trening eller konkurranse. <\/p>\n<h4>Rask energi slik at du ikke g\u00e5r tom for str\u00f8m<\/h4>\n<p>N\u00e5r du driver med utholdenhetsidretter som triatlon, langdistansel\u00f8ping, sv\u00f8mming eller sykling, er det spesielt viktig at kroppen din hele tiden f\u00e5r tilf\u00f8rt nok og rask energi. P\u00e5 den m\u00e5ten vil du ikke miste prestasjonsevnen. <\/p>\n<p>Carbo Race Electrolyte gir en rask energiboost fordi det er produsert av maltodextrin. Det er et karbohydrat med ekstra h\u00f8y glykemisk indeks (GI). For \u00e5 lette energiopptaket inneholder energipulveret ogs\u00e5 fruktose. Det er lettere for kroppen \u00e5 absorbere og bearbeide, slik at du f\u00e5r raskere energi til musklene.   <\/p>\n<h4>F\u00e5 et bedre grunnlag for v\u00e6skebalansen din<\/h4>\n<p>De fleste utholdenhetsidrettsut\u00f8vere presser ofte kroppen til det ytterste. Som et resultat av dette svetter de mye. Av den grunn er de ogs\u00e5 mer utsatt for \u00e5 svette s\u00e5 mye salt ut av kroppen at de f\u00e5r saltmangel.  <\/p>\n<p>N\u00e5r dette skjer, mister kroppen evnen til \u00e5 holde p\u00e5 v\u00e6ske. Dette har en betydelig innvirkning p\u00e5 prestasjonsevnen din. Selv et v\u00e6sketap p\u00e5 bare noen f\u00e5 prosent f\u00f8rer til et dramatisk fall i prestasjonsevnen p\u00e5 opptil 20 %.  <\/p>\n<p>Det \u00f8ker ogs\u00e5 risikoen for dehydrering - og n\u00e5r du er i et alvorlig saltunderskudd, kan kroppen ikke absorbere v\u00e6ske, uansett hvor mye du drikker. Dette kan sette en katastrofal stopper for dine sportslige anstrengelser. <\/p>\n<p>Det er derfor Carbo Race Electrolyte er tilsatt elektrolytter. Dette er n\u00e6ringsstoffer og mineraler som bidrar til \u00e5 opprettholde en naturlig v\u00e6skebalanse. Dette gir deg ikke bare ekstra energi, men minimerer ogs\u00e5 effektivt risikoen for dehydrering ved \u00e5 s\u00f8rge for at du f\u00e5r i deg de essensielle elektrolyttene sammen med energien.  <\/p>\n<h4>Ogs\u00e5 egnet hvis du trener p\u00e5 varme steder<\/h4>\n<p>Carbo Race Electrolyte kan ogs\u00e5 gi b\u00e5de rask energi og stabilisere v\u00e6skebalansen hvis du trener under varme forhold. Her svetter du ofte mye, akkurat som idrettsut\u00f8vere som driver med utholdenhetsidretter. <\/p>\n<h4>Dosering og oppbevaring<\/h4>\n<p>For \u00e5 f\u00e5 best mulig effekt av Carbo Race Electrolyte b\u00f8r du tilsette 60 gram energipulver for hver 750 ml vann.<\/p>\n<p>S\u00f8rg for \u00e5 oppbevare energipulveret p\u00e5 et t\u00f8rt og ikke for varmt sted. Helst utenfor barns rekkevidde. <\/p>\n<h4>Kj\u00f8p Carbo Race Elektrolytt med appelsinsmak hos FysioLab<\/h4>\n<p>N\u00e5r du bestiller Carbo Race Electrolyte Energy Powder, f\u00e5r du et danskprodusert energipulver som er produsert under kontrollerte forhold. Produktet oppfyller alle danske lovkrav og standarder for kosttilskudd. <\/p>\n<p>Bestill i dag. Da kan du f\u00e5 en velsmakende energiboost til treningen og gi kroppen de beste forutsetninger for \u00e5 opprettholde en sunn v\u00e6skebalanse. <\/p>\n<p>&nbsp;<\/p>\n<p>&nbsp;<\/p>\n<p>&nbsp;<\/p>\n<p>F\u00f8lgende informasjon gjelder for alle kosttilskuddsprodukter:<\/p>\n<ul type=\"disc\">\n<li><span lang=\"DA\">Produktet m\u00e5 ikke brukes av eller selges til personer under 18 \u00e5r.<u><\/u><u><\/u><\/span><\/li>\n<li><span lang=\"DA\">Hvis du har en alvorlig sykdom eller bruker reseptbelagte medisiner, b\u00f8r du r\u00e5df\u00f8re deg med lege f\u00f8r bruk.<u><\/u><u><\/u><\/span><\/li>\n<li><span lang=\"DA\">Uttalelsene p\u00e5 nettstedet er ikke gjennomg\u00e5tt av den danske L\u00e6gemiddel- og F\u00f8devarestyrelsen.<u><\/u><u><\/u><\/span><\/li>\n<li><span lang=\"DA\">Produktet er ikke ment \u00e5 diagnostisere, behandle, kurere eller forebygge noen sykdom.<u><\/u><u><\/u><\/span><\/li>\n<li><span lang=\"DA\">Resultatene kan variere og vil ikke v\u00e6re de samme for alle<\/span><\/li>\n<\/ul>\n<div class=\"row\">\n<div class=\"col-s-4 col-m-6 col-l-6 col-xl-12\" data-mh=\"text-item\">\n<div><\/div>\n<\/div>\n<\/div>\n","protected":false},"excerpt":{"rendered":"<p>Med Carbo Race Electrolyte f\u00e5r du b\u00e5de rask energi til utholdenhetsidrett og stabiliserer v\u00e6skebalansen med elektrolytter.<\/p>\n","protected":false},"featured_media":80536,"comment_status":"closed","ping_status":"closed","template":"","meta":{"_acf_changed":false},"product_brand":[],"product_cat":[2495,2496,2232,1937,2471],"product_tag":[2469],"class_list":{"0":"post-80532","1":"product","2":"type-product","3":"status-publish","4":"has-post-thumbnail","6":"product_cat-energipulver-no","7":"product_cat-energipulver-no-2","8":"product_cat-kosttilskudd","9":"product_cat-merkevarer","10":"product_cat-ren-kraft","11":"product_tag-ren-kraft","13":"first","14":"instock","15":"taxable","16":"shipping-taxable","17":"purchasable","18":"product-type-simple"},"acf":[],"_links":{"self":[{"href":"https:\/\/fysiolab.dk\/no\/wp-json\/wp\/v2\/product\/80532","targetHints":{"allow":["GET"]}}],"collection":[{"href":"https:\/\/fysiolab.dk\/no\/wp-json\/wp\/v2\/product"}],"about":[{"href":"https:\/\/fysiolab.dk\/no\/wp-json\/wp\/v2\/types\/product"}],"replies":[{"embeddable":true,"href":"https:\/\/fysiolab.dk\/no\/wp-json\/wp\/v2\/comments?post=80532"}],"wp:featuredmedia":[{"embeddable":true,"href":"https:\/\/fysiolab.dk\/no\/wp-json\/wp\/v2\/media\/80536"}],"wp:attachment":[{"href":"https:\/\/fysiolab.dk\/no\/wp-json\/wp\/v2\/media?parent=80532"}],"wp:term":[{"taxonomy":"product_brand","embeddable":true,"href":"https:\/\/fysiolab.dk\/no\/wp-json\/wp\/v2\/product_brand?post=80532"},{"taxonomy":"product_cat","embeddable":true,"href":"https:\/\/fysiolab.dk\/no\/wp-json\/wp\/v2\/product_cat?post=80532"},{"taxonomy":"product_tag","embeddable":true,"href":"https:\/\/fysiolab.dk\/no\/wp-json\/wp\/v2\/product_tag?post=80532"}],"curies":[{"name":"wp","href":"https:\/\/api.w.org\/{rel}","templated":true}]}}