{"id":80533,"date":"2023-07-16T13:19:46","date_gmt":"2023-07-16T11:19:46","guid":{"rendered":"https:\/\/fysiolab.dk\/product\/purepower-fruit-mix-chews-12-x-40-g\/"},"modified":"2025-12-18T09:22:09","modified_gmt":"2025-12-18T08:22:09","slug":"purepower-fruit-mix-chews-12-x-40-g","status":"publish","type":"product","link":"https:\/\/fysiolab.dk\/no\/product\/purepower-fruit-mix-chews-12-x-40-g\/","title":{"rendered":"PurePower Fruit Mix Chews 12 x 40 g"},"content":{"rendered":"<div id=\"tabs-pane1\" class=\"pane m-product-additional-info description clearfix\">\n<div data-controller=\"description\">\n<p>Energy Wine Gum er perfekt til l\u00f8ping, sykling og andre fysiske aktiviteter der du trenger ekstra energi mens du er p\u00e5 farten.<\/p>\n<p>De er en erstatning for energigel\u00e9 - bare formet som vingummi. Dette gj\u00f8r det enklere og mer smakfullt \u00e5 f\u00e5 en rask energiboost p\u00e5 farten. <\/p>\n<p>Hvis du er en seri\u00f8s triatlet, syklist eller l\u00f8per, trenger du en enkel og trygg m\u00e5te \u00e5 gi deg energi p\u00e5. For n\u00e5r det blir t\u00f8ft, m\u00e5 du kunne holde deg 100 % fokusert hele veien. Med Energy Chews trenger du ikke \u00e5 stoppe for \u00e5 innta en porsjon raske karbohydrater, slik at du slipper \u00e5 bruke un\u00f8dvendig krefter p\u00e5 \u00e5 komme opp i fart igjen.  <\/p>\n<div>\n<div>\n<p><strong>Det smarte alternativet til energigeler og energidrikker<\/strong><\/p>\n<p>I mange \u00e5r har energigel v\u00e6rt den smarte l\u00f8sningen. Den kan inntas under l\u00f8ping og sykling. Men mange liker ikke konsistensen eller finner ikke en smak de liker.  <\/p>\n<p>Hvis du faller inn i denne kategorien, er energivintyggegummi den gode nyheten.<\/p>\n<p>Den gir like mye raske karbohydrater som energigel\u00e9, er like enkel \u00e5 ta med seg p\u00e5 farten, og kommer i ulike smaker i samme pose.<\/p>\n<p>S\u00e5 det er som \u00e5 spise gummibj\u00f8rner p\u00e5 veien!<\/p>\n<p><strong>Energy Wine Gum i praktiske pakninger<\/strong><\/p>\n<p>Hos PurePower kan du kj\u00f8pe praktiske pakker med 12 stykker energigummi i hver pakke. Dette tilsvarer energien til en 40 ml energigel\u00e9. <\/p>\n<p>Hvis du vil v\u00e6re sikker p\u00e5 at du aldri g\u00e5r tom for energivintyggegummi til trening eller konkurranse, kan du kj\u00f8pe en eske med 12 poser.<\/p>\n<p>N\u00e5r du kj\u00f8per energigummi fra FysioLab, f\u00e5r du et produkt utviklet av idrettsut\u00f8vere for idrettsut\u00f8vere. Dette sikrer deg ikke bare de beste resultatene n\u00e5r det gjelder ytelse. Du f\u00e5r ogs\u00e5 et produkt som er praktisk b\u00e5de til trening og konkurranse.  <\/p>\n<\/div>\n<\/div>\n<\/div>\n<\/div>\n<p>&nbsp;<\/p>\n<p>&nbsp;<\/p>\n<p>F\u00f8lgende informasjon gjelder for alle kosttilskuddsprodukter:<\/p>\n<ul type=\"disc\">\n<li><span lang=\"DA\">Produktet m\u00e5 ikke brukes av eller selges til personer under 18 \u00e5r.<u><\/u><u><\/u><\/span><\/li>\n<li><span lang=\"DA\">Hvis du har en alvorlig sykdom eller bruker reseptbelagte medisiner, b\u00f8r du r\u00e5df\u00f8re deg med lege f\u00f8r bruk.<u><\/u><u><\/u><\/span><\/li>\n<li><span lang=\"DA\">Uttalelsene p\u00e5 nettstedet er ikke gjennomg\u00e5tt av den danske L\u00e6gemiddel- og F\u00f8devarestyrelsen.<u><\/u><u><\/u><\/span><\/li>\n<li><span lang=\"DA\">Produktet er ikke ment \u00e5 diagnostisere, behandle, kurere eller forebygge noen sykdom.<u><\/u><u><\/u><\/span><\/li>\n<li><span lang=\"DA\">Resultatene kan variere og vil ikke v\u00e6re de samme for alle<\/span><\/li>\n<\/ul>\n","protected":false},"excerpt":{"rendered":"<p>Energy Chews for trening og konkurranse! Rask energi og lett \u00e5 innta <\/p>\n","protected":false},"featured_media":80534,"comment_status":"closed","ping_status":"closed","template":"","meta":{"_acf_changed":false},"product_brand":[],"product_cat":[2497,2468,2232,1937,2471],"product_tag":[2469],"class_list":{"0":"post-80533","1":"product","2":"type-product","3":"status-publish","4":"has-post-thumbnail","6":"product_cat-energigummi","7":"product_cat-gel-og-tyggegummi","8":"product_cat-kosttilskudd","9":"product_cat-merkevarer","10":"product_cat-ren-kraft","11":"product_tag-ren-kraft","13":"first","14":"instock","15":"sale","16":"taxable","17":"shipping-taxable","18":"purchasable","19":"product-type-simple"},"acf":[],"_links":{"self":[{"href":"https:\/\/fysiolab.dk\/no\/wp-json\/wp\/v2\/product\/80533","targetHints":{"allow":["GET"]}}],"collection":[{"href":"https:\/\/fysiolab.dk\/no\/wp-json\/wp\/v2\/product"}],"about":[{"href":"https:\/\/fysiolab.dk\/no\/wp-json\/wp\/v2\/types\/product"}],"replies":[{"embeddable":true,"href":"https:\/\/fysiolab.dk\/no\/wp-json\/wp\/v2\/comments?post=80533"}],"wp:featuredmedia":[{"embeddable":true,"href":"https:\/\/fysiolab.dk\/no\/wp-json\/wp\/v2\/media\/80534"}],"wp:attachment":[{"href":"https:\/\/fysiolab.dk\/no\/wp-json\/wp\/v2\/media?parent=80533"}],"wp:term":[{"taxonomy":"product_brand","embeddable":true,"href":"https:\/\/fysiolab.dk\/no\/wp-json\/wp\/v2\/product_brand?post=80533"},{"taxonomy":"product_cat","embeddable":true,"href":"https:\/\/fysiolab.dk\/no\/wp-json\/wp\/v2\/product_cat?post=80533"},{"taxonomy":"product_tag","embeddable":true,"href":"https:\/\/fysiolab.dk\/no\/wp-json\/wp\/v2\/product_tag?post=80533"}],"curies":[{"name":"wp","href":"https:\/\/api.w.org\/{rel}","templated":true}]}}