{"id":80537,"date":"2023-07-16T13:19:46","date_gmt":"2023-07-16T11:19:46","guid":{"rendered":"https:\/\/fysiolab.dk\/product\/energy-snack-havre-12-stk\/"},"modified":"2025-12-18T09:22:09","modified_gmt":"2025-12-18T08:22:09","slug":"energy-snack-havre-12-stk","status":"publish","type":"product","link":"https:\/\/fysiolab.dk\/no\/product\/energy-snack-havre-12-stk\/","title":{"rendered":"Energy Snack Havre - 12 stk."},"content":{"rendered":"<h4>Energisnacks - n\u00e5r du trenger \u00e5 fylle p\u00e5 energidepotene!<\/h4>\n<div>Energy Snack Original med havresmak er en klassisk energibar som er en god energikilde, lett \u00e5 svelge og som smaker godt. Energibaren kan brukes b\u00e5de f\u00f8r, under og etter trening. <\/div>\n<div><\/div>\n<div>\n<p>Energy Snack har et relativt h\u00f8yt innhold av vegetabilsk fett, ettersom ekstreme langdistanseut\u00f8vere ofte forbrenner fett i kombinasjon med karbohydrater og fett.<\/p>\n<\/div>\n<div>\n<div>Bruksomr\u00e5der:<br \/>\nEn time f\u00f8r trening eller under lengre trenings\u00f8kter\/konkurranser.<\/div>\n<div>\n<div class=\"col-s-4 col-m-6 col-l-6 col-xl-12 emp_addtocartevent\" data-mh=\"text-item\">\n<div>Generell info:<br \/>\nMild smak med en myk konsistens.<\/div>\n<\/div>\n<\/div>\n<\/div>\n<div><strong>Hvorfor du b\u00f8r velge v\u00e5r Energy Snack!  <\/strong><\/div>\n<div>Energibaren har en perfekt kombinasjon av enkle karbohydrater (sukker\/sukrose) og komplekse karbohydrater (fiber\/fullkorn). Denne kombinasjonen er viktig fordi den s\u00f8rger for at energitilf\u00f8rselen fordeles jevnt over tid for optimal utnyttelse. <\/div>\n<div><\/div>\n<div><\/div>\n<div><\/div>\n<div>\n<p>F\u00f8lgende informasjon gjelder for alle kosttilskuddsprodukter:<\/p>\n<ul type=\"disc\">\n<li><span lang=\"DA\">Produktet m\u00e5 ikke brukes av eller selges til personer under 18 \u00e5r.<u><\/u><u><\/u><\/span><\/li>\n<li><span lang=\"DA\">Hvis du har en alvorlig sykdom eller bruker reseptbelagte medisiner, b\u00f8r du r\u00e5df\u00f8re deg med lege f\u00f8r bruk.<u><\/u><u><\/u><\/span><\/li>\n<li><span lang=\"DA\">Uttalelsene p\u00e5 nettstedet er ikke gjennomg\u00e5tt av den danske L\u00e6gemiddel- og F\u00f8devarestyrelsen.<u><\/u><u><\/u><\/span><\/li>\n<li><span lang=\"DA\">Produktet er ikke ment \u00e5 diagnostisere, behandle, kurere eller forebygge noen sykdom.<u><\/u><u><\/u><\/span><\/li>\n<li><span lang=\"DA\">Resultatene kan variere og vil ikke v\u00e6re de samme for alle<\/span><\/li>\n<\/ul>\n<\/div>\n","protected":false},"excerpt":{"rendered":"<ul class=\"emp_addtocartevent\">\n<li>\n<p class=\"emp_addtocartevent\">Lett \u00e5 spise uten \u00e5 innta mye v\u00e6ske<\/p>\n<\/li>\n<li>\n<p class=\"emp_addtocartevent\">God kilde til energi<\/p>\n<\/li>\n<li>Enkel i smaken, slik at du ikke g\u00e5r lei av den<\/li>\n<li>Perfekt for triatleter, syklister, sv\u00f8mmere eller andre idretter som krever ekstra energi<\/li>\n<\/ul>\n","protected":false},"featured_media":80539,"comment_status":"closed","ping_status":"closed","template":"","meta":{"_acf_changed":false},"product_brand":[],"product_cat":[2473,2474,2232,1937,2471],"product_tag":[2469],"class_list":{"0":"post-80537","1":"product","2":"type-product","3":"status-publish","4":"has-post-thumbnail","6":"product_cat-energibar-no","7":"product_cat-energibar-no-2","8":"product_cat-kosttilskudd","9":"product_cat-merkevarer","10":"product_cat-ren-kraft","11":"product_tag-ren-kraft","13":"first","14":"instock","15":"taxable","16":"shipping-taxable","17":"purchasable","18":"product-type-simple"},"acf":[],"_links":{"self":[{"href":"https:\/\/fysiolab.dk\/no\/wp-json\/wp\/v2\/product\/80537","targetHints":{"allow":["GET"]}}],"collection":[{"href":"https:\/\/fysiolab.dk\/no\/wp-json\/wp\/v2\/product"}],"about":[{"href":"https:\/\/fysiolab.dk\/no\/wp-json\/wp\/v2\/types\/product"}],"replies":[{"embeddable":true,"href":"https:\/\/fysiolab.dk\/no\/wp-json\/wp\/v2\/comments?post=80537"}],"wp:featuredmedia":[{"embeddable":true,"href":"https:\/\/fysiolab.dk\/no\/wp-json\/wp\/v2\/media\/80539"}],"wp:attachment":[{"href":"https:\/\/fysiolab.dk\/no\/wp-json\/wp\/v2\/media?parent=80537"}],"wp:term":[{"taxonomy":"product_brand","embeddable":true,"href":"https:\/\/fysiolab.dk\/no\/wp-json\/wp\/v2\/product_brand?post=80537"},{"taxonomy":"product_cat","embeddable":true,"href":"https:\/\/fysiolab.dk\/no\/wp-json\/wp\/v2\/product_cat?post=80537"},{"taxonomy":"product_tag","embeddable":true,"href":"https:\/\/fysiolab.dk\/no\/wp-json\/wp\/v2\/product_tag?post=80537"}],"curies":[{"name":"wp","href":"https:\/\/api.w.org\/{rel}","templated":true}]}}