{"id":80538,"date":"2023-07-16T13:20:10","date_gmt":"2023-07-16T11:20:10","guid":{"rendered":"https:\/\/fysiolab.dk\/product\/procare-kneeranger-ii-universal-kneskinne\/"},"modified":"2025-12-18T09:22:08","modified_gmt":"2025-12-18T08:22:08","slug":"procare-kneeranger-ii-universal-kneskinne","status":"publish","type":"product","link":"https:\/\/fysiolab.dk\/no\/product\/procare-kneeranger-ii-universal-kneskinne\/","title":{"rendered":"ProCare Kneeranger II Universal kneskinne"},"content":{"rendered":"<h4><strong>Optimal anvendelse  <\/strong><\/h4>\n<p>ProCare Kneeranger II Universal er en postoperativ kneskinne som sikrer begrenset bevegelsesutslag. Skinnen har polysentriske hengsler p\u00e5 begge sider som gj\u00f8r det enkelt \u00e5 stille inn fleksjon og ekstensjon p\u00e5 0, 15, 30, 60 og 90 grader. <\/p>\n<p><strong>Skinnen er tilgjengelig i to lengder (43 cm og 66 cm) og passer b\u00e5de til venstre og h\u00f8yre.<\/strong><\/p>\n<p><strong>  For \u00e5 finne riktig st\u00f8rrelse m\u00e5ler du fra midten av l\u00e5ret til midten av leggen, og tar den st\u00f8rrelsen som ligger n\u00e6rmest m\u00e5let ditt. Den medf\u00f8lgende skumputen tilpasses den enkelte. Kontakt FysioLab p\u00e5 92724444 for r\u00e5d og veiledning.    <\/strong><\/p>\n","protected":false},"excerpt":{"rendered":"<p><strong>ProCare Knee Ringer II Universal er en postoperativ kneskinne som sikrer begrenset bevegelsesutslag. Skinnen har polysentriske hengsler p\u00e5 begge sider som gj\u00f8r det enkelt \u00e5 stille inn fleksjon og ekstensjon p\u00e5 0, 15, 30, 60 og 90 grader.  Skinnen er tilgjengelig i to lengder (43 cm og 66 cm) og passer b\u00e5de til venstre og h\u00f8yre.<\/strong><\/p>\n<p>&nbsp;<\/p>\n","protected":false},"featured_media":80543,"comment_status":"closed","ping_status":"closed","template":"","meta":{"_acf_changed":false},"product_brand":[3139],"product_cat":[2150,2151,2148,1937,2000,2498,1933,2016],"product_tag":[2264],"class_list":{"0":"post-80538","1":"product","2":"type-product","3":"status-publish","4":"has-post-thumbnail","6":"product_brand-procare","7":"product_cat-fraktur-og-etter-kneoperasjon-postoperativ-no","8":"product_cat-immobiliserende-kneskinner","9":"product_cat-knestoetter-no","10":"product_cat-merkevarer","11":"product_cat-procare-no","12":"product_cat-procare-kneskinne","13":"product_cat-skinner-og-stoetteskinner","14":"product_cat-uttak","15":"product_tag-procare-no","17":"first","18":"instock","19":"sale","20":"taxable","21":"shipping-taxable","22":"purchasable","23":"product-type-variable"},"acf":[],"_links":{"self":[{"href":"https:\/\/fysiolab.dk\/no\/wp-json\/wp\/v2\/product\/80538","targetHints":{"allow":["GET"]}}],"collection":[{"href":"https:\/\/fysiolab.dk\/no\/wp-json\/wp\/v2\/product"}],"about":[{"href":"https:\/\/fysiolab.dk\/no\/wp-json\/wp\/v2\/types\/product"}],"replies":[{"embeddable":true,"href":"https:\/\/fysiolab.dk\/no\/wp-json\/wp\/v2\/comments?post=80538"}],"wp:featuredmedia":[{"embeddable":true,"href":"https:\/\/fysiolab.dk\/no\/wp-json\/wp\/v2\/media\/80543"}],"wp:attachment":[{"href":"https:\/\/fysiolab.dk\/no\/wp-json\/wp\/v2\/media?parent=80538"}],"wp:term":[{"taxonomy":"product_brand","embeddable":true,"href":"https:\/\/fysiolab.dk\/no\/wp-json\/wp\/v2\/product_brand?post=80538"},{"taxonomy":"product_cat","embeddable":true,"href":"https:\/\/fysiolab.dk\/no\/wp-json\/wp\/v2\/product_cat?post=80538"},{"taxonomy":"product_tag","embeddable":true,"href":"https:\/\/fysiolab.dk\/no\/wp-json\/wp\/v2\/product_tag?post=80538"}],"curies":[{"name":"wp","href":"https:\/\/api.w.org\/{rel}","templated":true}]}}