{"id":80545,"date":"2023-07-16T13:19:18","date_gmt":"2023-07-16T11:19:18","guid":{"rendered":"https:\/\/fysiolab.dk\/product\/donjoy-immoscap-ii-armslynge\/"},"modified":"2025-12-18T09:22:09","modified_gmt":"2025-12-18T08:22:09","slug":"donjoy-immoscap-ii-armslynge","status":"publish","type":"product","link":"https:\/\/fysiolab.dk\/no\/product\/donjoy-immoscap-ii-armslynge\/","title":{"rendered":"DonJoy Immoscap II armslynge"},"content":{"rendered":"<h4><strong>Optimal anvendelse<\/strong><\/h4>\n<p>DonJoy Immoscap anbefales til immobilisering etter postoperative inngrep som overarms- og kragebeinsbrudd, glenohumerale\/akromioklavikul\u00e6re dislokasjoner, skuldersubluksasjoner og rotatorcuffskader. Armslyngen kan ogs\u00e5 brukes ved frossen skulder i alle stadier. <\/p>\n<p><strong>Fordeler og funksjoner<\/strong><\/p>\n<ul>\n<li>Designet i ett stykke<\/li>\n<li>Kan brukes til b\u00e5de h\u00f8yre og venstre skulder<\/li>\n<li>Forbedret anatomisk passform over skulderen for bedre brukervennlighet og passform<\/li>\n<li>Enklere og mer intuitiv p\u00e5kledning med forbedret og mer pustende materiale<\/li>\n<li>Wrap-around-design<\/li>\n<li>Skuldermansjetten sitter tett rundt skulderleddet for \u00e5 holde det i en korrekt og n\u00f8ytral stilling. Bidrar til \u00e5 forhindre skulderrotasjon og trykk p\u00e5 nakke og kragebein <\/li>\n<li>Torsostropp gir sikker immobilisering av albueleddet og underarmen mot kroppen<\/li>\n<\/ul>\n<p><strong>St\u00f8rrelsesguide<\/strong><\/p>\n<p><strong>M\u00e5l omkretsen av brystet ved spissen av brystbenet<\/strong><\/p>\n<p><a href=\"https:\/\/dev.fysiolab.dk\/wp-content\/uploads\/2025\/05\/X3-1.png\"><img fetchpriority=\"high\" decoding=\"async\" class=\"alignnone size-medium wp-image-202393395\" src=\"https:\/\/dev.fysiolab.dk\/wp-content\/uploads\/2025\/05\/X3-1-300x169.png\" alt=\"\" width=\"300\" height=\"169\" title=\"\"><\/a><\/p>\n<p><strong>Omkrets Str<\/strong><\/p>\n<p><strong>&lt;90 cm XS<\/strong><\/p>\n<p><strong>91-100 cm S<\/strong><\/p>\n<p><strong>101-110 cm M<\/strong><\/p>\n<p><strong>111-120 cm L<\/strong><\/p>\n<p><strong>121-130 cm XL<\/strong><\/p>\n<p><strong>&gt;130 cm XXL<\/strong><\/p>\n<p>&nbsp;<\/p>\n","protected":false},"excerpt":{"rendered":"<p><strong>DonJoy Immoscap anbefales ved immobiliseringstilstander som overarms- og kragebeinsbrudd, dislokasjoner, subluksasjoner i skulderleddet og rotatormansjettskader. Armslyngen er ogs\u00e5 nyttig ved frossen skulder i alle stadier.  Passer b\u00e5de til venstre og h\u00f8yre<\/strong><\/p>\n<p>https:\/\/www.youtube.com\/watch?v=PvHfgwidvds<\/p>\n","protected":false},"featured_media":80554,"comment_status":"closed","ping_status":"closed","template":"","meta":{"_acf_changed":false},"product_brand":[3091],"product_cat":[1932,2249,2123,2270,1938,1939,2499,2125,2269,2252,1937,1933,2118],"product_tag":[2173],"class_list":{"0":"post-80545","1":"product","2":"type-product","3":"status-publish","4":"has-post-thumbnail","6":"product_brand-donjoy","7":"product_cat-albue-no","8":"product_cat-avklemmingssyndrom","9":"product_cat-brudd-og-etter-operasjon-i-skulderen","10":"product_cat-brudd-paa-kragebeinet-kragebeinsbrudd","11":"product_cat-donjoy-no","12":"product_cat-donjoy-albuestoette","13":"product_cat-donjoy-armslynge-no","14":"product_cat-donjoy-skulderstoette","15":"product_cat-forstuet-skulder","16":"product_cat-immobilisering-av-albuen","17":"product_cat-merkevarer","18":"product_cat-skinner-og-stoetteskinner","19":"product_cat-skulder-no","20":"product_tag-donjoy-no","22":"first","23":"instock","24":"taxable","25":"shipping-taxable","26":"purchasable","27":"product-type-variable"},"acf":[],"_links":{"self":[{"href":"https:\/\/fysiolab.dk\/no\/wp-json\/wp\/v2\/product\/80545","targetHints":{"allow":["GET"]}}],"collection":[{"href":"https:\/\/fysiolab.dk\/no\/wp-json\/wp\/v2\/product"}],"about":[{"href":"https:\/\/fysiolab.dk\/no\/wp-json\/wp\/v2\/types\/product"}],"replies":[{"embeddable":true,"href":"https:\/\/fysiolab.dk\/no\/wp-json\/wp\/v2\/comments?post=80545"}],"wp:featuredmedia":[{"embeddable":true,"href":"https:\/\/fysiolab.dk\/no\/wp-json\/wp\/v2\/media\/80554"}],"wp:attachment":[{"href":"https:\/\/fysiolab.dk\/no\/wp-json\/wp\/v2\/media?parent=80545"}],"wp:term":[{"taxonomy":"product_brand","embeddable":true,"href":"https:\/\/fysiolab.dk\/no\/wp-json\/wp\/v2\/product_brand?post=80545"},{"taxonomy":"product_cat","embeddable":true,"href":"https:\/\/fysiolab.dk\/no\/wp-json\/wp\/v2\/product_cat?post=80545"},{"taxonomy":"product_tag","embeddable":true,"href":"https:\/\/fysiolab.dk\/no\/wp-json\/wp\/v2\/product_tag?post=80545"}],"curies":[{"name":"wp","href":"https:\/\/api.w.org\/{rel}","templated":true}]}}