{"id":80546,"date":"2023-07-16T13:20:09","date_gmt":"2023-07-16T11:20:09","guid":{"rendered":"https:\/\/fysiolab.dk\/product\/exos-form-ii-637-ryggstoette\/"},"modified":"2025-12-18T09:22:08","modified_gmt":"2025-12-18T08:22:08","slug":"exos-form-ii-637-ryggstoette","status":"publish","type":"product","link":"https:\/\/fysiolab.dk\/no\/product\/exos-form-ii-637-ryggstoette\/","title":{"rendered":"EXOS Form II 637 ryggst\u00f8tte"},"content":{"rendered":"<h4><strong>Optimal anvendelse<\/strong><\/h4>\n<p>EXOS Form II 637 ryggst\u00f8tte gir maksimal st\u00f8tte for korsryggen og nedre del av brystryggen. Den dekker ryggraden fra S1 til T9 og anbefales ved en rekke akutte tilstander i korsryggen og brystryggen.  Bandasjen har ekstra st\u00f8tte og gir derfor st\u00f8tte etter brudd i ryggraden.<\/p>\n<p><strong>St\u00f8rrelsesguide<\/strong><\/p>\n<p><strong>Midjeomkretsen m\u00e5les p\u00e5 navleniv\u00e5<\/strong><\/p>\n<p><a href=\"https:\/\/dev.fysiolab.dk\/wp-content\/uploads\/2025\/05\/X1.png\"><img fetchpriority=\"high\" decoding=\"async\" class=\"alignnone size-medium wp-image-202392633\" src=\"https:\/\/dev.fysiolab.dk\/wp-content\/uploads\/2025\/05\/X1-300x169.png\" alt=\"\" width=\"300\" height=\"169\" title=\"\"><\/a><\/p>\n<p><strong>Midjem\u00e5l St\u00f8rrelse<\/strong><\/p>\n<p><strong>63-125 cm S\/M<\/strong><\/p>\n<p><strong>125-152 cm L\/XL<\/strong><\/p>\n<p><iframe title=\"Opm\u00e5lingsvejledning til taljem\u00e5l FysioLab\" width=\"800\" height=\"450\" src=\"https:\/\/www.youtube.com\/embed\/_c2mbw5K7uY?feature=oembed\" frameborder=\"0\" allow=\"accelerometer; autoplay; clipboard-write; encrypted-media; gyroscope; picture-in-picture; web-share\" referrerpolicy=\"strict-origin-when-cross-origin\" allowfullscreen><\/iframe><\/p>\n","protected":false},"excerpt":{"rendered":"<p><strong>EXOS Form II 637 ryggst\u00f8tte gir maksimal st\u00f8tte for korsryggen og nedre del av brystryggen. Den dekker ryggraden fra S1 til T9 og anbefales ved en rekke akutte tilstander i korsryggen og brystryggen. <\/strong><\/p>\n","protected":false},"featured_media":80559,"comment_status":"closed","ping_status":"closed","template":"","meta":{"_acf_changed":false},"product_brand":[],"product_cat":[2191,2500,2501,1937,2184,1933,2186],"product_tag":[],"class_list":{"0":"post-80546","1":"product","2":"type-product","3":"status-publish","4":"has-post-thumbnail","6":"product_cat-brudd-i-ryggen-brudd-i-ryggraden","7":"product_cat-exos-no","8":"product_cat-exos-ryggstoette","9":"product_cat-merkevarer","10":"product_cat-rygg-og-korsrygg","11":"product_cat-skinner-og-stoetteskinner","12":"product_cat-skiveprolaps","14":"first","15":"instock","16":"taxable","17":"shipping-taxable","18":"purchasable","19":"product-type-variable"},"acf":[],"_links":{"self":[{"href":"https:\/\/fysiolab.dk\/no\/wp-json\/wp\/v2\/product\/80546","targetHints":{"allow":["GET"]}}],"collection":[{"href":"https:\/\/fysiolab.dk\/no\/wp-json\/wp\/v2\/product"}],"about":[{"href":"https:\/\/fysiolab.dk\/no\/wp-json\/wp\/v2\/types\/product"}],"replies":[{"embeddable":true,"href":"https:\/\/fysiolab.dk\/no\/wp-json\/wp\/v2\/comments?post=80546"}],"wp:featuredmedia":[{"embeddable":true,"href":"https:\/\/fysiolab.dk\/no\/wp-json\/wp\/v2\/media\/80559"}],"wp:attachment":[{"href":"https:\/\/fysiolab.dk\/no\/wp-json\/wp\/v2\/media?parent=80546"}],"wp:term":[{"taxonomy":"product_brand","embeddable":true,"href":"https:\/\/fysiolab.dk\/no\/wp-json\/wp\/v2\/product_brand?post=80546"},{"taxonomy":"product_cat","embeddable":true,"href":"https:\/\/fysiolab.dk\/no\/wp-json\/wp\/v2\/product_cat?post=80546"},{"taxonomy":"product_tag","embeddable":true,"href":"https:\/\/fysiolab.dk\/no\/wp-json\/wp\/v2\/product_tag?post=80546"}],"curies":[{"name":"wp","href":"https:\/\/api.w.org\/{rel}","templated":true}]}}