{"id":80574,"date":"2023-07-16T13:20:09","date_gmt":"2023-07-16T11:20:09","guid":{"rendered":"https:\/\/fysiolab.dk\/product\/exos-form-ii-626-ryggstoette\/"},"modified":"2025-12-18T09:22:08","modified_gmt":"2025-12-18T08:22:08","slug":"exos-form-ii-626-ryggstoette","status":"publish","type":"product","link":"https:\/\/fysiolab.dk\/no\/product\/exos-form-ii-626-ryggstoette\/","title":{"rendered":"EXOS Form II 626 ryggst\u00f8tte"},"content":{"rendered":"<h4><strong>Optimal anvendelse<\/strong><\/h4>\n<p>EXOS FORM II 626 ryggst\u00f8tte gir lindring av milde smerter i korsryggen. Den gir eksepsjonell beskyttelse og stabilitet i korsryggen 1-5. Bandasjen strammes og l\u00f8snes med en BOA-lukking for \u00e5 sikre et jevnt trekk og optimal passform.  Foran p\u00e5 bandasjen er det to \"lommer\" som du setter hendene i og strammer til.<\/p>\n<p><strong>St\u00f8rrelsesguide  <\/strong><\/p>\n<p><strong>Midjeomkretsen m\u00e5les p\u00e5 navleniv\u00e5<\/strong><\/p>\n<p><a href=\"https:\/\/dev.fysiolab.dk\/wp-content\/uploads\/2025\/05\/X1.png\"><img fetchpriority=\"high\" decoding=\"async\" class=\"alignnone size-medium wp-image-202392633\" src=\"https:\/\/dev.fysiolab.dk\/wp-content\/uploads\/2025\/05\/X1-300x169.png\" alt=\"\" width=\"300\" height=\"169\" title=\"\"><\/a><\/p>\n<p><strong>Midjem\u00e5l St\u00f8rrelse<\/strong><\/p>\n<p><strong>63-125 cm S\/M<\/strong><\/p>\n<p><strong>125-152 cm L\/XL<\/strong><\/p>\n<p><iframe title=\"Opm\u00e5lingsvejledning til taljem\u00e5l FysioLab\" width=\"800\" height=\"450\" src=\"https:\/\/www.youtube.com\/embed\/_c2mbw5K7uY?feature=oembed\" frameborder=\"0\" allow=\"accelerometer; autoplay; clipboard-write; encrypted-media; gyroscope; picture-in-picture; web-share\" referrerpolicy=\"strict-origin-when-cross-origin\" allowfullscreen><\/iframe><\/p>\n","protected":false},"excerpt":{"rendered":"<p><strong>EXOS FORM II 626 ryggst\u00f8tte gir lindring av milde smerter i korsryggen. Den gir eksepsjonell beskyttelse og stabilitet i korsryggen 1-5. Bandasjen strammes og l\u00f8snes med en BOA-lukking for \u00e5 sikre et jevnt trekk og optimal passform. <\/strong><\/p>\n","protected":false},"featured_media":80577,"comment_status":"closed","ping_status":"closed","template":"","meta":{"_acf_changed":false},"product_brand":[3152],"product_cat":[2191,2500,2501,2192,1937,2184,1933,2186,2187],"product_tag":[],"class_list":{"0":"post-80574","1":"product","2":"type-product","3":"status-publish","4":"has-post-thumbnail","6":"product_brand-exos","7":"product_cat-brudd-i-ryggen-brudd-i-ryggraden","8":"product_cat-exos-no","9":"product_cat-exos-ryggstoette","10":"product_cat-isjias-iskias","11":"product_cat-merkevarer","12":"product_cat-rygg-og-korsrygg","13":"product_cat-skinner-og-stoetteskinner","14":"product_cat-skiveprolaps","15":"product_cat-smerter-i-nedre-del-av-ryggen","17":"first","18":"instock","19":"taxable","20":"shipping-taxable","21":"purchasable","22":"product-type-variable"},"acf":[],"_links":{"self":[{"href":"https:\/\/fysiolab.dk\/no\/wp-json\/wp\/v2\/product\/80574","targetHints":{"allow":["GET"]}}],"collection":[{"href":"https:\/\/fysiolab.dk\/no\/wp-json\/wp\/v2\/product"}],"about":[{"href":"https:\/\/fysiolab.dk\/no\/wp-json\/wp\/v2\/types\/product"}],"replies":[{"embeddable":true,"href":"https:\/\/fysiolab.dk\/no\/wp-json\/wp\/v2\/comments?post=80574"}],"wp:featuredmedia":[{"embeddable":true,"href":"https:\/\/fysiolab.dk\/no\/wp-json\/wp\/v2\/media\/80577"}],"wp:attachment":[{"href":"https:\/\/fysiolab.dk\/no\/wp-json\/wp\/v2\/media?parent=80574"}],"wp:term":[{"taxonomy":"product_brand","embeddable":true,"href":"https:\/\/fysiolab.dk\/no\/wp-json\/wp\/v2\/product_brand?post=80574"},{"taxonomy":"product_cat","embeddable":true,"href":"https:\/\/fysiolab.dk\/no\/wp-json\/wp\/v2\/product_cat?post=80574"},{"taxonomy":"product_tag","embeddable":true,"href":"https:\/\/fysiolab.dk\/no\/wp-json\/wp\/v2\/product_tag?post=80574"}],"curies":[{"name":"wp","href":"https:\/\/api.w.org\/{rel}","templated":true}]}}