{"id":80586,"date":"2023-07-16T13:17:53","date_gmt":"2023-07-16T11:17:53","guid":{"rendered":"https:\/\/fysiolab.dk\/product\/donjoy-mybabystrap-rygg-bekkenstoette\/"},"modified":"2026-03-12T21:51:24","modified_gmt":"2026-03-12T20:51:24","slug":"donjoy-mybabystrap-rygg-bekkenstoette","status":"publish","type":"product","link":"https:\/\/fysiolab.dk\/no\/product\/donjoy-mybabystrap-rygg-bekkenstoette\/","title":{"rendered":"DonJoy MyBabyStrap rygg-\/bekkenst\u00f8tte"},"content":{"rendered":"<h4><strong>Optimal bruk av DonJoy MyBabyStrap korsryggst\u00f8tte<\/strong><\/h4>\n<p>Korsryggbelte for st\u00f8tte og avlastning av rygg, bekken og sacroiliacaleddet under svangerskapet og etter f\u00f8dselen. Beltet er anatomisk utformet for \u00e5 passe og tilpasse seg magen i de ulike trimesterene. Smal foran, slik at det ikke er i veien n\u00e5r du setter deg ned. Beltet har en tynn profil i pustende stoff, slik at det ikke blir varmt \u00e5 ha p\u00e5 seg. De forskjellige stroppene foran og bak gj\u00f8r det mulig \u00e5 justere det slik at det passer deg og dine behov for st\u00f8tte. Lett \u00e5 rengj\u00f8re og kan vaskes i maskin p\u00e5 40 grader.     <\/p>\n<p><strong>Indikasjoner:<\/strong><\/p>\n<ul>\n<li>Smerter i korsryggen<\/li>\n<li>Smerter rundt bekkenet og korsbenet (sacroiliacaleddet)<\/li>\n<li>Instabilitet i korsryggen<\/li>\n<li>Ubehag i forbindelse med. rektusdiastase (separasjon av magemusklene)<\/li>\n<li>Ryggst\u00f8tte etter f\u00f8dsel<\/li>\n<\/ul>\n<p><strong>St\u00f8rrelse:<\/strong><\/p>\n<p><strong>Beltet kan justeres i st\u00f8rrelsene 80 cm - 150 cm. Se videoen nedenfor for \u00e5 se hvordan du m\u00e5ler om det passer deg <\/strong><\/p>\n<p><iframe title=\"Opm\u00e5lingsvejledning til taljem\u00e5l FysioLab\" width=\"800\" height=\"450\" src=\"https:\/\/www.youtube.com\/embed\/_c2mbw5K7uY?feature=oembed\" frameborder=\"0\" allow=\"accelerometer; autoplay; clipboard-write; encrypted-media; gyroscope; picture-in-picture; web-share\" referrerpolicy=\"strict-origin-when-cross-origin\" allowfullscreen><\/iframe><\/p>\n<p><iframe title=\"DonJoy MyBabyStrap - Fitting\" width=\"800\" height=\"450\" src=\"https:\/\/www.youtube.com\/embed\/igB3_Gs4F-g?feature=oembed\" frameborder=\"0\" allow=\"accelerometer; autoplay; clipboard-write; encrypted-media; gyroscope; picture-in-picture; web-share\" referrerpolicy=\"strict-origin-when-cross-origin\" allowfullscreen><\/iframe><\/p>\n<p>&nbsp;<\/p>\n","protected":false},"excerpt":{"rendered":"<p><strong>Korsryggbelte for st\u00f8tte og avlastning av rygg, bekken og sacroiliacaleddet under svangerskapet og etter f\u00f8dselen. Beltet er anatomisk utformet for \u00e5 passe og tilpasse seg magen i de ulike trimesterene. Smalt foran, slik at det ikke er i veien n\u00e5r du setter deg ned  <\/strong><\/p>\n","protected":false},"featured_media":80588,"comment_status":"closed","ping_status":"closed","template":"","meta":{"_acf_changed":false},"product_brand":[3091],"product_cat":[1938,2194,2193,2503,2505,2504,1937,2184,1933,2187,2502],"product_tag":[2173],"class_list":{"0":"post-80586","1":"product","2":"type-product","3":"status-publish","4":"has-post-thumbnail","6":"product_brand-donjoy","7":"product_cat-donjoy-no","8":"product_cat-donjoy-korsryggbelte","9":"product_cat-donjoy-ryggstoette","10":"product_cat-gaardsplass","11":"product_cat-gravid-no","12":"product_cat-graviditet-bekkensmerter-nedre-rygg-avlastning","13":"product_cat-merkevarer","14":"product_cat-rygg-og-korsrygg","15":"product_cat-skinner-og-stoetteskinner","16":"product_cat-smerter-i-nedre-del-av-ryggen","17":"product_cat-svake-magemuskler","18":"product_tag-donjoy-no","20":"first","21":"instock","22":"taxable","23":"shipping-taxable","24":"purchasable","25":"product-type-simple"},"acf":[],"_links":{"self":[{"href":"https:\/\/fysiolab.dk\/no\/wp-json\/wp\/v2\/product\/80586","targetHints":{"allow":["GET"]}}],"collection":[{"href":"https:\/\/fysiolab.dk\/no\/wp-json\/wp\/v2\/product"}],"about":[{"href":"https:\/\/fysiolab.dk\/no\/wp-json\/wp\/v2\/types\/product"}],"replies":[{"embeddable":true,"href":"https:\/\/fysiolab.dk\/no\/wp-json\/wp\/v2\/comments?post=80586"}],"wp:featuredmedia":[{"embeddable":true,"href":"https:\/\/fysiolab.dk\/no\/wp-json\/wp\/v2\/media\/80588"}],"wp:attachment":[{"href":"https:\/\/fysiolab.dk\/no\/wp-json\/wp\/v2\/media?parent=80586"}],"wp:term":[{"taxonomy":"product_brand","embeddable":true,"href":"https:\/\/fysiolab.dk\/no\/wp-json\/wp\/v2\/product_brand?post=80586"},{"taxonomy":"product_cat","embeddable":true,"href":"https:\/\/fysiolab.dk\/no\/wp-json\/wp\/v2\/product_cat?post=80586"},{"taxonomy":"product_tag","embeddable":true,"href":"https:\/\/fysiolab.dk\/no\/wp-json\/wp\/v2\/product_tag?post=80586"}],"curies":[{"name":"wp","href":"https:\/\/api.w.org\/{rel}","templated":true}]}}