{"id":80596,"date":"2023-07-16T13:17:22","date_gmt":"2023-07-16T11:17:22","guid":{"rendered":"https:\/\/fysiolab.dk\/product\/carbo-race-elektrolytt-bringebaer-1-kg\/"},"modified":"2025-12-18T09:22:11","modified_gmt":"2025-12-18T08:22:11","slug":"carbo-race-elektrolytt-bringebaer-1-kg","status":"publish","type":"product","link":"https:\/\/fysiolab.dk\/no\/product\/carbo-race-elektrolytt-bringebaer-1-kg\/","title":{"rendered":"Carbo Race Elektrolytt Bringeb\u00e6r - 1 kg"},"content":{"rendered":"<p>Trenger du en ekstra energiboost til utholdenhetsidretten din? Og vil du ogs\u00e5 unne deg selv litt ekstra? Da er Carbo Race elektrolytt med bringeb\u00e6rsmak det perfekte valget. Den smaker akkurat som den r\u00f8de limonaden du kan kj\u00f8pe p\u00e5 mange treningssentre, og gir deg den n\u00f8dvendige energiboosten til musklene slik at du kommer deg gjennom trenings\u00f8kten!   <\/p>\n<p>Hvis du er en seri\u00f8s syklist, sv\u00f8mmer, triatlet eller l\u00f8per, trenger du rikelig med energi. For den ambisi\u00f8se tiln\u00e6rmingen til idretten din betyr ogs\u00e5 at du stiller h\u00f8ye krav til kroppen din - og musklene som leverer den n\u00f8dvendige prestasjonen. <\/p>\n<p><strong>F\u00e5 nok energi til \u00e5 st\u00e5 distansen ut<\/strong><\/p>\n<p>Riktig energi- og v\u00e6skeinntak gjennom hele trenings\u00f8kten kan hjelpe deg med \u00e5 komme deg gjennom trenings\u00f8kten eller den viktige turneringen med stil.<\/p>\n<p>I likhet med de andre Carbo Race Electrolyte-variantene er denne deilige bringeb\u00e6rdrikken fullpakket med energigivende karbohydrater fra den perfekte blandingen av maltodextrin og fruktose. Det gir deg et effektivt tilskudd av raske karbohydrater som omdannes direkte til ekstra energi til kroppens muskler. Alt mens du opprettholder v\u00e6skebalansen.  <\/p>\n<p>S\u00e5 hvis du inntar energidrikken i passende mengder for den idretten du driver med, er du alltid sikker p\u00e5 \u00e5 holde ut hele veien hjem.<\/p>\n<p><strong>Perfekt for de lange trenings\u00f8ktene<\/strong><\/p>\n<p>Du f\u00e5r best effekt av Carbo Race Electrolyte Raspberry hvis sportsaktiviteten din varer i mer enn 45 minutter. Eller inneholder kortere eller lengre perioder der det er behov for en eksplosiv energiinnspr\u00f8ytning. For eksempel hvis du spiller h\u00e5ndball eller kj\u00f8rer MTB eller BMX.  <\/p>\n<p>I begge tilfeller kan du begynne \u00e5 innta Carbo Race Electrolyte f\u00f8r og fortsette under hele aktiviteten. P\u00e5 denne m\u00e5ten er kroppen din konstant hydrert, og musklene har alltid raske karbohydrater \u00e5 hente ekstra energi fra n\u00e5r de trenger det. <\/p>\n<div class=\"row\">\n<div class=\"col-s-4 col-m-6 col-l-6 col-xl-12\" data-mh=\"text-item\">\n<div><\/div>\n<\/div>\n<\/div>\n<div>\n<div class=\"row\">\n<div class=\"col-s-4 col-m-6 col-l-6 col-xl-12\" data-mh=\"text-item\">\n<h2><strong>Dosering for konkurranser<\/strong><\/h2>\n<p><strong>F\u00f8r konkurranse\/trening<\/strong><\/p>\n<p>Drikk 200-500 ml rett f\u00f8r trening, slik at du starter med en god v\u00e6skebalanse.<br \/>\n<strong>Under konkurranse\/trening:  <\/strong><\/p>\n<p>Drikk 200 ml (300 ml n\u00e5r det er varmt) hvert 15.-20. minutt for \u00e5 opprettholde v\u00e6skebalansen.<br \/>\n<em>Pr\u00f8v deg frem under treningen for \u00e5 se hva som fungerer best for deg.<\/em><\/p>\n<\/div>\n<\/div>\n<\/div>\n<p>&nbsp;<\/p>\n<p>&nbsp;<\/p>\n<p>&nbsp;<\/p>\n<p>F\u00f8lgende informasjon gjelder for alle kosttilskuddsprodukter:<\/p>\n<ul type=\"disc\">\n<li><span lang=\"DA\">Produktet m\u00e5 ikke brukes av eller selges til personer under 18 \u00e5r.<u><\/u><u><\/u><\/span><\/li>\n<li><span lang=\"DA\">Hvis du har en alvorlig sykdom eller bruker reseptbelagte medisiner, b\u00f8r du r\u00e5df\u00f8re deg med lege f\u00f8r bruk.<u><\/u><u><\/u><\/span><\/li>\n<li><span lang=\"DA\">Uttalelsene p\u00e5 nettstedet er ikke gjennomg\u00e5tt av den danske L\u00e6gemiddel- og F\u00f8devarestyrelsen.<u><\/u><u><\/u><\/span><\/li>\n<li><span lang=\"DA\">Produktet er ikke ment \u00e5 diagnostisere, behandle, kurere eller forebygge noen sykdom.<u><\/u><u><\/u><\/span><\/li>\n<li><span lang=\"DA\">Resultatene kan variere og vil ikke v\u00e6re de samme for alle<\/span><\/li>\n<\/ul>\n","protected":false},"excerpt":{"rendered":"<div class=\"woocommerce-product-details__short-description\">\n<p>Dette produktet sikrer et h\u00f8yt energiniv\u00e5 og \u00f8ker vannopptaket under fysisk trening. Du kan styre v\u00e6skebalansen din slik at du ikke trenger \u00e5 bekymre deg for \u00e5 bli dehydrert. <\/p>\n<p><em><strong>Se mer under beskrivelse og spesifikasjoner nedenfor.<\/strong><\/em><\/p>\n<\/div>\n","protected":false},"featured_media":80598,"comment_status":"closed","ping_status":"closed","template":"","meta":{"_acf_changed":false},"product_brand":[],"product_cat":[2495,2496,2232,1937,2471],"product_tag":[2469],"class_list":{"0":"post-80596","1":"product","2":"type-product","3":"status-publish","4":"has-post-thumbnail","6":"product_cat-energipulver-no","7":"product_cat-energipulver-no-2","8":"product_cat-kosttilskudd","9":"product_cat-merkevarer","10":"product_cat-ren-kraft","11":"product_tag-ren-kraft","13":"first","14":"instock","15":"sale","16":"taxable","17":"shipping-taxable","18":"purchasable","19":"product-type-simple"},"acf":[],"_links":{"self":[{"href":"https:\/\/fysiolab.dk\/no\/wp-json\/wp\/v2\/product\/80596","targetHints":{"allow":["GET"]}}],"collection":[{"href":"https:\/\/fysiolab.dk\/no\/wp-json\/wp\/v2\/product"}],"about":[{"href":"https:\/\/fysiolab.dk\/no\/wp-json\/wp\/v2\/types\/product"}],"replies":[{"embeddable":true,"href":"https:\/\/fysiolab.dk\/no\/wp-json\/wp\/v2\/comments?post=80596"}],"wp:featuredmedia":[{"embeddable":true,"href":"https:\/\/fysiolab.dk\/no\/wp-json\/wp\/v2\/media\/80598"}],"wp:attachment":[{"href":"https:\/\/fysiolab.dk\/no\/wp-json\/wp\/v2\/media?parent=80596"}],"wp:term":[{"taxonomy":"product_brand","embeddable":true,"href":"https:\/\/fysiolab.dk\/no\/wp-json\/wp\/v2\/product_brand?post=80596"},{"taxonomy":"product_cat","embeddable":true,"href":"https:\/\/fysiolab.dk\/no\/wp-json\/wp\/v2\/product_cat?post=80596"},{"taxonomy":"product_tag","embeddable":true,"href":"https:\/\/fysiolab.dk\/no\/wp-json\/wp\/v2\/product_tag?post=80596"}],"curies":[{"name":"wp","href":"https:\/\/api.w.org\/{rel}","templated":true}]}}