{"id":80597,"date":"2023-07-16T13:17:53","date_gmt":"2023-07-16T11:17:53","guid":{"rendered":"https:\/\/fysiolab.dk\/product\/sklz-pro-training-agility-staver-sett-med-8-stk\/"},"modified":"2025-12-18T09:22:09","modified_gmt":"2025-12-18T08:22:09","slug":"sklz-pro-training-agility-staver-sett-med-8-stk","status":"publish","type":"product","link":"https:\/\/fysiolab.dk\/no\/product\/sklz-pro-training-agility-staver-sett-med-8-stk\/","title":{"rendered":"SKLZ Pro Training Agility-staver (sett med 8 stk.)"},"content":{"rendered":"<h4>Pro Training Agility-staver (sett med 8 stk.)<\/h4>\n<p>SKLZ Pro Training Agility Poles er innovative teleskopstenger som gir trenere og fotballspillere mange muligheter til \u00e5 variere mellom ulike l\u00f8pe\u00f8velser. SKLZ Pro Agility Poles er ogs\u00e5 ypperlige for fotballspillere som \u00f8nsker \u00e5 trene alene enten hjemme, i hagen eller p\u00e5 banen. Perfekt hvis fotballspilleren \u00f8nsker \u00e5 fokusere p\u00e5 raske retningsforandringer og ta med seg nye bevegelsesm\u00f8nstre til trening og kamp. Hvert sett inneholder 8 Pro Training Agility-staver med beskyttelseshetter og 125 mm avtakbare pigger for \u00e5 sikre et godt grep i underlaget. En praktisk veske er ogs\u00e5 inkludert for enkel og sikker oppbevaring.    <\/p>\n<ul>\n<li>SKLZ Pro Agility-stolper kan brukes p\u00e5 b\u00e5de kunstgress- og gressbaner<\/li>\n<li>Laget av et slitesterkt materiale som t\u00e5ler kollisjoner med baller<\/li>\n<\/ul>\n<h4>SKLZ Pro Agility-staver<\/h4>\n<p>SKLZ Pro Agility Bars kan justeres i tre forskjellige lengder eller h\u00f8yder (60 cm, 115 cm og 150 cm). Det er et flott treningsverkt\u00f8y for \u00e5 fokusere p\u00e5 teknikk, hurtighet, bevegelsesm\u00f8nstre og mye mer. De kan kombineres med mye av SKLZs \u00f8vrige treningsutstyr, noe som gir fotballspillere og andre idrettsut\u00f8vere et utall av treningsalternativer.  <\/p>\n","protected":false},"excerpt":{"rendered":"<p>Perfekt treningsverkt\u00f8y for trening av smidighet, hurtighet og retningsforandring.<\/p>\n","protected":false},"featured_media":80599,"comment_status":"closed","ping_status":"closed","template":"","meta":{"_acf_changed":false},"product_brand":[3132],"product_cat":[2020,1937,2207,2208,2209,2206,1945],"product_tag":[2210],"class_list":{"0":"post-80597","1":"product","2":"type-product","3":"status-publish","4":"has-post-thumbnail","6":"product_brand-sklz","7":"product_cat-julegaveideer-no","8":"product_cat-merkevarer","9":"product_cat-sklz-no","10":"product_cat-sklz-no-2","11":"product_cat-sklz-smidighet","12":"product_cat-smidighet","13":"product_cat-treningsutstyr","14":"product_tag-sklz-no","16":"first","17":"instock","18":"taxable","19":"shipping-taxable","20":"purchasable","21":"product-type-simple"},"acf":[],"_links":{"self":[{"href":"https:\/\/fysiolab.dk\/no\/wp-json\/wp\/v2\/product\/80597","targetHints":{"allow":["GET"]}}],"collection":[{"href":"https:\/\/fysiolab.dk\/no\/wp-json\/wp\/v2\/product"}],"about":[{"href":"https:\/\/fysiolab.dk\/no\/wp-json\/wp\/v2\/types\/product"}],"replies":[{"embeddable":true,"href":"https:\/\/fysiolab.dk\/no\/wp-json\/wp\/v2\/comments?post=80597"}],"wp:featuredmedia":[{"embeddable":true,"href":"https:\/\/fysiolab.dk\/no\/wp-json\/wp\/v2\/media\/80599"}],"wp:attachment":[{"href":"https:\/\/fysiolab.dk\/no\/wp-json\/wp\/v2\/media?parent=80597"}],"wp:term":[{"taxonomy":"product_brand","embeddable":true,"href":"https:\/\/fysiolab.dk\/no\/wp-json\/wp\/v2\/product_brand?post=80597"},{"taxonomy":"product_cat","embeddable":true,"href":"https:\/\/fysiolab.dk\/no\/wp-json\/wp\/v2\/product_cat?post=80597"},{"taxonomy":"product_tag","embeddable":true,"href":"https:\/\/fysiolab.dk\/no\/wp-json\/wp\/v2\/product_tag?post=80597"}],"curies":[{"name":"wp","href":"https:\/\/api.w.org\/{rel}","templated":true}]}}