{"id":80610,"date":"2023-07-16T13:17:22","date_gmt":"2023-07-16T11:17:22","guid":{"rendered":"https:\/\/fysiolab.dk\/product\/carbo-race-elektrolytt-hylleblomst-1-kg\/"},"modified":"2025-12-18T09:22:11","modified_gmt":"2025-12-18T08:22:11","slug":"carbo-race-elektrolytt-hylleblomst-1-kg","status":"publish","type":"product","link":"https:\/\/fysiolab.dk\/no\/product\/carbo-race-elektrolytt-hylleblomst-1-kg\/","title":{"rendered":"Carbo Race Elektrolytt Hylleblomst - 1 kg"},"content":{"rendered":"<p>Carbo Race Elderflower-flavored Electrolyte gir deg et velsmakende tilskudd av raske karbohydrater og elektrolytter.<\/p>\n<p>De raske karbohydratene gir ekstra energi til musklene, mens elektrolyttene \u00f8ker vannopptaket under fysisk trening. Dette gj\u00f8r det lettere for deg \u00e5 prestere optimalt og reduserer v\u00e6sketapet. <\/p>\n<p>&nbsp;<\/p>\n<p><strong>Driver du med utholdenhetsidrett eller trener ekstra hardt og seri\u00f8st og foretrekker en s\u00f8t, naturlig smak i drikkevannet ditt?  <\/strong><\/p>\n<p>Da er Carbo Race Elderflower-smaksatt elektrolytt det opplagte valget hvis du vil forbedre sjansene dine for \u00e5 ha nok energi til hele trenings\u00f8kten.<\/p>\n<p>I tillegg til \u00e5 gi raskt absorberbare karbohydrater, er Carbo Race tilsatt elektrolytter som \u00f8ker kroppens opptak av vann. Det betyr at du har mindre risiko for \u00e5 miste v\u00e6ske eller til og med dehydrere fordi du trener s\u00e5 hardt at du svetter alt saltet ut av kroppen. <\/p>\n<h2>Full fart hele veien til m\u00e5l<\/h2>\n<p>Hvis du driver med utholdenhetsidretter som triatlon eller langdistansesykling, l\u00f8ping, fotball eller sv\u00f8mming, trenger du kontinuerlig p\u00e5fyll av energi. Dette reduserer risikoen for \u00e5 d\u00f8 halvveis - eller kanskje mye tidligere. <\/p>\n<p>For \u00e5 f\u00e5 fullt utbytte av energitilskuddet ditt, er det viktig at du f\u00e5r det fra de s\u00e5kalte raske karbohydratene. For eksempel maltodextrin og fruktose. Det er disse karbohydratene vi bruker i Carbo Race Electrolyte. Begge typer karbohydrater tas ekstra raskt opp i kroppen. Det betyr at du kjenner effekten sv\u00e6rt raskt etter at du har inntatt dem.    <\/p>\n<p>Alt du trenger \u00e5 gj\u00f8re er \u00e5 tilsette Carbo Race Electrolyte Energy Powder i vannflasken din. P\u00e5 denne m\u00e5ten fyller du hele tiden p\u00e5 glykogenlagrene i kroppen som forsyner musklene dine med energi. <\/p>\n<h2>Minimer risikoen for dehydrering<\/h2>\n<p>N\u00e5r du jobber ekstra hardt, svetter du ogs\u00e5 mer. Dette f\u00f8rer til at kroppen din mister salt. Dette kan ha en katastrofal effekt p\u00e5 kroppens saltbalanse, som igjen spiller en avgj\u00f8rende rolle for v\u00e6skebalansen.  <\/p>\n<p>Hvis du ikke har nok salt i kroppen, reduseres kroppens evne til \u00e5 ta opp v\u00e6ske. Selv et beskjedent v\u00e6sketap p\u00e5 bare noen f\u00e5 prosent kan redusere prestasjonsevnen din med s\u00e5 mye som 20-30 %. Og hvis du svetter ut alle de viktige saltene fra kroppen, risikerer du \u00e5 bli helt dehydrert.  <\/p>\n<p>Men fordi Carbo Race Electrolyte - som navnet antyder - inneholder elektrolytter, f\u00e5r du en kontinuerlig tilf\u00f8rsel av viktige n\u00e6ringsstoffer og mineraler som \u00f8ker kroppens evne til \u00e5 ta opp vann. Dette reduserer risikoen for v\u00e6sketap og den resulterende reduksjonen i prestasjonsevnen. <\/p>\n<h2>Hvordan oppbevare og bruke Carbo Race Electrolyte<\/h2>\n<p>N\u00e5r du kj\u00f8per PurePower Carbo Race Electrolyte, f\u00e5r du produktet i en milj\u00f8vennlig pose. Den veier mindre og tar mindre plass i skapet ditt, og posen er enkel og milj\u00f8vennlig \u00e5 kaste n\u00e5r den er tom. <\/p>\n<p>Oppbevar posen med innhold p\u00e5 et t\u00f8rt og ikke for varmt sted. Helst i et skap eller en skuff utilgjengelig for barn. <\/p>\n<p>For \u00e5 f\u00e5 maksimal effekt av Carbo Race Elderflower-flavoured Electrolyte, bland 60 gram energipulver i drikkeflasken for hver 750 ml vann. Begynn \u00e5 bruke energipulveret i v\u00e6sken f\u00f8r du starter l\u00f8peturen eller trenings\u00f8kten. Og drikk det regelmessig underveis for \u00e5 holde v\u00e6skebalansen og energilagrene i orden.  <\/p>\n<h2>Kj\u00f8p Carbon Race Elektrolytt med smak av hylleblomst<\/h2>\n<p>N\u00e5r du kj\u00f8per PurePower Carbon Race Electrolyte med hylleblomstsmak, f\u00e5r du et helt danskprodusert produkt. Dette sikrer at produksjonen har foreg\u00e5tt under kontrollerte forhold, og at produktet oppfyller alle lovkrav og forskrifter som gjelder i Danmark. <\/p>\n<div>\n<div class=\"row\">\n<div class=\"col-s-4 col-m-6 col-l-6 col-xl-12\" data-mh=\"text-item\">\n<h2><strong>Dosering for trening og konkurranser<\/strong><\/h2>\n<p><strong>F\u00f8r konkurranse\/trening<\/strong><\/p>\n<p>Drikk 200-500 ml rett f\u00f8r trening, slik at du starter med en god v\u00e6skebalanse.<\/p>\n<p><strong>Under konkurranse\/trening:  <\/strong><\/p>\n<p>Drikk 200 ml (300 ml n\u00e5r det er varmt) hvert 15.-20. minutt for \u00e5 opprettholde v\u00e6skebalansen.<br \/>\nEksperimenter under trening for \u00e5 finne ut hva som fungerer best for deg.<\/p>\n<\/div>\n<\/div>\n<\/div>\n<p>&nbsp;<\/p>\n<p>&nbsp;<\/p>\n<p>&nbsp;<\/p>\n<p>F\u00f8lgende informasjon gjelder for alle kosttilskuddsprodukter:<\/p>\n<ul type=\"disc\">\n<li><span lang=\"DA\">Produktet m\u00e5 ikke brukes av eller selges til personer under 18 \u00e5r.<u><\/u><u><\/u><\/span><\/li>\n<li><span lang=\"DA\">Hvis du har en alvorlig sykdom eller bruker reseptbelagte medisiner, b\u00f8r du r\u00e5df\u00f8re deg med lege f\u00f8r bruk.<u><\/u><u><\/u><\/span><\/li>\n<li><span lang=\"DA\">Uttalelsene p\u00e5 nettstedet er ikke gjennomg\u00e5tt av den danske L\u00e6gemiddel- og F\u00f8devarestyrelsen.<u><\/u><u><\/u><\/span><\/li>\n<li><span lang=\"DA\">Produktet er ikke ment \u00e5 diagnostisere, behandle, kurere eller forebygge noen sykdom.<u><\/u><u><\/u><\/span><\/li>\n<li><span lang=\"DA\">Resultatene kan variere og vil ikke v\u00e6re de samme for alle<\/span><\/li>\n<\/ul>\n","protected":false},"excerpt":{"rendered":"<p>Dette produktet sikrer et h\u00f8yt energiniv\u00e5 og \u00f8ker vannopptaket under fysisk trening. Du kan styre v\u00e6skebalansen din slik at du ikke trenger \u00e5 bekymre deg for \u00e5 bli dehydrert. <\/p>\n<p><em><strong>Se mer under beskrivelse og spesifikasjoner nedenfor.<\/strong><\/em><\/p>\n","protected":false},"featured_media":80612,"comment_status":"closed","ping_status":"closed","template":"","meta":{"_acf_changed":false},"product_brand":[],"product_cat":[2495,2496,2232,1937,2471],"product_tag":[2469],"class_list":{"0":"post-80610","1":"product","2":"type-product","3":"status-publish","4":"has-post-thumbnail","6":"product_cat-energipulver-no","7":"product_cat-energipulver-no-2","8":"product_cat-kosttilskudd","9":"product_cat-merkevarer","10":"product_cat-ren-kraft","11":"product_tag-ren-kraft","13":"first","14":"instock","15":"taxable","16":"shipping-taxable","17":"purchasable","18":"product-type-simple"},"acf":[],"_links":{"self":[{"href":"https:\/\/fysiolab.dk\/no\/wp-json\/wp\/v2\/product\/80610","targetHints":{"allow":["GET"]}}],"collection":[{"href":"https:\/\/fysiolab.dk\/no\/wp-json\/wp\/v2\/product"}],"about":[{"href":"https:\/\/fysiolab.dk\/no\/wp-json\/wp\/v2\/types\/product"}],"replies":[{"embeddable":true,"href":"https:\/\/fysiolab.dk\/no\/wp-json\/wp\/v2\/comments?post=80610"}],"wp:featuredmedia":[{"embeddable":true,"href":"https:\/\/fysiolab.dk\/no\/wp-json\/wp\/v2\/media\/80612"}],"wp:attachment":[{"href":"https:\/\/fysiolab.dk\/no\/wp-json\/wp\/v2\/media?parent=80610"}],"wp:term":[{"taxonomy":"product_brand","embeddable":true,"href":"https:\/\/fysiolab.dk\/no\/wp-json\/wp\/v2\/product_brand?post=80610"},{"taxonomy":"product_cat","embeddable":true,"href":"https:\/\/fysiolab.dk\/no\/wp-json\/wp\/v2\/product_cat?post=80610"},{"taxonomy":"product_tag","embeddable":true,"href":"https:\/\/fysiolab.dk\/no\/wp-json\/wp\/v2\/product_tag?post=80610"}],"curies":[{"name":"wp","href":"https:\/\/api.w.org\/{rel}","templated":true}]}}