{"id":80611,"date":"2023-07-16T13:17:53","date_gmt":"2023-07-16T11:17:53","guid":{"rendered":"https:\/\/fysiolab.dk\/product\/sklz-treningselastikk-heavy-318-363-kg\/"},"modified":"2025-12-18T09:22:09","modified_gmt":"2025-12-18T08:22:09","slug":"sklz-treningselastikk-heavy-318-363-kg","status":"publish","type":"product","link":"https:\/\/fysiolab.dk\/no\/product\/sklz-treningselastikk-heavy-318-363-kg\/","title":{"rendered":"SKLZ Treningselastikk Heavy (31,8-36,3 kg)"},"content":{"rendered":"<h2>Kraftig svart treningsstrikk<\/h2>\n<ul>\n<li>Motstand 31,8-36,3 kg.<\/li>\n<li>Kombiner med v\u00e5r Chop Bar eller Universal Anchor<\/li>\n<\/ul>\n<p>SKLZ treningskabler er tilgjengelige i fem motstandsniv\u00e5er fra 4,5 til 45 kg. Den er kompatibel og kan byttes ut med alle Slide-Lock-komponenter. Treningsverkt\u00f8yet er et flott supplement til treningen din. Det slitesterke naturlateksmaterialet gir et slitesterkt produkt.<\/p>\n<h2>Trening med SKLZ treningsstrikk<\/h2>\n<p>Denne treningskabelen er den nest sterkeste av de fem alternativene med en motstandskraft p\u00e5 mellom 31,8 og 36,3 kg. Generelle \u00f8velser med elastiske b\u00e5nd er vanligvis dynamiske og funksjonelle. Du bruker hele kroppen til \u00e5 trene med motstandsb\u00e5ndet og styrker dermed de indre musklene dine. Dette forbedrer deg og gj\u00f8r deg sterkere til \u00e5 utf\u00f8re de vanligste oppgavene. Trening med strikk er en utmerket treningsform som enkelt kan gj\u00f8res hjemme hvis du ikke alltid er p\u00e5 treningssenteret. Hele kroppen kan trenes med elastiske b\u00e5nd. Det betyr at du med et enkelt redskap kan sette sammen en fornuftig trenings\u00f8kt.      <\/p>\n<p>&nbsp;<\/p>\n<p><iframe title=\"SKLZ Training Cable Set: Squat to Row Drill\" width=\"800\" height=\"450\" src=\"https:\/\/www.youtube.com\/embed\/m3Qs4vfuMcM?feature=oembed\" frameborder=\"0\" allow=\"accelerometer; autoplay; clipboard-write; encrypted-media; gyroscope; picture-in-picture; web-share\" referrerpolicy=\"strict-origin-when-cross-origin\" allowfullscreen><\/iframe><\/p>\n<p><iframe title=\"SKLZ Training Cable: Curl to Overhead Drill\" width=\"800\" height=\"450\" src=\"https:\/\/www.youtube.com\/embed\/mS10kOd96i8?feature=oembed\" frameborder=\"0\" allow=\"accelerometer; autoplay; clipboard-write; encrypted-media; gyroscope; picture-in-picture; web-share\" referrerpolicy=\"strict-origin-when-cross-origin\" allowfullscreen><\/iframe><\/p>\n","protected":false},"excerpt":{"rendered":"<p>SKLZ treningskabler er tilgjengelige i fem motstandsniv\u00e5er fra 4,5 til 45 kg. Den er kompatibel og utskiftbar med alle Slide-Lock-komponenter. Treningsverkt\u00f8yet er et flott tillegg til trening med vekter.  <\/p>\n","protected":false},"featured_media":80613,"comment_status":"closed","ping_status":"closed","template":"","meta":{"_acf_changed":false},"product_brand":[3132],"product_cat":[2020,1948,1937,2207,2208,2216,2215,2217,1945],"product_tag":[2210],"class_list":{"0":"post-80611","1":"product","2":"type-product","3":"status-publish","4":"has-post-thumbnail","6":"product_brand-sklz","7":"product_cat-julegaveideer-no","8":"product_cat-klinikk","9":"product_cat-merkevarer","10":"product_cat-sklz-no","11":"product_cat-sklz-no-2","12":"product_cat-sklz-treningsbaand","13":"product_cat-treningsbaand","14":"product_cat-treningsbaand-no","15":"product_cat-treningsutstyr","16":"product_tag-sklz-no","18":"first","19":"instock","20":"taxable","21":"shipping-taxable","22":"purchasable","23":"product-type-simple"},"acf":[],"_links":{"self":[{"href":"https:\/\/fysiolab.dk\/no\/wp-json\/wp\/v2\/product\/80611","targetHints":{"allow":["GET"]}}],"collection":[{"href":"https:\/\/fysiolab.dk\/no\/wp-json\/wp\/v2\/product"}],"about":[{"href":"https:\/\/fysiolab.dk\/no\/wp-json\/wp\/v2\/types\/product"}],"replies":[{"embeddable":true,"href":"https:\/\/fysiolab.dk\/no\/wp-json\/wp\/v2\/comments?post=80611"}],"wp:featuredmedia":[{"embeddable":true,"href":"https:\/\/fysiolab.dk\/no\/wp-json\/wp\/v2\/media\/80613"}],"wp:attachment":[{"href":"https:\/\/fysiolab.dk\/no\/wp-json\/wp\/v2\/media?parent=80611"}],"wp:term":[{"taxonomy":"product_brand","embeddable":true,"href":"https:\/\/fysiolab.dk\/no\/wp-json\/wp\/v2\/product_brand?post=80611"},{"taxonomy":"product_cat","embeddable":true,"href":"https:\/\/fysiolab.dk\/no\/wp-json\/wp\/v2\/product_cat?post=80611"},{"taxonomy":"product_tag","embeddable":true,"href":"https:\/\/fysiolab.dk\/no\/wp-json\/wp\/v2\/product_tag?post=80611"}],"curies":[{"name":"wp","href":"https:\/\/api.w.org\/{rel}","templated":true}]}}