{"id":80616,"date":"2023-07-16T13:17:22","date_gmt":"2023-07-16T11:17:22","guid":{"rendered":"https:\/\/fysiolab.dk\/product\/myseprotein-vanilje-1-kg\/"},"modified":"2025-12-18T09:22:11","modified_gmt":"2025-12-18T08:22:11","slug":"myseprotein-vanilje-1-kg","status":"publish","type":"product","link":"https:\/\/fysiolab.dk\/no\/product\/myseprotein-vanilje-1-kg\/","title":{"rendered":"Myseprotein Vanilje - 400 g"},"content":{"rendered":"<p>PROTEIN med vaniljesmak gir deg et smakfullt myseproteintilskudd - perfekt for deg som trener seri\u00f8st. Bland pulveret i melk, skyr eller andre matvarer uten smak, og gi kroppen lettere tilgang til protein under trening og restitusjon. <\/p>\n<p>PurePower PROTEIN med vaniljesmak gj\u00f8r det deilig og enkelt \u00e5 f\u00e5 i seg et effektivt proteintilskudd. B\u00e5de i det daglige kostholdet og f\u00f8r, under og etter treningen. P\u00e5 den m\u00e5ten har kroppen alltid lett tilgang til det proteinet den trenger, uten at du trenger \u00e5 spise deg gjennom fjell av kj\u00f8tt og andre proteinrike matvarer.  <\/p>\n<h2><strong>Gi musklene dine mer plass til \u00e5 vokse<\/strong><\/h2>\n<p>Enten du trener seri\u00f8st for \u00e5 \u00f8ke muskelmassen eller bare \u00f8nsker \u00e5 sikre at kroppen har lett tilgang til protein under restitusjon, \u00f8ker vaniljePROTEIN sjansene for at musklene dine blir st\u00f8rre og sterkere.<\/p>\n<p>Under trening blir muskelvevet skadet av belastningen du utsetter kroppen din for. Kroppen g\u00e5r deretter i gang med \u00e5 \"reparere\" denne skaden ved \u00e5 omdanne proteiner fra kosten til aminosyrer. Aminosyrene brukes deretter til \u00e5 gjenoppbygge og styrke kroppens muskler. Dette \u00f8ker muskelstyrken og bidrar til \u00e5 gi deg mer kraft og, over tid, st\u00f8rre muskler.   <\/p>\n<p>S\u00e5 ved \u00e5 innta PROTEIN med vaniljesmak gir du kroppen lettere tilgang til rikelig med protein. Dette gj\u00f8r det lettere for kroppen \u00e5 restituere seg etter trening. <\/p>\n<p>Du kan imidlertid ikke bare ta et proteintilskudd for \u00e5 f\u00e5 \u00f8nsket effekt av treningen din. Hvis du ikke spiser sunt og variert, vil du aldri oppn\u00e5 full effekt av treningen din. <\/p>\n<h2><strong>Slik f\u00e5r du mer vaniljesmak inn i livet ditt<\/strong><\/h2>\n<p>Hvis du elsker smaken av vanilje, tilsetter du 40 gram PROTEIN med vaniljesmak i en vannflaske med f.eks. 2-3 dl skummet melk eller minimelk. Deretter kan du enkelt riste det til en velsmakende shake som du kan drikke f\u00f8r, under eller etter treningen. Tilsett noen isbiter i drikken for en kj\u00f8ligere og enda bedre smaksopplevelse.  <\/p>\n<p>Du kan ogs\u00e5 velge \u00e5 tilsette en tilsvarende mengde PROTEIN med vaniljesmak i for eksempel skyr eller yoghurt uten smak. Da kan du f\u00e5 en velsmakende proteinboost om morgenen. Eller ta det som et deilig mellomm\u00e5ltid i l\u00f8pet av dagen.  <\/p>\n<p>V\u00e6r oppmerksom p\u00e5 at v\u00e5rt PROTEIN med vaniljesmak er laget med myseprotein. S\u00e5 hvis du er laktose- eller melkeintolerant, b\u00f8r du velge en annen type proteintilskudd. <\/p>\n<h2><strong>Leveres i en pose for milj\u00f8ets skyld<\/strong><\/h2>\n<p>PROTEIN med vaniljesmak leveres alltid i 1 kg-poser, uansett hvor stor bestillingen din er.<\/p>\n<p>Dette bidrar til \u00e5 spare milj\u00f8et for un\u00f8dvendige mengder plastavfall og reduserer karbonfotavtrykket fra b\u00e5de produksjon og transport.<\/p>\n<p>Til slutt vil du oppleve at det er mye enklere \u00e5 ha med seg proteinpulveret i sportsbagen. Det tar ogs\u00e5 mye mindre plass i skapet der du oppbevarer det. <\/p>\n<p>Husk \u00e5 alltid oppbevare proteinpulver p\u00e5 et t\u00f8rt og ikke for varmt sted.<\/p>\n<h2><strong>Bestill PROTEIN med vaniljesmak<\/strong><\/h2>\n<p>S\u00e5 bestill PROTEIN med vaniljesmak med god samvittighet. Samtidig f\u00e5r du et produkt du kan v\u00e6re helt trygg p\u00e5. PurePower Protein produseres under kontrollerte forhold i Danmark. Det garanterer at alle retningslinjer for kosttilskudd utstedt av F\u00f8devarestyrelsen overholdes.   <\/p>\n<p>Bestill i dag og motta proteinpulveret ditt innen 1-3 virkedager<\/p>\n<p><strong>Bruksanvisning<\/strong>:<br \/>\nPulveret blandes med \u00f8nsket mengde v\u00e6ske. Type og mengde v\u00e6ske kan varieres etter smak og behag. Tilsett eventuelt isbiter for \u00e5 kj\u00f8le ned drikken og gj\u00f8re den enda mer smaksrik. Forslag: M\u00e5l opp 40 gram proteinpulver og tilsett 2-300 ml skummet- eller lettmelk og r\u00f8r rundt. (En m\u00e5leskje p\u00e5 50 ml inneholder ca. 20 gram.) Bruksomr\u00e5der: PurePower Protein brukes som et supplement til et allerede sunt og n\u00e6ringsrikt kosthold. Kan brukes av alle som \u00f8nsker et ekstra proteintilskudd.      <\/p>\n<p>&nbsp;<\/p>\n<p>&nbsp;<\/p>\n<p>F\u00f8lgende informasjon gjelder for alle kosttilskuddsprodukter:<\/p>\n<ul type=\"disc\">\n<li><span lang=\"DA\">Produktet m\u00e5 ikke brukes av eller selges til personer under 18 \u00e5r.<u><\/u><u><\/u><\/span><\/li>\n<li><span lang=\"DA\">Hvis du har en alvorlig sykdom eller bruker reseptbelagte medisiner, b\u00f8r du r\u00e5df\u00f8re deg med lege f\u00f8r bruk.<u><\/u><u><\/u><\/span><\/li>\n<li><span lang=\"DA\">Uttalelsene p\u00e5 nettstedet er ikke gjennomg\u00e5tt av den danske L\u00e6gemiddel- og F\u00f8devarestyrelsen.<u><\/u><u><\/u><\/span><\/li>\n<li><span lang=\"DA\">Produktet er ikke ment \u00e5 diagnostisere, behandle, kurere eller forebygge noen sykdom.<u><\/u><u><\/u><\/span><\/li>\n<li><span lang=\"DA\">Resultatene kan variere og vil ikke v\u00e6re de samme for alle<\/span><\/li>\n<\/ul>\n","protected":false},"excerpt":{"rendered":"<p>Ved \u00e5 innta et proteintilskudd rett f\u00f8r eller etter treningen f\u00e5r kroppen lettere tilgang til frie aminosyrer, noe som gj\u00f8r det lettere for treningen \u00e5 ha effekt.<\/p>\n","protected":false},"featured_media":80618,"comment_status":"closed","ping_status":"closed","template":"","meta":{"_acf_changed":false},"product_brand":[],"product_cat":[2232,1937,2475,2480,2471],"product_tag":[2469],"class_list":{"0":"post-80616","1":"product","2":"type-product","3":"status-publish","4":"has-post-thumbnail","6":"product_cat-kosttilskudd","7":"product_cat-merkevarer","8":"product_cat-protein-no","9":"product_cat-proteinpulver-no","10":"product_cat-ren-kraft","11":"product_tag-ren-kraft","13":"first","14":"instock","15":"taxable","16":"shipping-taxable","17":"purchasable","18":"product-type-simple"},"acf":[],"_links":{"self":[{"href":"https:\/\/fysiolab.dk\/no\/wp-json\/wp\/v2\/product\/80616","targetHints":{"allow":["GET"]}}],"collection":[{"href":"https:\/\/fysiolab.dk\/no\/wp-json\/wp\/v2\/product"}],"about":[{"href":"https:\/\/fysiolab.dk\/no\/wp-json\/wp\/v2\/types\/product"}],"replies":[{"embeddable":true,"href":"https:\/\/fysiolab.dk\/no\/wp-json\/wp\/v2\/comments?post=80616"}],"wp:featuredmedia":[{"embeddable":true,"href":"https:\/\/fysiolab.dk\/no\/wp-json\/wp\/v2\/media\/80618"}],"wp:attachment":[{"href":"https:\/\/fysiolab.dk\/no\/wp-json\/wp\/v2\/media?parent=80616"}],"wp:term":[{"taxonomy":"product_brand","embeddable":true,"href":"https:\/\/fysiolab.dk\/no\/wp-json\/wp\/v2\/product_brand?post=80616"},{"taxonomy":"product_cat","embeddable":true,"href":"https:\/\/fysiolab.dk\/no\/wp-json\/wp\/v2\/product_cat?post=80616"},{"taxonomy":"product_tag","embeddable":true,"href":"https:\/\/fysiolab.dk\/no\/wp-json\/wp\/v2\/product_tag?post=80616"}],"curies":[{"name":"wp","href":"https:\/\/api.w.org\/{rel}","templated":true}]}}