{"id":80617,"date":"2023-07-16T13:17:24","date_gmt":"2023-07-16T11:17:24","guid":{"rendered":"https:\/\/fysiolab.dk\/product\/compex-ryggstoette-for-smertelindring\/"},"modified":"2025-12-18T09:22:10","modified_gmt":"2025-12-18T08:22:10","slug":"compex-ryggstoette-for-smertelindring","status":"publish","type":"product","link":"https:\/\/fysiolab.dk\/no\/product\/compex-ryggstoette-for-smertelindring\/","title":{"rendered":"Compex ryggst\u00f8tte for smertelindring"},"content":{"rendered":"<p>Denne ryggbandasjen kombinerer b\u00e5de kompresjon til musklene og varme og TENS (transkutan elektrisk nervestimulering). Du kan enkelt velge hvilken type smertelindring du \u00f8nsker ved hjelp av det lille displayet p\u00e5 bandasjen. Bandasjen finnes i 2 forskjellige st\u00f8rrelser, og TENS-enheten tilbyr 8 forskjellige smertelindringsprogrammer og 2 varmeniv\u00e5er.  <\/p>\n<p><strong>St\u00f8rrelsesguide<\/strong><\/p>\n<p><strong>M\u00e5l midjeomkretsen din  <\/strong><\/p>\n<p><strong>Omkrets Str<\/strong><\/p>\n<p><strong>64-94 cm S\/M<\/strong><\/p>\n<p><strong>94-114 cm L\/XL<\/strong><\/p>\n<p><a href=\"https:\/\/dev.fysiolab.dk\/wp-content\/uploads\/2025\/05\/X1.png\"><img fetchpriority=\"high\" decoding=\"async\" class=\"alignnone size-medium wp-image-202392633\" src=\"https:\/\/dev.fysiolab.dk\/wp-content\/uploads\/2025\/05\/X1-300x169.png\" alt=\"\" width=\"300\" height=\"169\" title=\"\"><\/a><\/p>\n<p><iframe title=\"Compex HEAT TENS Back Wrap How To Video\" width=\"800\" height=\"450\" src=\"https:\/\/www.youtube.com\/embed\/CCsMOGoPL-0?feature=oembed\" frameborder=\"0\" allow=\"accelerometer; autoplay; clipboard-write; encrypted-media; gyroscope; picture-in-picture; web-share\" referrerpolicy=\"strict-origin-when-cross-origin\" allowfullscreen><\/iframe><\/p>\n","protected":false},"excerpt":{"rendered":"<p><strong>Denne ryggst\u00f8tten kombinerer b\u00e5de kompresjon til musklene og varme og TENS (transkutan elektrisk nervestimulering). Velg mellom 8 ulike smertelindringsprogrammer og 2 varmeniv\u00e5er. <\/strong><\/p>\n<p>https:\/\/www.youtube.com\/watch?v=_c2mbw5K7uY<\/p>\n<p>&nbsp;<\/p>\n","protected":false},"featured_media":80622,"comment_status":"closed","ping_status":"closed","template":"","meta":{"_acf_changed":false},"product_brand":[],"product_cat":[2188,2189,2008,2013,2506,2007,1937,2184,1933,2187],"product_tag":[2019],"class_list":{"0":"post-80617","1":"product","2":"type-product","3":"status-publish","4":"has-post-thumbnail","6":"product_cat-anstrengt-rygg","7":"product_cat-artrose-i-ryggen","8":"product_cat-compex-no","9":"product_cat-compex-no-2","10":"product_cat-compex-ryggstoetter","11":"product_cat-donjoy-performance-no","12":"product_cat-merkevarer","13":"product_cat-rygg-og-korsrygg","14":"product_cat-skinner-og-stoetteskinner","15":"product_cat-smerter-i-nedre-del-av-ryggen","16":"product_tag-compex-no","18":"first","19":"instock","20":"taxable","21":"shipping-taxable","22":"purchasable","23":"product-type-variable"},"acf":[],"_links":{"self":[{"href":"https:\/\/fysiolab.dk\/no\/wp-json\/wp\/v2\/product\/80617","targetHints":{"allow":["GET"]}}],"collection":[{"href":"https:\/\/fysiolab.dk\/no\/wp-json\/wp\/v2\/product"}],"about":[{"href":"https:\/\/fysiolab.dk\/no\/wp-json\/wp\/v2\/types\/product"}],"replies":[{"embeddable":true,"href":"https:\/\/fysiolab.dk\/no\/wp-json\/wp\/v2\/comments?post=80617"}],"wp:featuredmedia":[{"embeddable":true,"href":"https:\/\/fysiolab.dk\/no\/wp-json\/wp\/v2\/media\/80622"}],"wp:attachment":[{"href":"https:\/\/fysiolab.dk\/no\/wp-json\/wp\/v2\/media?parent=80617"}],"wp:term":[{"taxonomy":"product_brand","embeddable":true,"href":"https:\/\/fysiolab.dk\/no\/wp-json\/wp\/v2\/product_brand?post=80617"},{"taxonomy":"product_cat","embeddable":true,"href":"https:\/\/fysiolab.dk\/no\/wp-json\/wp\/v2\/product_cat?post=80617"},{"taxonomy":"product_tag","embeddable":true,"href":"https:\/\/fysiolab.dk\/no\/wp-json\/wp\/v2\/product_tag?post=80617"}],"curies":[{"name":"wp","href":"https:\/\/api.w.org\/{rel}","templated":true}]}}