{"id":80626,"date":"2023-07-16T13:17:22","date_gmt":"2023-07-16T11:17:22","guid":{"rendered":"https:\/\/fysiolab.dk\/product\/compex-fixx-2-0-massasjepistol\/"},"modified":"2025-12-18T09:22:11","modified_gmt":"2025-12-18T08:22:11","slug":"compex-fixx-2-0-massasjepistol","status":"publish","type":"product","link":"https:\/\/fysiolab.dk\/no\/product\/compex-fixx-2-0-massasjepistol\/","title":{"rendered":"Compex Fixx 2.0 massasjepistol"},"content":{"rendered":"<p>Compex Fixx 2.0 Massasjeapparat hjelper deg med \u00e5 varme opp musklene f\u00f8r en trenings\u00f8kt og lindre stivhet etter en t\u00f8ff \u00f8kt. Fem kraftige intensitetsinnstillinger, kombinert med en kraftig prosessor, gir det intense trykket som trengs for \u00e5 lindre de vanskeligste punktene p\u00e5 en trygg og behagelig m\u00e5te. Utskiftbare spisser (inkludert) og et roterende hode hjelper deg med \u00e5 skreddersy massasjen til de spesifikke behovene til ulike muskelgrupper. Avtakbare og oppladbare batterier, en kompakt design og en stilleg\u00e5ende motor bidrar til \u00e5 gi lindring hvor som helst og hvor som helst. F\u00e5 frem din indre proff med Fixx 2.0 massasjepistol.    <\/p>\n<p><iframe title=\"Compex\u00ae Fixx\u2122 2.0 Massage Gun\" width=\"800\" height=\"450\" src=\"https:\/\/www.youtube.com\/embed\/AOHisqEK6zA?feature=oembed\" frameborder=\"0\" allow=\"accelerometer; autoplay; clipboard-write; encrypted-media; gyroscope; picture-in-picture; web-share\" referrerpolicy=\"strict-origin-when-cross-origin\" allowfullscreen><\/iframe><\/p>\n","protected":false},"excerpt":{"rendered":"<p><strong>Compex Fixx 2.0 massasjepistol. Lett og stilleg\u00e5ende med 5 hastigheter og 5 utskiftbare hoder. <\/strong><\/p>\n","protected":false},"featured_media":80628,"comment_status":"closed","ping_status":"closed","template":"","meta":{"_acf_changed":false},"product_brand":[],"product_cat":[2008,2013,2026,2007,1950,1948,2025,2023,2024,2027,1937,1941,1933],"product_tag":[2019],"class_list":{"0":"post-80626","1":"product","2":"type-product","3":"status-publish","4":"has-post-thumbnail","6":"product_cat-compex-no","7":"product_cat-compex-no-2","8":"product_cat-compex-massasjepistol","9":"product_cat-donjoy-performance-no","10":"product_cat-elektroterapi","11":"product_cat-klinikk","12":"product_cat-massasje","13":"product_cat-massasjepistoler","14":"product_cat-massasjepistoler-no","15":"product_cat-massasjeutstyr","16":"product_cat-merkevarer","17":"product_cat-rekonvalesens-og-sportspleie","18":"product_cat-skinner-og-stoetteskinner","19":"product_tag-compex-no","21":"first","22":"instock","23":"taxable","24":"shipping-taxable","25":"purchasable","26":"product-type-simple"},"acf":[],"_links":{"self":[{"href":"https:\/\/fysiolab.dk\/no\/wp-json\/wp\/v2\/product\/80626","targetHints":{"allow":["GET"]}}],"collection":[{"href":"https:\/\/fysiolab.dk\/no\/wp-json\/wp\/v2\/product"}],"about":[{"href":"https:\/\/fysiolab.dk\/no\/wp-json\/wp\/v2\/types\/product"}],"replies":[{"embeddable":true,"href":"https:\/\/fysiolab.dk\/no\/wp-json\/wp\/v2\/comments?post=80626"}],"wp:featuredmedia":[{"embeddable":true,"href":"https:\/\/fysiolab.dk\/no\/wp-json\/wp\/v2\/media\/80628"}],"wp:attachment":[{"href":"https:\/\/fysiolab.dk\/no\/wp-json\/wp\/v2\/media?parent=80626"}],"wp:term":[{"taxonomy":"product_brand","embeddable":true,"href":"https:\/\/fysiolab.dk\/no\/wp-json\/wp\/v2\/product_brand?post=80626"},{"taxonomy":"product_cat","embeddable":true,"href":"https:\/\/fysiolab.dk\/no\/wp-json\/wp\/v2\/product_cat?post=80626"},{"taxonomy":"product_tag","embeddable":true,"href":"https:\/\/fysiolab.dk\/no\/wp-json\/wp\/v2\/product_tag?post=80626"}],"curies":[{"name":"wp","href":"https:\/\/api.w.org\/{rel}","templated":true}]}}