{"id":80644,"date":"2023-07-16T13:17:22","date_gmt":"2023-07-16T11:17:22","guid":{"rendered":"https:\/\/fysiolab.dk\/product\/compex-ion-foamroller\/"},"modified":"2025-12-18T09:22:10","modified_gmt":"2025-12-18T08:22:10","slug":"compex-ion-foamroller","status":"publish","type":"product","link":"https:\/\/fysiolab.dk\/no\/product\/compex-ion-foamroller\/","title":{"rendered":"Compex Ion Foamroller"},"content":{"rendered":"<p>Compex Ion Vibrating Foam Roller er et unikt verkt\u00f8y for behandling av \u00f8mme og stramme muskler. Skumrullen er laget av et solid materiale som gj\u00f8r at den holder formen, og med sin strukturerte overflate gir den massasje og behandling dypt inn i musklene samtidig som den har et godt grep p\u00e5 huden og overflaten. Skumrullen har 4 niv\u00e5er av vibrasjonshastighet for optimal behandling av musklene, enten det er sm\u00e5 overfladiske eller store dype muskler.  <\/p>\n<p>Skumrullen kan bidra til \u00e5 \u00f8ke blodgjennomstr\u00f8mningen, l\u00f8sne musklene, forbedre bevegeligheten, \u00f8ke ytelsen og gi avslappende dypvevsmassasje.<\/p>\n<p><iframe title=\"How to use Compex Ion |   Lower Back\" width=\"800\" height=\"450\" src=\"https:\/\/www.youtube.com\/embed\/V1xvh_9A71M?feature=oembed\" frameborder=\"0\" allow=\"accelerometer; autoplay; clipboard-write; encrypted-media; gyroscope; picture-in-picture; web-share\" referrerpolicy=\"strict-origin-when-cross-origin\" allowfullscreen><\/iframe><\/p>\n<p><iframe title=\"Compex\u00ae Ion\u2122 &quot;How To&quot;\" width=\"800\" height=\"450\" src=\"https:\/\/www.youtube.com\/embed\/Sfi-uwoDslA?feature=oembed\" frameborder=\"0\" allow=\"accelerometer; autoplay; clipboard-write; encrypted-media; gyroscope; picture-in-picture; web-share\" referrerpolicy=\"strict-origin-when-cross-origin\" allowfullscreen><\/iframe><\/p>\n","protected":false},"excerpt":{"rendered":"<p><strong>Compex Ion Vibrating Foam Roller er et unikt verkt\u00f8y for behandling av \u00f8mme og stramme muskler. Skumrullen har 4 forskjellige vibrasjonsniv\u00e5er. <\/strong><\/p>\n","protected":false},"featured_media":80650,"comment_status":"closed","ping_status":"closed","template":"","meta":{"_acf_changed":false},"product_brand":[],"product_cat":[2008,2013,2508,2007,1948,2025,2362,1937,1941,1933,2382],"product_tag":[2019],"class_list":{"0":"post-80644","1":"product","2":"type-product","3":"status-publish","4":"has-post-thumbnail","6":"product_cat-compex-no","7":"product_cat-compex-no-2","8":"product_cat-compex-skumrulle","9":"product_cat-donjoy-performance-no","10":"product_cat-klinikk","11":"product_cat-massasje","12":"product_cat-massasjeballer-og-skumruller","13":"product_cat-merkevarer","14":"product_cat-rekonvalesens-og-sportspleie","15":"product_cat-skinner-og-stoetteskinner","16":"product_cat-skumrulle","17":"product_tag-compex-no","19":"first","20":"instock","21":"taxable","22":"shipping-taxable","23":"purchasable","24":"product-type-simple"},"acf":[],"_links":{"self":[{"href":"https:\/\/fysiolab.dk\/no\/wp-json\/wp\/v2\/product\/80644","targetHints":{"allow":["GET"]}}],"collection":[{"href":"https:\/\/fysiolab.dk\/no\/wp-json\/wp\/v2\/product"}],"about":[{"href":"https:\/\/fysiolab.dk\/no\/wp-json\/wp\/v2\/types\/product"}],"replies":[{"embeddable":true,"href":"https:\/\/fysiolab.dk\/no\/wp-json\/wp\/v2\/comments?post=80644"}],"wp:featuredmedia":[{"embeddable":true,"href":"https:\/\/fysiolab.dk\/no\/wp-json\/wp\/v2\/media\/80650"}],"wp:attachment":[{"href":"https:\/\/fysiolab.dk\/no\/wp-json\/wp\/v2\/media?parent=80644"}],"wp:term":[{"taxonomy":"product_brand","embeddable":true,"href":"https:\/\/fysiolab.dk\/no\/wp-json\/wp\/v2\/product_brand?post=80644"},{"taxonomy":"product_cat","embeddable":true,"href":"https:\/\/fysiolab.dk\/no\/wp-json\/wp\/v2\/product_cat?post=80644"},{"taxonomy":"product_tag","embeddable":true,"href":"https:\/\/fysiolab.dk\/no\/wp-json\/wp\/v2\/product_tag?post=80644"}],"curies":[{"name":"wp","href":"https:\/\/api.w.org\/{rel}","templated":true}]}}