{"id":80645,"date":"2023-07-16T13:14:36","date_gmt":"2023-07-16T11:14:36","guid":{"rendered":"https:\/\/fysiolab.dk\/product\/myseprotein-jordbaer-1-kg\/"},"modified":"2025-12-18T09:22:12","modified_gmt":"2025-12-18T08:22:12","slug":"myseprotein-jordbaer-1-kg","status":"publish","type":"product","link":"https:\/\/fysiolab.dk\/no\/product\/myseprotein-jordbaer-1-kg\/","title":{"rendered":"Myseprotein Jordb\u00e6r - 400 g"},"content":{"rendered":"<p>Protein Powder er et effektivt myseproteintilskudd med en deilig jordb\u00e6rsmak. Pulveret kan blandes i smoothies, skyr, melk eller vann. <\/p>\n<p>Enten du trener hardt og seri\u00f8st for \u00e5 \u00f8ke muskelmassen, eller du bare \u00f8nsker \u00e5 gi kroppen de beste forutsetningene for \u00e5 restituere seg, er PurePower PROTEIN med jordb\u00e6rsmak et velsmakende myseproteintilskudd.<\/p>\n<p>Dette gir kroppen enkel tilgang til de essensielle aminosyrene den trenger for \u00e5 gjenoppbygge muskelvevet etter en hard trenings\u00f8kt.<\/p>\n<h2><strong>Slik fungerer proteinpulver<\/strong><\/h2>\n<p>N\u00e5r du trener, belaster du kroppens muskler. Dette f\u00f8rer til at muskelfibrene strekkes eller skades p\u00e5 annen m\u00e5te. Kroppen fors\u00f8ker deretter \u00e5 \"reparere\" dette.  <\/p>\n<p>Dette skjer n\u00e5r kroppen bryter ned proteinforbindelsene som vi har f\u00e5tt i oss gjennom kosten (eller et proteintilskudd). Dette gir kroppen tilgang til frie aminosyrer, som den deretter kan bruke til \u00e5 gjenoppbygge muskelvev etter trening. <\/p>\n<p>Ved \u00e5 innta et proteintilskudd rett f\u00f8r eller etter treningen f\u00e5r kroppen lettere tilgang til frie aminosyrer, noe som gj\u00f8r det lettere for treningen \u00e5 ha effekt.<\/p>\n<h2><strong>Hvordan innta PROTEIN med jordb\u00e6rsmak<\/strong><\/h2>\n<p>Du kan blande PROTEIN med jordb\u00e6rsmak med en rekke ulike produkter - helst uten smakstilsetning hvis du vil f\u00e5 full effekt av jordb\u00e6rsmaken.<\/p>\n<p>Ha for eksempel 40 gram proteinpulver og 2-3 dl skummet- eller lettmelk i en vannflaske og rist det sammen til en deilig melkedrikk med jordb\u00e6rsmak. Tilsett eventuelt isbiter for \u00e5 gj\u00f8re drikken enda mer smakfull. <\/p>\n<p>Du kan ogs\u00e5 tilsette en tilsvarende mengde proteinpulver i 2 dl skyr og spise det til frokost eller som et godt mellomm\u00e5ltid.<\/p>\n<p>For \u00e5 f\u00e5 maksimal effekt av treningen er det viktig at du spiser sunt og variert. Proteinpulver kan p\u00e5 ingen m\u00e5te kompensere for d\u00e5rlig ern\u00e6ring eller gi deg st\u00f8rre muskler uten at du gj\u00f8r en innsats. <\/p>\n<p>MERK: PROTEIN med jordb\u00e6rsmak inneholder myseproteiner. S\u00e5 hvis du ikke t\u00e5ler meieriprodukter, b\u00f8r du velge et annet proteintilskudd i stedet. <\/p>\n<h2><strong>Hvorfor vi selger PROTEIN i poser<\/strong><\/h2>\n<p>Uansett hvor mye PROTEIN du bestiller, leverer vi det alltid i poser som er laget av milj\u00f8vennlige plastprodukter. Dette gj\u00f8r det mye enklere og dermed billigere \u00e5 sende hjem bestillingen din, og sparer milj\u00f8et for un\u00f8dvendig store mengder plastavfall. <\/p>\n<p>Det er ogs\u00e5 mye enklere \u00e5 ta med seg proteinpulveret i sportsbagen, og det tar ikke like stor plass i skapet n\u00e5r det er i en pose.<\/p>\n<p>S\u00e5 ved \u00e5 kj\u00f8pe dansk Pure Powers PROTEIN med jordb\u00e6rsmak sparer du naturen for mye plastavfall og gj\u00f8r det enklere \u00e5 h\u00e5ndtere proteinpulveret ditt i hverdagen.<\/p>\n<h2><strong>Kj\u00f8p PROTEIN med jordb\u00e6rsmak<\/strong><\/h2>\n<p>I tillegg til \u00e5 sk\u00e5ne milj\u00f8et, f\u00e5r du ogs\u00e5 st\u00f8rre trygghet n\u00e5r du kj\u00f8per PurePowers PROTEIN med jordb\u00e6rsmak. B\u00e5de n\u00e5r det gjelder selve proteintilskuddet og selve kj\u00f8pet. <\/p>\n<p>Alle PurePower-proteintilskudd er produsert under kontrollerte forhold i Danmark. Dette er din garanti for at du f\u00e5r et kosttilskudd som oppfyller alle krav fra det danske f\u00f8devaretilsynet. <\/p>\n<p>S\u00e5 bestill jordb\u00e6rPROTEIN i dag og se frem til \u00e5 blande en velsmakende smoothie, drink eller snacks i l\u00f8pet av 1-3 virkedager.<\/p>\n<div class=\"row\">\n<div class=\"col-s-4 col-m-6 col-l-6 col-xl-12\" data-mh=\"text-item\">\n<p><strong>Bruksanvisning<\/strong>:<br \/>\nPulveret blandes med \u00f8nsket mengde v\u00e6ske. Type og mengde v\u00e6ske kan varieres etter smak og behag. Tilsett eventuelt isbiter for \u00e5 kj\u00f8le ned drikken og gj\u00f8re den enda mer smaksrik. Forslag: M\u00e5l opp 40 gram proteinpulver og tilsett 2-300 ml skummet- eller lettmelk og r\u00f8r rundt. Bruksomr\u00e5der: PurePower Protein brukes som et supplement til et allerede sunt og n\u00e6ringsrikt kosthold. Kan brukes av alle som \u00f8nsker et ekstra proteintilskudd.     <\/p>\n<\/div>\n<\/div>\n<p>&nbsp;<\/p>\n<p>&nbsp;<\/p>\n<p>&nbsp;<\/p>\n<p>F\u00f8lgende informasjon gjelder for alle kosttilskuddsprodukter:<\/p>\n<ul type=\"disc\">\n<li><span lang=\"DA\">Produktet m\u00e5 ikke brukes av eller selges til personer under 18 \u00e5r.<u><\/u><u><\/u><\/span><\/li>\n<li><span lang=\"DA\">Hvis du har en alvorlig sykdom eller bruker reseptbelagte medisiner, b\u00f8r du r\u00e5df\u00f8re deg med lege f\u00f8r bruk.<u><\/u><u><\/u><\/span><\/li>\n<li><span lang=\"DA\">Uttalelsene p\u00e5 nettstedet er ikke gjennomg\u00e5tt av den danske L\u00e6gemiddel- og F\u00f8devarestyrelsen.<u><\/u><u><\/u><\/span><\/li>\n<li><span lang=\"DA\">Produktet er ikke ment \u00e5 diagnostisere, behandle, kurere eller forebygge noen sykdom.<u><\/u><u><\/u><\/span><\/li>\n<li><span lang=\"DA\">Resultatene kan variere og vil ikke v\u00e6re de samme for alle<\/span><\/li>\n<\/ul>\n","protected":false},"excerpt":{"rendered":"<p>Ved \u00e5 innta et proteintilskudd rett f\u00f8r eller etter treningen f\u00e5r kroppen lettere tilgang til frie aminosyrer, noe som gj\u00f8r det lettere for treningen \u00e5 ha effekt.<\/p>\n","protected":false},"featured_media":80646,"comment_status":"closed","ping_status":"closed","template":"","meta":{"_acf_changed":false},"product_brand":[3102],"product_cat":[2232,1937,2475,2480,2471],"product_tag":[2469],"class_list":{"0":"post-80645","1":"product","2":"type-product","3":"status-publish","4":"has-post-thumbnail","6":"product_brand-purepower","7":"product_cat-kosttilskudd","8":"product_cat-merkevarer","9":"product_cat-protein-no","10":"product_cat-proteinpulver-no","11":"product_cat-ren-kraft","12":"product_tag-ren-kraft","14":"first","15":"instock","16":"sale","17":"taxable","18":"shipping-taxable","19":"purchasable","20":"product-type-simple"},"acf":[],"_links":{"self":[{"href":"https:\/\/fysiolab.dk\/no\/wp-json\/wp\/v2\/product\/80645","targetHints":{"allow":["GET"]}}],"collection":[{"href":"https:\/\/fysiolab.dk\/no\/wp-json\/wp\/v2\/product"}],"about":[{"href":"https:\/\/fysiolab.dk\/no\/wp-json\/wp\/v2\/types\/product"}],"replies":[{"embeddable":true,"href":"https:\/\/fysiolab.dk\/no\/wp-json\/wp\/v2\/comments?post=80645"}],"wp:featuredmedia":[{"embeddable":true,"href":"https:\/\/fysiolab.dk\/no\/wp-json\/wp\/v2\/media\/80646"}],"wp:attachment":[{"href":"https:\/\/fysiolab.dk\/no\/wp-json\/wp\/v2\/media?parent=80645"}],"wp:term":[{"taxonomy":"product_brand","embeddable":true,"href":"https:\/\/fysiolab.dk\/no\/wp-json\/wp\/v2\/product_brand?post=80645"},{"taxonomy":"product_cat","embeddable":true,"href":"https:\/\/fysiolab.dk\/no\/wp-json\/wp\/v2\/product_cat?post=80645"},{"taxonomy":"product_tag","embeddable":true,"href":"https:\/\/fysiolab.dk\/no\/wp-json\/wp\/v2\/product_tag?post=80645"}],"curies":[{"name":"wp","href":"https:\/\/api.w.org\/{rel}","templated":true}]}}