{"id":80649,"date":"2023-07-16T13:14:35","date_gmt":"2023-07-16T11:14:35","guid":{"rendered":"https:\/\/fysiolab.dk\/product\/carbo-race-elektrolytt-blaabaer-1-kg\/"},"modified":"2025-12-18T09:22:12","modified_gmt":"2025-12-18T08:22:12","slug":"carbo-race-elektrolytt-blaabaer-1-kg","status":"publish","type":"product","link":"https:\/\/fysiolab.dk\/no\/product\/carbo-race-elektrolytt-blaabaer-1-kg\/","title":{"rendered":"Carbo Race Elektrolytt - Bl\u00e5b\u00e6r - 1 kg"},"content":{"rendered":"<p><strong>Velsmakende energipulver med elektrolytter  <\/strong><\/p>\n<p>Carbo Race Blueberry-smaksatt elektrolytt er for deg som streber etter \u00e5 prestere p\u00e5 topp, enten det er trening eller konkurranse.<\/p>\n<p>En av de viktigste fordelene med dette energipulveret er at det kan brukes av de aller fleste idrettsut\u00f8vere og idrettsut\u00f8vere. Det er spesielt rettet mot syklister, sv\u00f8mmere, l\u00f8pere, triatleter og andre. Pulveret tilbyr en perfekt kombinasjon av god energi i form av karbohydrater og natrium, noe som bidrar til \u00e5 sikre h\u00f8ye energiniv\u00e5er og \u00f8ke vannabsorpsjonen under fysisk trening.  <\/p>\n<p><strong>Dette vil naturligvis ha en positiv innvirkning p\u00e5 prestasjonene dine.<\/strong><\/p>\n<p>Carbo Race Blueberry-smaksatt elektrolytt bidrar til \u00e5 opprettholde utholdenhetsprestasjonen under langvarig utholdenhetstrening, og det vil derfor v\u00e6re vanskelig \u00e5 klare seg uten under lengre fysiske aktiviteter, som for eksempel lengre sykkelritt og lignende. Med dette produktet kan du f\u00e5 v\u00e6skebalansen under kontroll, slik at du ikke trenger \u00e5 bekymre deg for \u00e5 bli dehydrert. <\/p>\n<p><strong>Danskutviklet sportsdrikk med deilig bl\u00e5b\u00e6rsmak<\/strong><\/p>\n<p>Danske Pure Power st\u00e5r bak dette fantastiske produktet, som er grundig testet med hensyn til effekt, konsistens og smak. Energipulveret inneholder isomaltulose, fruktose og maltodekstrin. <\/p>\n<p><strong>Bruk av energipulver  <\/strong><\/p>\n<p>Carbo Race Electrolyte kan inntas f\u00f8r og under trening og konkurranse. For \u00e5 skape en god v\u00e6skebalanse f\u00f8r trening anbefaler vi at du inntar et sted mellom 200 og 500 ml. Under konkurranse eller trening kan du innta rundt 200-300 ml hvert 20. minutt. Dette m\u00e5 du gj\u00f8re for \u00e5 opprettholde en sunn v\u00e6skebalanse og et h\u00f8yt energiniv\u00e5.   <\/p>\n<p>Anbefalingen er \u00e5 l\u00f8se opp 60 gram pulver i 600-750 ml vann. Selve pulveret b\u00f8r oppbevares t\u00f8rt og ikke for varmt for \u00e5 beholde smaken. <\/p>\n<p>Carbo Race Electrolyte inntas vanligvis f\u00f8r og under trening, men kan ogs\u00e5 inntas etter, n\u00e5r du ofte trenger en energiboost. Etter en trenings\u00f8kt er v\u00e6skebalansen ofte i ubalanse, og derfor er det fornuftig \u00e5 innta energipulver som raskt og enkelt kan l\u00f8ses opp i vann. <\/p>\n<div>\n<p>&nbsp;<\/p>\n<\/div>\n<div>\n<div class=\"row\">\n<div class=\"col-s-4 col-m-6 col-l-6 col-xl-12\" data-mh=\"text-item\">\n<h2><strong>Dosering for konkurranser<\/strong><\/h2>\n<div><strong>F\u00f8r konkurranse\/trening<\/strong><\/div>\n<div>Drikk 200-500 ml rett f\u00f8r trening for \u00e5 starte med en god v\u00e6skebalanse.<br \/>\n<strong><br \/>\nUnder konkurranse\/trening <\/strong>:  <\/div>\n<div>\n<p>Drikk 200 ml (300 ml n\u00e5r det er varmt) hvert 15.-20. minutt for \u00e5 opprettholde v\u00e6skebalansen.<\/p>\n<p><u>Eksperimenter under trening for \u00e5 finne ut hva som fungerer best for deg.<\/u><\/p>\n<\/div>\n<\/div>\n<\/div>\n<\/div>\n<p>&nbsp;<\/p>\n<p>&nbsp;<\/p>\n<p>&nbsp;<\/p>\n<p>F\u00f8lgende informasjon gjelder for alle kosttilskuddsprodukter:<\/p>\n<ul type=\"disc\">\n<li><span lang=\"DA\">Produktet m\u00e5 ikke brukes av eller selges til personer under 18 \u00e5r.<u><\/u><u><\/u><\/span><\/li>\n<li><span lang=\"DA\">Hvis du har en alvorlig sykdom eller bruker reseptbelagte medisiner, b\u00f8r du r\u00e5df\u00f8re deg med lege f\u00f8r bruk.<u><\/u><u><\/u><\/span><\/li>\n<li><span lang=\"DA\">Uttalelsene p\u00e5 nettstedet er ikke gjennomg\u00e5tt av den danske L\u00e6gemiddel- og F\u00f8devarestyrelsen.<u><\/u><u><\/u><\/span><\/li>\n<li><span lang=\"DA\">Produktet er ikke ment \u00e5 diagnostisere, behandle, kurere eller forebygge noen sykdom.<u><\/u><u><\/u><\/span><\/li>\n<li><span lang=\"DA\">Resultatene kan variere og vil ikke v\u00e6re de samme for alle<\/span><\/li>\n<\/ul>\n","protected":false},"excerpt":{"rendered":"<p>Streber du etter \u00e5 prestere p\u00e5 topp? Med dette produktet kan du sikre et h\u00f8yt energiniv\u00e5 og \u00f8ke vannopptaket under fysisk trening. Du kan styre v\u00e6skebalansen din slik at du ikke trenger \u00e5 bekymre deg for \u00e5 bli dehydrert.  <\/p>\n","protected":false},"featured_media":80662,"comment_status":"closed","ping_status":"closed","template":"","meta":{"_acf_changed":false},"product_brand":[],"product_cat":[2495,2496,2232,1937,2471],"product_tag":[2469],"class_list":{"0":"post-80649","1":"product","2":"type-product","3":"status-publish","4":"has-post-thumbnail","6":"product_cat-energipulver-no","7":"product_cat-energipulver-no-2","8":"product_cat-kosttilskudd","9":"product_cat-merkevarer","10":"product_cat-ren-kraft","11":"product_tag-ren-kraft","13":"first","14":"instock","15":"taxable","16":"shipping-taxable","17":"purchasable","18":"product-type-simple"},"acf":[],"_links":{"self":[{"href":"https:\/\/fysiolab.dk\/no\/wp-json\/wp\/v2\/product\/80649","targetHints":{"allow":["GET"]}}],"collection":[{"href":"https:\/\/fysiolab.dk\/no\/wp-json\/wp\/v2\/product"}],"about":[{"href":"https:\/\/fysiolab.dk\/no\/wp-json\/wp\/v2\/types\/product"}],"replies":[{"embeddable":true,"href":"https:\/\/fysiolab.dk\/no\/wp-json\/wp\/v2\/comments?post=80649"}],"wp:featuredmedia":[{"embeddable":true,"href":"https:\/\/fysiolab.dk\/no\/wp-json\/wp\/v2\/media\/80662"}],"wp:attachment":[{"href":"https:\/\/fysiolab.dk\/no\/wp-json\/wp\/v2\/media?parent=80649"}],"wp:term":[{"taxonomy":"product_brand","embeddable":true,"href":"https:\/\/fysiolab.dk\/no\/wp-json\/wp\/v2\/product_brand?post=80649"},{"taxonomy":"product_cat","embeddable":true,"href":"https:\/\/fysiolab.dk\/no\/wp-json\/wp\/v2\/product_cat?post=80649"},{"taxonomy":"product_tag","embeddable":true,"href":"https:\/\/fysiolab.dk\/no\/wp-json\/wp\/v2\/product_tag?post=80649"}],"curies":[{"name":"wp","href":"https:\/\/api.w.org\/{rel}","templated":true}]}}