{"id":80674,"date":"2023-07-16T13:16:59","date_gmt":"2023-07-16T11:16:59","guid":{"rendered":"https:\/\/fysiolab.dk\/product\/donjoy-ergoform-tommelstoette\/"},"modified":"2025-12-18T09:22:11","modified_gmt":"2025-12-18T08:22:11","slug":"donjoy-ergoform-tommelstoette","status":"publish","type":"product","link":"https:\/\/fysiolab.dk\/no\/product\/donjoy-ergoform-tommelstoette\/","title":{"rendered":"DonJoy Ergoform tommelst\u00f8tte"},"content":{"rendered":"<p><strong>Optimal anvendelse<\/strong><\/p>\n<p>DonJoy Ergoform er en universell ortose for immobilisering og beskyttelse av tommelen. Ortosen anbefales for alle indikasjoner som krever immobilisering av tommelleddet. Ortosen brukes til behandling av muskel- og senestrekk, subluksasjoner, luksasjoner og rhizartrose (slitasjegikt) i tommelen og tommelens grunnledd. Ortosen har en formbar aluminiumsskinne som sikrer optimal og korrekt posisjonering av tommelleddet for maksimal beskyttelse. Ortosen passer til b\u00e5de h\u00f8yre og venstre h\u00e5nd    <\/p>\n<p><strong>St\u00f8rrelsesguide:<\/strong><\/p>\n<p><strong>H\u00e5ndleddets omkrets m\u00e5les der det er minst<\/strong><\/p>\n<p><a href=\"https:\/\/dev.fysiolab.dk\/wp-content\/uploads\/2025\/05\/H2.png\"><img fetchpriority=\"high\" decoding=\"async\" class=\"alignnone size-medium wp-image-202392805\" src=\"https:\/\/dev.fysiolab.dk\/wp-content\/uploads\/2025\/05\/H2-300x169.png\" alt=\"\" width=\"300\" height=\"169\" title=\"\"><\/a><\/p>\n<p><strong>Omkrets St\u00f8rrelse<\/strong><\/p>\n<p><strong>12-16 cm S<\/strong><\/p>\n<p><strong>14-18 cm M<\/strong><\/p>\n<p><strong>18-22 cm L<\/strong><\/p>\n<p><iframe title=\"Opm\u00e5lingsvejledning til h\u00e5ndled\" width=\"800\" height=\"450\" src=\"https:\/\/www.youtube.com\/embed\/uT1ZaBnbLiI?feature=oembed\" frameborder=\"0\" allow=\"accelerometer; autoplay; clipboard-write; encrypted-media; gyroscope; picture-in-picture; web-share\" referrerpolicy=\"strict-origin-when-cross-origin\" allowfullscreen><\/iframe><\/p>\n<p><strong>Fordeler og funksjoner:<\/strong><\/p>\n<ul>\n<li>Ergonomisk design<\/li>\n<li>Universell modell som passer b\u00e5de h\u00f8yre og venstre h\u00e5nd<\/li>\n<li>Enkel \u00e5 bruke takket v\u00e6re justerbare stropper og \"Stop-Strap\"-system<\/li>\n<li>Tommelortose i formbar aluminium for optimal posisjonering og beskyttelse av tommelen<\/li>\n<li>Stropp for feste av tommelens grunnledd<\/li>\n<li>Ortosen er laget av Advanced Ozone-materiale som fremmer luftgjennomstr\u00f8mning<\/li>\n<li>Pustende ortoser sikrer god hudpleie og komfort d\u00f8gnet rundt - selv i varierende temperaturer og luftfuktighet<\/li>\n<li>Anatomisk design for en skreddersydd passform<\/li>\n<li>Lett, lavprofilert design<\/li>\n<li>Tilgjengelig i 3 st\u00f8rrelser (small, medium og large)<\/li>\n<\/ul>\n<p>&nbsp;<\/p>\n<p>&nbsp;<\/p>\n<p>&nbsp;<\/p>\n","protected":false},"excerpt":{"rendered":"<p><strong>DonJoy Ergoform er en universell ortose for immobilisering og beskyttelse av tommelen. Den anbefales for alle indikasjoner som krever immobilisering av tommelleddet. Ortosen brukes til behandling av muskel- og senestrekk, subluksasjoner, luksasjoner og rhizartrose (slitasjegikt) i tommelen og tommelens grunnledd. Ortosen har en formbar aluminiumsskinne som sikrer optimal og korrekt posisjonering av tommelleddet for maksimal beskyttelse. Ortosen passer til b\u00e5de h\u00f8yre og venstre h\u00e5nd.    <\/strong><\/p>\n","protected":false},"featured_media":80680,"comment_status":"closed","ping_status":"closed","template":"","meta":{"_acf_changed":false},"product_brand":[],"product_cat":[1938,2049,2041,2062,1937,2063,2064,1933,2061,2065],"product_tag":[2173],"class_list":{"0":"post-80674","1":"product","2":"type-product","3":"status-publish","4":"has-post-thumbnail","6":"product_cat-donjoy-no","7":"product_cat-donjoy-fingerbandasje","8":"product_cat-fingre-no","9":"product_cat-hyperekstensjon-av-tommelen","10":"product_cat-merkevarer","11":"product_cat-rhizartrose-no","12":"product_cat-skiloeperens-tommel","13":"product_cat-skinner-og-stoetteskinner","14":"product_cat-slitasjegikt-i-tommelen","15":"product_cat-smerter-i-tommelens-rotledd","16":"product_tag-donjoy-no","18":"first","19":"instock","20":"taxable","21":"shipping-taxable","22":"purchasable","23":"product-type-variable"},"acf":[],"_links":{"self":[{"href":"https:\/\/fysiolab.dk\/no\/wp-json\/wp\/v2\/product\/80674","targetHints":{"allow":["GET"]}}],"collection":[{"href":"https:\/\/fysiolab.dk\/no\/wp-json\/wp\/v2\/product"}],"about":[{"href":"https:\/\/fysiolab.dk\/no\/wp-json\/wp\/v2\/types\/product"}],"replies":[{"embeddable":true,"href":"https:\/\/fysiolab.dk\/no\/wp-json\/wp\/v2\/comments?post=80674"}],"wp:featuredmedia":[{"embeddable":true,"href":"https:\/\/fysiolab.dk\/no\/wp-json\/wp\/v2\/media\/80680"}],"wp:attachment":[{"href":"https:\/\/fysiolab.dk\/no\/wp-json\/wp\/v2\/media?parent=80674"}],"wp:term":[{"taxonomy":"product_brand","embeddable":true,"href":"https:\/\/fysiolab.dk\/no\/wp-json\/wp\/v2\/product_brand?post=80674"},{"taxonomy":"product_cat","embeddable":true,"href":"https:\/\/fysiolab.dk\/no\/wp-json\/wp\/v2\/product_cat?post=80674"},{"taxonomy":"product_tag","embeddable":true,"href":"https:\/\/fysiolab.dk\/no\/wp-json\/wp\/v2\/product_tag?post=80674"}],"curies":[{"name":"wp","href":"https:\/\/api.w.org\/{rel}","templated":true}]}}