{"id":80676,"date":"2023-07-16T13:14:35","date_gmt":"2023-07-16T11:14:35","guid":{"rendered":"https:\/\/fysiolab.dk\/product\/carbo-race-elektrolytt-sitrussmak-1-kg\/"},"modified":"2025-12-18T09:22:12","modified_gmt":"2025-12-18T08:22:12","slug":"carbo-race-elektrolytt-sitrussmak-1-kg","status":"publish","type":"product","link":"https:\/\/fysiolab.dk\/no\/product\/carbo-race-elektrolytt-sitrussmak-1-kg\/","title":{"rendered":"Carbo Race Elektrolytt - sitrussmak - 1 kg"},"content":{"rendered":"<p>Carbo Race Citrus Electrolyte er det velkjente Carbo Race energipulveret med sitrussmak og tilsatt elektrolytter.<\/p>\n<p>Dette gir deg den velkjente, gode smaken og reduserer risikoen for v\u00e6sketap eller dehydrering n\u00e5r du trener hardt.<\/p>\n<p>Bestill det smakfulle energipulveret med rask levering, ha det i vannflasken og f\u00e5 kraft til \u00e5 g\u00e5 hele veien til m\u00e5lstreken.<\/p>\n<p>Carbo Race Electrolyte med sitrussmak er spesielt utviklet for seri\u00f8se utholdenhetsut\u00f8vere.<\/p>\n<p>Energipulveret med frisk smak gir deg en effektiv og hurtigvirkende energiboost som du kan ta f\u00f8r og under treningen. Eller bruk det n\u00e5r du forbereder deg til en viktig konkurranse. <\/p>\n<h2>Hold farten oppe hele veien<\/h2>\n<p>Hvis du vil f\u00e5 mest mulig ut av trenings\u00f8kten eller s\u00f8rge for at du ikke d\u00f8r rett f\u00f8r m\u00e5lstreken, er det viktig at du hele tiden kan tilf\u00f8re ny energi som raskt transporteres til kroppens muskler.<\/p>\n<p>Dette gjelder spesielt hvis du driver med utholdenhetsdisipliner som triatlon, sykling, sv\u00f8mming eller langdistansel\u00f8p. Dette er aktiviteter som tar s\u00e5 lang tid at du umulig kan innta nok mat f\u00f8r l\u00f8pet til \u00e5 holde deg full av energi hele veien til m\u00e5l. <\/p>\n<p>Med Carbo Race Electrolyte f\u00e5r du rask energi fra karbohydratet maltodextrin, som har en av de h\u00f8yeste glykemiske indeksene (GI) for karbohydrater. I tillegg inneholder energipulveret ogs\u00e5 fruktose, som bearbeides ekstra raskt av kroppen. <\/p>\n<p>Begge s\u00f8rger for at du f\u00e5r energi til musklene raskt hver gang du tar en slurk av drikkevannet ditt med Carbo Race Electrolyte.<\/p>\n<h2>Unng\u00e5 un\u00f8dvendig v\u00e6sketap og dehydrering<\/h2>\n<p>Elektrolytter er en blanding av viktige n\u00e6ringsstoffer og mineraler. De reduserer effektivt risikoen for at du svetter for mye salt ut av kroppen - selv om du svetter ekstra mye ved anstrengelse. <\/p>\n<p>For selv et lite v\u00e6sketap kan ha stor innvirkning p\u00e5 prestasjonsevnen din. Hvis du mister bare 2 % v\u00e6ske, reduseres kroppens ytelse med opptil 20 %. Og hvis du svetter alt - eller nesten alt - saltet ut av kroppen, mister den evnen til \u00e5 absorbere v\u00e6ske. Dette \u00f8ker risikoen for dehydrering.   <\/p>\n<p>Derfor er Carbo Race Electrolyte ogs\u00e5 det riktige valget hvis du trener p\u00e5 steder med h\u00f8y eller ekstrem varme. For eksempel i et veldig varmt treningsrom eller i betydelig varmere klima enn i Danmark. <\/p>\n<h2>Lagring<\/h2>\n<p>Carbo Race Electrolyte leveres i en pose som er produsert og lett kan kastes uten \u00e5 belaste milj\u00f8et un\u00f8dig. Posen og innholdet oppbevares best t\u00f8rt og ikke for varmt. Husk ogs\u00e5 \u00e5 oppbevare posen p\u00e5 et sted der den er utilgjengelig for sm\u00e5 barn.  <\/p>\n<h2>Dosering<\/h2>\n<p>For optimal effekt b\u00f8r du dosere 60 gram energipulver for hver 750 ml drikkevann du fyller i vannflasken din.<\/p>\n<h2>Kj\u00f8p Carbo Race Elektrolytt med sitrussmak hos PurePower<\/h2>\n<p>Carbo Race Electrolyte med sitrussmak er et danskprodusert energipulver som oppfyller alle danske lovkrav og forskrifter for kosttilskudd. Energipulveret er produsert under kontrollerte forhold av de beste r\u00e5varene p\u00e5 markedet. <\/p>\n<p>Hvis du bestiller Carbo Race Citrus-flavoured Electrolyte i dag, kan du se frem til \u00e5 helle dette smakfulle energitilskuddet i vannflasken din i l\u00f8pet av f\u00e5 dager.<\/p>\n<p>&nbsp;<\/p>\n<p>&nbsp;<\/p>\n<p>&nbsp;<\/p>\n<p>F\u00f8lgende informasjon gjelder for alle kosttilskuddsprodukter:<\/p>\n<ul type=\"disc\">\n<li><span lang=\"DA\">Produktet m\u00e5 ikke brukes av eller selges til personer under 18 \u00e5r.<u><\/u><u><\/u><\/span><\/li>\n<li><span lang=\"DA\">Hvis du har en alvorlig sykdom eller bruker reseptbelagte medisiner, b\u00f8r du r\u00e5df\u00f8re deg med lege f\u00f8r bruk.<u><\/u><u><\/u><\/span><\/li>\n<li><span lang=\"DA\">Uttalelsene p\u00e5 nettstedet er ikke gjennomg\u00e5tt av den danske L\u00e6gemiddel- og F\u00f8devarestyrelsen.<u><\/u><u><\/u><\/span><\/li>\n<li><span lang=\"DA\">Produktet er ikke ment \u00e5 diagnostisere, behandle, kurere eller forebygge noen sykdom.<u><\/u><u><\/u><\/span><\/li>\n<li><span lang=\"DA\">Resultatene kan variere og vil ikke v\u00e6re de samme for alle<\/span><\/li>\n<\/ul>\n","protected":false},"excerpt":{"rendered":"<p>Carbo Race gir en effektiv og hurtigvirkende energiboost. De tilsatte elektrolyttene, en blanding av viktige n\u00e6ringsstoffer og mineraler, reduserer effektivt risikoen for at du svetter for mye salt ut av kroppen. <\/p>\n","protected":false},"featured_media":80685,"comment_status":"closed","ping_status":"closed","template":"","meta":{"_acf_changed":false},"product_brand":[],"product_cat":[2495,2496,2232,1937,2471],"product_tag":[2469],"class_list":{"0":"post-80676","1":"product","2":"type-product","3":"status-publish","4":"has-post-thumbnail","6":"product_cat-energipulver-no","7":"product_cat-energipulver-no-2","8":"product_cat-kosttilskudd","9":"product_cat-merkevarer","10":"product_cat-ren-kraft","11":"product_tag-ren-kraft","13":"first","14":"instock","15":"taxable","16":"shipping-taxable","17":"purchasable","18":"product-type-simple"},"acf":[],"_links":{"self":[{"href":"https:\/\/fysiolab.dk\/no\/wp-json\/wp\/v2\/product\/80676","targetHints":{"allow":["GET"]}}],"collection":[{"href":"https:\/\/fysiolab.dk\/no\/wp-json\/wp\/v2\/product"}],"about":[{"href":"https:\/\/fysiolab.dk\/no\/wp-json\/wp\/v2\/types\/product"}],"replies":[{"embeddable":true,"href":"https:\/\/fysiolab.dk\/no\/wp-json\/wp\/v2\/comments?post=80676"}],"wp:featuredmedia":[{"embeddable":true,"href":"https:\/\/fysiolab.dk\/no\/wp-json\/wp\/v2\/media\/80685"}],"wp:attachment":[{"href":"https:\/\/fysiolab.dk\/no\/wp-json\/wp\/v2\/media?parent=80676"}],"wp:term":[{"taxonomy":"product_brand","embeddable":true,"href":"https:\/\/fysiolab.dk\/no\/wp-json\/wp\/v2\/product_brand?post=80676"},{"taxonomy":"product_cat","embeddable":true,"href":"https:\/\/fysiolab.dk\/no\/wp-json\/wp\/v2\/product_cat?post=80676"},{"taxonomy":"product_tag","embeddable":true,"href":"https:\/\/fysiolab.dk\/no\/wp-json\/wp\/v2\/product_tag?post=80676"}],"curies":[{"name":"wp","href":"https:\/\/api.w.org\/{rel}","templated":true}]}}