{"id":80684,"date":"2023-07-16T13:16:59","date_gmt":"2023-07-16T11:16:59","guid":{"rendered":"https:\/\/fysiolab.dk\/product\/donjoy-trom-advance-kneskinne\/"},"modified":"2025-12-18T09:22:11","modified_gmt":"2025-12-18T08:22:11","slug":"donjoy-trom-advance-kneskinne","status":"publish","type":"product","link":"https:\/\/fysiolab.dk\/no\/product\/donjoy-trom-advance-kneskinne\/","title":{"rendered":"DonJoy TROM Advance kneskinne"},"content":{"rendered":"<p><strong>Optimal anvendelse<\/strong><\/p>\n<p>Ny generasjon TROM-skinne for postoperativ bruk etter kirurgi p\u00e5 fremre og bakre korsb\u00e5nd, indre og ytre leddb\u00e5nd, meniskkirurgi, patellarjustering, stabile leddfrakturer og etter total kneprotese.<\/p>\n<p><strong>Universell st\u00f8rrelse som tilpasser seg den enkelte<\/strong><\/p>\n<p><strong>Fordeler og funksjoner:<\/strong><\/p>\n<ul>\n<li>Str\u00f8mlinjeformet hengselleddet med ROM-kontroll og Quick-lock-l\u00e5sing fra -10 grader til 90 grader for \u00e5 oppfylle alle postoperative forskrifter<\/li>\n<li>Teleskopisk skyvesystem som gj\u00f8r det mulig \u00e5 justere stroppenes plassering over og under kneet i henhold til brukerens h\u00f8yde og benlengde<\/li>\n<li>Justerbar lengde fra 45,5 til 58,5 cm for \u00e5 tilpasse h\u00f8yden<\/li>\n<li>Quick-clips-spenne for enkel festing<\/li>\n<li>Brede overtrekk til stroppene for ekstra st\u00f8tte og komfort<\/li>\n<\/ul>\n<p>&nbsp;<\/p>\n","protected":false},"excerpt":{"rendered":"<p><strong>Ny generasjon TROM-skinne for postoperativ bruk etter kirurgi p\u00e5 fremre og bakre korsb\u00e5nd, indre og ytre leddb\u00e5nd, meniskkirurgi, patellarjustering, stabile leddfrakturer og etter total kneprotese. <a href=\"https:\/\/fysiolab.dk\/no\/vare-kategori\/skinner-og-stoetteskinner\/knestoetter-no\/\">Knest\u00f8tten<\/a> tilpasses ved hjelp av det unike teleskopsystemet<\/strong><\/p>\n<p>&nbsp;<\/p>\n","protected":false},"featured_media":80687,"comment_status":"closed","ping_status":"closed","template":"","meta":{"_acf_changed":false},"product_brand":[3091],"product_cat":[1938,2145,2150,2159,2151,2148,1937,2160,2158,1933],"product_tag":[2173],"class_list":{"0":"post-80684","1":"product","2":"type-product","3":"status-publish","4":"has-post-thumbnail","6":"product_brand-donjoy","7":"product_cat-donjoy-no","8":"product_cat-donjoy-kneskinne","9":"product_cat-fraktur-og-etter-kneoperasjon-postoperativ-no","10":"product_cat-fremre-korsbaandskade-acl","11":"product_cat-immobiliserende-kneskinner","12":"product_cat-knestoetter-no","13":"product_cat-merkevarer","14":"product_cat-skade-paa-bakre-korsbaand-pcl","15":"product_cat-skade-paa-det-laterale-kollaterale-ligamentet-lcl","16":"product_cat-skinner-og-stoetteskinner","17":"product_tag-donjoy-no","19":"first","20":"instock","21":"taxable","22":"shipping-taxable","23":"purchasable","24":"product-type-simple"},"acf":[],"_links":{"self":[{"href":"https:\/\/fysiolab.dk\/no\/wp-json\/wp\/v2\/product\/80684","targetHints":{"allow":["GET"]}}],"collection":[{"href":"https:\/\/fysiolab.dk\/no\/wp-json\/wp\/v2\/product"}],"about":[{"href":"https:\/\/fysiolab.dk\/no\/wp-json\/wp\/v2\/types\/product"}],"replies":[{"embeddable":true,"href":"https:\/\/fysiolab.dk\/no\/wp-json\/wp\/v2\/comments?post=80684"}],"wp:featuredmedia":[{"embeddable":true,"href":"https:\/\/fysiolab.dk\/no\/wp-json\/wp\/v2\/media\/80687"}],"wp:attachment":[{"href":"https:\/\/fysiolab.dk\/no\/wp-json\/wp\/v2\/media?parent=80684"}],"wp:term":[{"taxonomy":"product_brand","embeddable":true,"href":"https:\/\/fysiolab.dk\/no\/wp-json\/wp\/v2\/product_brand?post=80684"},{"taxonomy":"product_cat","embeddable":true,"href":"https:\/\/fysiolab.dk\/no\/wp-json\/wp\/v2\/product_cat?post=80684"},{"taxonomy":"product_tag","embeddable":true,"href":"https:\/\/fysiolab.dk\/no\/wp-json\/wp\/v2\/product_tag?post=80684"}],"curies":[{"name":"wp","href":"https:\/\/api.w.org\/{rel}","templated":true}]}}