{"id":80686,"date":"2023-07-16T13:14:12","date_gmt":"2023-07-16T11:14:12","guid":{"rendered":"https:\/\/fysiolab.dk\/product\/donjoy-ankelbrace-velocity-ekstra-stoette\/"},"modified":"2025-12-18T09:22:13","modified_gmt":"2025-12-18T08:22:13","slug":"donjoy-ankelbrace-velocity-ekstra-stoette","status":"publish","type":"product","link":"https:\/\/fysiolab.dk\/no\/product\/donjoy-ankelbrace-velocity-ekstra-stoette\/","title":{"rendered":"DonJoy ankelbrace Velocity ekstra st\u00f8tte"},"content":{"rendered":"<h4><strong>Optimal anvendelse<\/strong><\/h4>\n<p>DonJoy Velocity-serien er utviklet for \u00e5 gi best mulig st\u00f8tte og forebygge og behandle ankelskader. Skinnen er laget av et lettvektsmateriale som gir deg \u00f8kt komfort og bevegelsesfrihet uten at du trenger \u00e5 bekymre deg for \u00e5 vri ankelen. Denne versjonen har ekstra st\u00f8tte og en sokk rundt foten for ekstra komfort. Ekstra st\u00f8tte har ogs\u00e5 sn\u00f8reb\u00e5nd for \u00e5 gi best mulig kontakt og stabilitet til ankelleddet.     <strong>Finnes i en h\u00f8yre- og en venstremodell.<\/strong><\/p>\n<p><strong>St\u00f8rrelsesguide<\/strong><\/p>\n<p><strong>Sortert etter skost\u00f8rrelse<\/strong><\/p>\n<p><a href=\"https:\/\/dev.fysiolab.dk\/wp-content\/uploads\/2025\/05\/F1-3.png\"><img fetchpriority=\"high\" decoding=\"async\" class=\"alignnone size-medium wp-image-202393324\" src=\"https:\/\/dev.fysiolab.dk\/wp-content\/uploads\/2025\/05\/F1-3-300x169.png\" alt=\"\" width=\"300\" height=\"169\" title=\"\"><\/a><\/p>\n<p><strong>Skost\u00f8rrelse. St\u00f8rrelse. <\/strong><\/p>\n<p><strong>&lt;39 S<\/strong><\/p>\n<p><strong>39-42 M<\/strong><\/p>\n<p><strong>+42 L<\/strong><\/p>\n<p><iframe title=\"Skost\u00f8rrelsesvejledning sko FysioLab\" width=\"800\" height=\"450\" src=\"https:\/\/www.youtube.com\/embed\/uG9ZtXDPSMM?feature=oembed\" frameborder=\"0\" allow=\"accelerometer; autoplay; clipboard-write; encrypted-media; gyroscope; picture-in-picture; web-share\" referrerpolicy=\"strict-origin-when-cross-origin\" allowfullscreen><\/iframe><\/p>\n<p>&nbsp;<\/p>\n<p>&nbsp;<\/p>\n","protected":false},"excerpt":{"rendered":"<p><strong>DonJoy Velocity-serien er utviklet for \u00e5 gi best mulig st\u00f8tte og forebygge og behandle ankelskader. Skinnen er av sterk kvalitet med st\u00f8tte h\u00f8yt oppe p\u00e5 ankelen. <\/strong><\/p>\n<p>&nbsp;<\/p>\n<p>https:\/\/www.youtube.com\/watch?v=wYkdkmM8H4g<\/p>\n","protected":false},"featured_media":80699,"comment_status":"closed","ping_status":"closed","template":"","meta":{"_acf_changed":false},"product_brand":[],"product_cat":[2074,1992,2182,2076,2181,1938,2266,2203,1937,1933,2077],"product_tag":[2173],"class_list":{"0":"post-80686","1":"product","2":"type-product","3":"status-publish","4":"has-post-thumbnail","6":"product_cat-ankelforstuing","7":"product_cat-ankelskinne","8":"product_cat-ankelskinner-for-haandball","9":"product_cat-ankelvridning","10":"product_cat-artrose-i-ankelleddet","11":"product_cat-donjoy-no","12":"product_cat-donjoy-ankelskinne-no","13":"product_cat-donjoy-ankelstoette","14":"product_cat-merkevarer","15":"product_cat-skinner-og-stoetteskinner","16":"product_cat-ustabil-ankel-no","17":"product_tag-donjoy-no","19":"first","20":"instock","21":"taxable","22":"shipping-taxable","23":"purchasable","24":"product-type-variable"},"acf":[],"_links":{"self":[{"href":"https:\/\/fysiolab.dk\/no\/wp-json\/wp\/v2\/product\/80686","targetHints":{"allow":["GET"]}}],"collection":[{"href":"https:\/\/fysiolab.dk\/no\/wp-json\/wp\/v2\/product"}],"about":[{"href":"https:\/\/fysiolab.dk\/no\/wp-json\/wp\/v2\/types\/product"}],"replies":[{"embeddable":true,"href":"https:\/\/fysiolab.dk\/no\/wp-json\/wp\/v2\/comments?post=80686"}],"wp:featuredmedia":[{"embeddable":true,"href":"https:\/\/fysiolab.dk\/no\/wp-json\/wp\/v2\/media\/80699"}],"wp:attachment":[{"href":"https:\/\/fysiolab.dk\/no\/wp-json\/wp\/v2\/media?parent=80686"}],"wp:term":[{"taxonomy":"product_brand","embeddable":true,"href":"https:\/\/fysiolab.dk\/no\/wp-json\/wp\/v2\/product_brand?post=80686"},{"taxonomy":"product_cat","embeddable":true,"href":"https:\/\/fysiolab.dk\/no\/wp-json\/wp\/v2\/product_cat?post=80686"},{"taxonomy":"product_tag","embeddable":true,"href":"https:\/\/fysiolab.dk\/no\/wp-json\/wp\/v2\/product_tag?post=80686"}],"curies":[{"name":"wp","href":"https:\/\/api.w.org\/{rel}","templated":true}]}}