{"id":80692,"date":"2023-07-16T13:15:05","date_gmt":"2023-07-16T11:15:05","guid":{"rendered":"https:\/\/fysiolab.dk\/product\/donjoy-se-4-punkts-kneskinne\/"},"modified":"2025-12-18T09:22:12","modified_gmt":"2025-12-18T08:22:12","slug":"donjoy-se-4-punkts-kneskinne","status":"publish","type":"product","link":"https:\/\/fysiolab.dk\/no\/product\/donjoy-se-4-punkts-kneskinne\/","title":{"rendered":"DONJOY SE 4-punkts kneskinne"},"content":{"rendered":"<p><strong>Optimal anvendelse<\/strong><\/p>\n<p>DonJoy SE 4 Point Knee Brace har det patenterte DonJoy \"Four Points Of Leverage\"-systemet for \u00e5 gi st\u00f8tte ved mild til alvorlig ACL (fremre korsb\u00e5nd) og\/eller PCL (bakre korsb\u00e5nd), MCL (mediale kollateralligament) og LCL (laterale kollateralligament) ustabilitet hos aktive personer.  Skinnen har et ytre belegg som ikke skj\u00e6rer seg, slik at den ogs\u00e5 kan brukes til aktiviteter i saltvann og ferskvann.<\/p>\n<p><strong>Fordeler og funksjoner:<\/strong><\/p>\n<ul>\n<li>Patentert \"Four Point Of Leverage\"-system som gir en fj\u00e6rende f\u00f8lelse n\u00e5r kneet er i ytterstilling for \u00e5 unng\u00e5 overstrekking<\/li>\n<li>Lett konstruksjon med lav profil<\/li>\n<li>Avtakbart f\u00f4r og puter<\/li>\n<li>Kontrollert fleksjon\/ekstensjon (b\u00f8y\/strekk)<\/li>\n<li>Robust Kraton-belegg<\/li>\n<\/ul>\n<p><strong>Bandasjen er tilgjengelig i st\u00f8rrelsene XS-XXXL<\/strong><\/p>\n<p><a href=\"https:\/\/fysiolab.dk\/no\/\"><strong>Hvis du er usikker p\u00e5 hvordan du skal velge riktig skinne, kan du lese v\u00e5r fysioterapeutveiledning her<\/strong><\/a><\/p>\n<p><strong>St\u00f8rrelsesguide<\/strong><\/p>\n<p><strong>Skinnen bestilles for enten ACL (fremre korsb\u00e5nd), PCL (bakre korsb\u00e5nd) eller CI (kombinert skade = skade p\u00e5 mer enn \u00e9n struktur, f.eks. ACL og kollateralligament). For sp\u00f8rsm\u00e5l og veiledning, ring 92724444.  Fysisk konsultasjon kan kj\u00f8pes for 495,-.<\/strong><\/p>\n<p><strong>M\u00e5l omkretsen av l\u00e5ret 15 cm over knesk\u00e5len og omkretsen der hvor leggen er st\u00f8rst (se videoen nedenfor)<\/strong><\/p>\n<p><strong>Rundt l\u00e5rene Rundt l\u00e5rene  Legg Str<\/strong><\/p>\n<p><strong>33-39 cm &lt;34 cm XS<\/strong><\/p>\n<p><strong>39-47 cm 35-36 cm S<\/strong><\/p>\n<p><strong>47-53 cm 37-38 cm M<\/strong><\/p>\n<p><strong>53-60 cm 39-41 cm L<\/strong><\/p>\n<p><strong>60-67 cm 42-44 cm XL<\/strong><\/p>\n<p><strong>67-75 cm 45-46 cm XXL<\/strong><\/p>\n<p><strong>75-81 cm &gt;46 cm XXXL<\/strong><\/p>\n<p><strong>FysioLabs fysioterapeut Erik viser deg hvordan du m\u00e5ler deg opp til denne gjenstanden p\u00e5 riktig m\u00e5te<\/strong><\/p>\n<p><iframe title=\"Opm\u00e5lingsvejledning DonJoy kn\u00e6skinne\" width=\"800\" height=\"450\" src=\"https:\/\/www.youtube.com\/embed\/xFbVX8Hcvuo?feature=oembed\" frameborder=\"0\" allow=\"accelerometer; autoplay; clipboard-write; encrypted-media; gyroscope; picture-in-picture; web-share\" referrerpolicy=\"strict-origin-when-cross-origin\" allowfullscreen><\/iframe><\/p>\n<p>&nbsp;<\/p>\n<p>&nbsp;<\/p>\n","protected":false},"excerpt":{"rendered":"<p><strong>DonJoy SE 4-punkts <a href=\"https:\/\/fysiolab.dk\/no\/vare-kategori\/skinner-og-stoetteskinner\/knestoetter-no\/\"> kneb\u00f8yle<\/a> har det patenterte DonJoy \"Four Points Of Leverage\"-systemet, og ved \u00e5 bruke DonJoy Dette gir st\u00f8tte ved mild til alvorlig instabilitet i ACL (fremre korsb\u00e5nd) og\/eller PCL (bakre korsb\u00e5nd), MCL (mediale kollateralligament) og LCL (laterale kollateralligament) hos aktive personer. Skinnen har et ytre belegg som ikke skj\u00e6rer seg, slik at den ogs\u00e5 kan brukes til aktiviteter i saltvann og ferskvann. For sp\u00f8rsm\u00e5l og veiledning, ring 92724444<\/strong><\/p>\n","protected":false},"featured_media":80701,"comment_status":"closed","ping_status":"closed","template":"","meta":{"_acf_changed":false},"product_brand":[3091],"product_cat":[1938,2145,2159,2148,1937,2160,2158,1933],"product_tag":[2173],"class_list":{"0":"post-80692","1":"product","2":"type-product","3":"status-publish","4":"has-post-thumbnail","6":"product_brand-donjoy","7":"product_cat-donjoy-no","8":"product_cat-donjoy-kneskinne","9":"product_cat-fremre-korsbaandskade-acl","10":"product_cat-knestoetter-no","11":"product_cat-merkevarer","12":"product_cat-skade-paa-bakre-korsbaand-pcl","13":"product_cat-skade-paa-det-laterale-kollaterale-ligamentet-lcl","14":"product_cat-skinner-og-stoetteskinner","15":"product_tag-donjoy-no","16":"product_shipping_class-dropshipping-no","18":"first","19":"instock","20":"taxable","21":"shipping-taxable","22":"purchasable","23":"product-type-variable"},"acf":[],"_links":{"self":[{"href":"https:\/\/fysiolab.dk\/no\/wp-json\/wp\/v2\/product\/80692","targetHints":{"allow":["GET"]}}],"collection":[{"href":"https:\/\/fysiolab.dk\/no\/wp-json\/wp\/v2\/product"}],"about":[{"href":"https:\/\/fysiolab.dk\/no\/wp-json\/wp\/v2\/types\/product"}],"replies":[{"embeddable":true,"href":"https:\/\/fysiolab.dk\/no\/wp-json\/wp\/v2\/comments?post=80692"}],"wp:featuredmedia":[{"embeddable":true,"href":"https:\/\/fysiolab.dk\/no\/wp-json\/wp\/v2\/media\/80701"}],"wp:attachment":[{"href":"https:\/\/fysiolab.dk\/no\/wp-json\/wp\/v2\/media?parent=80692"}],"wp:term":[{"taxonomy":"product_brand","embeddable":true,"href":"https:\/\/fysiolab.dk\/no\/wp-json\/wp\/v2\/product_brand?post=80692"},{"taxonomy":"product_cat","embeddable":true,"href":"https:\/\/fysiolab.dk\/no\/wp-json\/wp\/v2\/product_cat?post=80692"},{"taxonomy":"product_tag","embeddable":true,"href":"https:\/\/fysiolab.dk\/no\/wp-json\/wp\/v2\/product_tag?post=80692"}],"curies":[{"name":"wp","href":"https:\/\/api.w.org\/{rel}","templated":true}]}}