{"id":80760,"date":"2023-07-16T13:13:48","date_gmt":"2023-07-16T11:13:48","guid":{"rendered":"https:\/\/fysiolab.dk\/product\/energy-snack-cocoa-12-stk\/"},"modified":"2025-12-18T09:22:14","modified_gmt":"2025-12-18T08:22:14","slug":"energy-snack-cocoa-12-stk","status":"publish","type":"product","link":"https:\/\/fysiolab.dk\/no\/product\/energy-snack-cocoa-12-stk\/","title":{"rendered":"Energy Snack Cocoa - 12 stk."},"content":{"rendered":"<h4><em>Det er derfor Energy Snack Cocoa er unik!  <\/em><\/h4>\n<div>Energy Snack Cocoa er v\u00e5r bestselgende energibar, med en smak som minner om havregrynkuler.<\/div>\n<div><\/div>\n<div>Pure Powers Energy Snack Cocoa er en innovativ energibar som fyller energidepotet ditt med b\u00e5de komplekse og enkle karbohydrater som kan brukes f\u00f8r, under eller etter trening.<\/div>\n<div><\/div>\n<div>Pure Powers Energy Snack har et relativt h\u00f8yt innhold av vegetabilsk fett, ettersom ekstreme langdistanseut\u00f8vere ofte forbrenner fett i kombinasjon med karbohydrater og fett.<\/div>\n<div><\/div>\n<div>Designet er ikke tradisjonelt, da denne baren ikke er overtrukket med sjokolade, s\u00e5 konsistensen er alltid god og ikke smeltet. Det betyr at du kan ha den med deg i baklommen uansett hvor du g\u00e5r. <\/div>\n<div>Hovedingrediensen er 39 % havre, som gir en god karbohydratbase med b\u00e5de fiber og fullkorn. Gyllen sirup som best\u00e5r av enkle karbohydrater, avslutter den. <\/div>\n<div>En energibar b\u00f8r ikke bare best\u00e5 av enkle karbohydrater (sukker\/sukrose), men heller ikke bare komplekse karbohydrater (fiber\/fullkorn), da energitilf\u00f8rselen b\u00f8r fordeles jevnt over tid for \u00e5 utnyttes optimalt.<\/div>\n<div><\/div>\n<div class=\"row\">\n<div class=\"col-s-4 col-m-6 col-l-6 col-xl-12\" data-mh=\"text-item\">\n<table border=\"1\" cellspacing=\"1\" cellpadding=\"1\">\n<tbody>\n<tr>\n<td>N\u00e6ringsinnhold:<\/td>\n<td>per 100 g<\/td>\n<td>per 60 g<\/td>\n<\/tr>\n<tr>\n<td>Energi:<\/td>\n<td>1947 kJ\/466 Kcal<\/td>\n<td>1168 kJ\/280 kcal<\/td>\n<\/tr>\n<tr>\n<td>Fett<\/td>\n<td>22 g<\/td>\n<td>13,2 g<\/td>\n<\/tr>\n<tr>\n<td>- Herav mettede fettsyrer<\/td>\n<td>10,3 g<\/td>\n<td>6,2 g<\/td>\n<\/tr>\n<tr>\n<td>Karbohydrater:<\/td>\n<td>55,5 g<\/td>\n<td>33,3 g<\/td>\n<\/tr>\n<tr>\n<td>- Herav sukkerarter<\/td>\n<td>32,3 g<\/td>\n<td>19,4 g<\/td>\n<\/tr>\n<tr>\n<td>Kostfiber<\/td>\n<td>5,7 g<\/td>\n<td>3,4 g<\/td>\n<\/tr>\n<tr>\n<td>Protein:<\/td>\n<td>6 g<\/td>\n<td>3,6 g<\/td>\n<\/tr>\n<tr>\n<td>Salt<\/td>\n<td>0,26 g<\/td>\n<td>0,16<\/td>\n<\/tr>\n<\/tbody>\n<\/table>\n<div><\/div>\n<\/div>\n<div class=\"col-s-4 col-m-6 col-l-6 col-xl-12\" data-mh=\"text-item\">\n<div><strong>Ingredienser: <\/strong><br \/>\nHavre (39 %), gyllen sirup (24 %), m\u00f8rk sjokolade (12 %) (sukker, kakaomasse, kakaosm\u00f8r, veg. fett (palmeolje), emulgator<strong>(sojalecitin<\/strong> ), vegetabilsk olje (palme- og rapsolje), sukker, sm\u00f8r (melk), salt. Kan inneholde spor av n\u00f8tter, sesamfr\u00f8, hvetegluten, <strong>egg<\/strong> og <strong>soya<\/strong><strong>.bruksomr\u00e5der:<\/strong><br \/>\nEn time f\u00f8r trening eller under lengre trenings\u00f8kter\/konkurranser.  <\/div>\n<div><strong>Generell info:<\/strong><br \/>\nMild smak med en myk konsistens.<\/div>\n<\/div>\n<\/div>\n<div><\/div>\n<div><\/div>\n<div><\/div>\n<div><\/div>\n<div>\n<p>F\u00f8lgende informasjon gjelder for alle kosttilskuddsprodukter:<\/p>\n<ul type=\"disc\">\n<li><span lang=\"DA\">Produktet m\u00e5 ikke brukes av eller selges til personer under 18 \u00e5r.<u><\/u><u><\/u><\/span><\/li>\n<li><span lang=\"DA\">Hvis du har en alvorlig sykdom eller bruker reseptbelagte medisiner, b\u00f8r du r\u00e5df\u00f8re deg med lege f\u00f8r bruk.<u><\/u><u><\/u><\/span><\/li>\n<li><span lang=\"DA\">Uttalelsene p\u00e5 nettstedet er ikke gjennomg\u00e5tt av den danske L\u00e6gemiddel- og F\u00f8devarestyrelsen.<u><\/u><u><\/u><\/span><\/li>\n<li><span lang=\"DA\">Produktet er ikke ment \u00e5 diagnostisere, behandle, kurere eller forebygge noen sykdom.<u><\/u><u><\/u><\/span><\/li>\n<li><span lang=\"DA\">Resultatene kan variere og vil ikke v\u00e6re de samme for alle<\/span><\/li>\n<\/ul>\n<\/div>\n","protected":false},"excerpt":{"rendered":"<p><em>Hvorfor Energy Snack Cocoa?<\/em><\/p>\n<ul>\n<li>Smelter ikke i h\u00e5nden eller lommen<\/li>\n<li>Smaker som havregrynkuler<\/li>\n<li>Perfekt for triatleter, syklister, sv\u00f8mmere eller andre idretter som krever ekstra energi<\/li>\n<\/ul>\n<p>&nbsp;<\/p>\n<p>Best f\u00f8r 20-08-2022<\/p>\n","protected":false},"featured_media":80762,"comment_status":"closed","ping_status":"closed","template":"","meta":{"_acf_changed":false},"product_brand":[],"product_cat":[2473,2474,2232,1937,2471],"product_tag":[2469],"class_list":{"0":"post-80760","1":"product","2":"type-product","3":"status-publish","4":"has-post-thumbnail","6":"product_cat-energibar-no","7":"product_cat-energibar-no-2","8":"product_cat-kosttilskudd","9":"product_cat-merkevarer","10":"product_cat-ren-kraft","11":"product_tag-ren-kraft","13":"first","14":"instock","15":"sale","16":"taxable","17":"shipping-taxable","18":"purchasable","19":"product-type-simple"},"acf":[],"_links":{"self":[{"href":"https:\/\/fysiolab.dk\/no\/wp-json\/wp\/v2\/product\/80760","targetHints":{"allow":["GET"]}}],"collection":[{"href":"https:\/\/fysiolab.dk\/no\/wp-json\/wp\/v2\/product"}],"about":[{"href":"https:\/\/fysiolab.dk\/no\/wp-json\/wp\/v2\/types\/product"}],"replies":[{"embeddable":true,"href":"https:\/\/fysiolab.dk\/no\/wp-json\/wp\/v2\/comments?post=80760"}],"wp:featuredmedia":[{"embeddable":true,"href":"https:\/\/fysiolab.dk\/no\/wp-json\/wp\/v2\/media\/80762"}],"wp:attachment":[{"href":"https:\/\/fysiolab.dk\/no\/wp-json\/wp\/v2\/media?parent=80760"}],"wp:term":[{"taxonomy":"product_brand","embeddable":true,"href":"https:\/\/fysiolab.dk\/no\/wp-json\/wp\/v2\/product_brand?post=80760"},{"taxonomy":"product_cat","embeddable":true,"href":"https:\/\/fysiolab.dk\/no\/wp-json\/wp\/v2\/product_cat?post=80760"},{"taxonomy":"product_tag","embeddable":true,"href":"https:\/\/fysiolab.dk\/no\/wp-json\/wp\/v2\/product_tag?post=80760"}],"curies":[{"name":"wp","href":"https:\/\/api.w.org\/{rel}","templated":true}]}}