{"id":80761,"date":"2023-07-16T13:14:12","date_gmt":"2023-07-16T11:14:12","guid":{"rendered":"https:\/\/fysiolab.dk\/product\/purepower-cola-chews-12-x-40-g\/"},"modified":"2025-12-18T09:22:13","modified_gmt":"2025-12-18T08:22:13","slug":"purepower-cola-chews-12-x-40-g","status":"publish","type":"product","link":"https:\/\/fysiolab.dk\/no\/product\/purepower-cola-chews-12-x-40-g\/","title":{"rendered":"PurePower Cola Chews - 12 x 40 g"},"content":{"rendered":"<p>Energy Wine Gum er perfekt til l\u00f8ping, sykling og andre fysiske aktiviteter der du trenger ekstra energi mens du er p\u00e5 farten. De er en erstatning for energigel\u00e9 - bare formet som vingummi. Dette gj\u00f8r det enklere og mer smakfullt \u00e5 f\u00e5 en rask energiboost p\u00e5 farten. <\/p>\n<p><strong>Bestill dem i dag med rask levering.<\/strong><\/p>\n<p>PurePower Chews med Cola er den perfekte l\u00f8sningen hvis du trenger ekstra energi til l\u00f8ping, sykling eller andre t\u00f8ffe fysiske aktiviteter. De er formet som tyggegummi som er enkle \u00e5 innta uten \u00e5 m\u00e5tte stoppe opp. Dette gj\u00f8r PurePower Chews med Cola til en flott erstatning for energibarer, energidrikker og geler. Bestill i dag for enkel energi p\u00e5 farten!   <\/p>\n<div>\n<div>\n<p>Hvis du er seri\u00f8s med treningen din, vet du hvor viktig det er \u00e5 ha nok energi til hele trenings\u00f8kten. Men selv om det er relativt enkelt \u00e5 f\u00e5 tak i en energibar, energidrikk eller gel p\u00e5 treningssenteret, er det mye mer utfordrende hvis du sykler, l\u00f8per eller driver med annen utholdenhetsidrett utend\u00f8rs. <\/p>\n<p><strong>Den smarte m\u00e5ten \u00e5 f\u00e5 energi p\u00e5 farten<\/strong><\/p>\n<p>For det kan lett bli n\u00f8dvendig \u00e5 stoppe for \u00e5 innta de raske karbohydratene som skal hjelpe deg gjennom hele trenings\u00f8kten. Enten fordi du m\u00e5 fiske det opp av baklommen, eller fordi det rett og slett er for farlig \u00e5 ta blikket bort fra veien for \u00e5 gj\u00f8re klar energimaten. <\/p>\n<p>Samtidig kan det v\u00e6re vanskelig \u00e5 finne et energitilskudd som smaker godt, har en behagelig konsistens og er tilgjengelig i en porsjonsst\u00f8rrelse som passer deg.<\/p>\n<p>Det er her PurePowers Chews med colasmak kommer deg til unnsetning.<\/p>\n<p><strong>Vingummi fullpakket med energi<\/strong><\/p>\n<p>Det er rett og slett vingummi som er fullpakket med raske karbohydrater. De er perfekte for rask energi n\u00e5r du g\u00e5r tom for energi. De er ogs\u00e5 veldig enkle \u00e5 spise p\u00e5 farten, og du kan enkelt velge en porsjonsst\u00f8rrelse som passer deg - eller situasjonen. Bestem deg bare for om du trenger \u00e9n, to eller kanskje 10 stykker om gangen.   <\/p>\n<p>Samtidig er det litt morsommere og fredagsgodt-aktig \u00e5 f\u00e5 ekstra energi p\u00e5 turen.<\/p>\n<p><strong>Tilgjengelig i praktiske pakninger<\/strong><\/p>\n<p>En enkelt pakke Chews med colasmak inneholder 12 stykker tyggegummi. Spiser du hele pakken, f\u00e5r du i deg like mye raske karbohydrater som en 40 ml energigel\u00e9. <\/p>\n<p>Du kan bestille chews i en hel eske med 12 poser om gangen. Da g\u00e5r du aldri tom for energi p\u00e5 slutten av treningsturen - eller i den store, viktige konkurransen. <\/p>\n<p><strong>Kj\u00f8p Chews med colasmak hos FysioLab<br \/>\n<\/strong><\/p>\n<p>N\u00e5r du bestiller Chews med colasmak, f\u00e5r du et energitilskudd utviklet av idrettsut\u00f8vere for idrettsut\u00f8vere. Produktet er testet blant noen av Danmarks mest seri\u00f8se idrettsut\u00f8vere, s\u00e5 du kan v\u00e6re sikker p\u00e5 at det vil gi deg de beste resultatene. <\/p>\n<p>Bestill i dag, og se frem til \u00e5 ta en energigummi eller fem p\u00e5 farten innen 1-3 virkedager.<\/p>\n<\/div>\n<\/div>\n<div>\n<p>&nbsp;<\/p>\n<div class=\"row\">\n<div class=\"col-s-4 col-m-6 col-l-6 col-xl-12\" data-mh=\"text-item\">\n<p>&nbsp;<\/p>\n<table border=\"1\" cellspacing=\"1\" cellpadding=\"1\">\n<tbody>\n<tr>\n<td><strong>N\u00e6ringsinnhold<\/strong><\/td>\n<td>per 100 g<\/td>\n<td> per pose<\/p>\n<p>40 g<\/td>\n<\/tr>\n<tr>\n<td>Energi<\/td>\n<td>1343 kJ\/316 kcal<\/td>\n<td>537 kJ\/126 kcal<\/td>\n<\/tr>\n<tr>\n<td>Fettinnhold<\/td>\n<td>&lt; 0,5 g<\/td>\n<td>&lt; 0,2 g<\/td>\n<\/tr>\n<tr>\n<td>- hvorav mettede fettsyrer<\/td>\n<td>&lt; 0,1 g<\/td>\n<td>&lt; 0,04 g<\/td>\n<\/tr>\n<tr>\n<td>Karbohydrater<\/td>\n<td>78 g<\/td>\n<td>31 g<\/td>\n<\/tr>\n<tr>\n<td>- hvorav sukkerarter<\/td>\n<td>45 g<\/td>\n<td>18 g<\/td>\n<\/tr>\n<tr>\n<td>Kostfiber<\/td>\n<td>1,4 g<\/td>\n<td>0,56 g<\/td>\n<\/tr>\n<tr>\n<td>Innhold av protein<\/td>\n<td>&lt; 0,5 g<\/td>\n<td>&lt; 0,2 g<\/td>\n<\/tr>\n<tr>\n<td>salt<\/td>\n<td>0,48 g<\/td>\n<td>0,19 g<\/td>\n<\/tr>\n<\/tbody>\n<\/table>\n<p>&nbsp;<\/p>\n<\/div>\n<div class=\"col-s-4 col-m-6 col-l-6 col-xl-12\" data-mh=\"text-item\">\n<div><strong>Ingredienser:<\/strong><\/div>\n<div>\n<p>Glukosesirup, sukker, eplejuice fra konsentrat, geleringsmiddel: pektin,<br \/>\nsyre: sitronsyre, natriumklorid, surhetsregulerende middel: kaliumcitrat,<\/p>\n<p>aroma, karamellisert sukker, glansmiddel: karnaubavoks.<\/p>\n<p><strong>Bruksanvisning<\/strong>:<\/p>\n<\/div>\n<p>Posen \u00e5pnes lett ved avrivnings\u00e5pningen. Deretter spiser du tyggegummien\/tyggisene. <\/p>\n<p><strong>Lagring:<\/strong><\/p>\n<p>Avkj\u00f8l og t\u00f8rk i tett forseglet emballasje og ikke i direkte sollys.<\/p>\n<p><strong>Nettovekt per stykk:<\/strong><\/p>\n<div>\n<p>40 g.<\/p>\n<\/div>\n<\/div>\n<\/div>\n<\/div>\n<p>&nbsp;<\/p>\n<p>&nbsp;<\/p>\n<p>&nbsp;<\/p>\n<p>F\u00f8lgende informasjon gjelder for alle kosttilskuddsprodukter:<\/p>\n<ul type=\"disc\">\n<li><span lang=\"DA\">Produktet m\u00e5 ikke brukes av eller selges til personer under 18 \u00e5r.<u><\/u><u><\/u><\/span><\/li>\n<li><span lang=\"DA\">Hvis du har en alvorlig sykdom eller bruker reseptbelagte medisiner, b\u00f8r du r\u00e5df\u00f8re deg med lege f\u00f8r bruk.<u><\/u><u><\/u><\/span><\/li>\n<li><span lang=\"DA\">Uttalelsene p\u00e5 nettstedet er ikke gjennomg\u00e5tt av den danske L\u00e6gemiddel- og F\u00f8devarestyrelsen.<u><\/u><u><\/u><\/span><\/li>\n<li><span lang=\"DA\">Produktet er ikke ment \u00e5 diagnostisere, behandle, kurere eller forebygge noen sykdom.<u><\/u><u><\/u><\/span><\/li>\n<li><span lang=\"DA\">Resultatene kan variere og vil ikke v\u00e6re de samme for alle<\/span><\/li>\n<\/ul>\n","protected":false},"excerpt":{"rendered":"<p>Oppn\u00e5 dine \u00f8nskede m\u00e5l n\u00e5r du trener og konkurrerer med raske og enkle energitilskudd i form av Chews med colasmak.<\/p>\n<p>\u2705 Gelatinfrie<\/p>\n<p>\u2705  100 % veganske tyggegummier<\/p>\n<p>\u2705 Smaker faktisk som cola<\/p>\n","protected":false},"featured_media":80765,"comment_status":"closed","ping_status":"closed","template":"","meta":{"_acf_changed":false},"product_brand":[],"product_cat":[2497,2468,2232,1937,2471],"product_tag":[2469],"class_list":{"0":"post-80761","1":"product","2":"type-product","3":"status-publish","4":"has-post-thumbnail","6":"product_cat-energigummi","7":"product_cat-gel-og-tyggegummi","8":"product_cat-kosttilskudd","9":"product_cat-merkevarer","10":"product_cat-ren-kraft","11":"product_tag-ren-kraft","13":"first","14":"instock","15":"sale","16":"taxable","17":"shipping-taxable","18":"purchasable","19":"product-type-simple"},"acf":[],"_links":{"self":[{"href":"https:\/\/fysiolab.dk\/no\/wp-json\/wp\/v2\/product\/80761","targetHints":{"allow":["GET"]}}],"collection":[{"href":"https:\/\/fysiolab.dk\/no\/wp-json\/wp\/v2\/product"}],"about":[{"href":"https:\/\/fysiolab.dk\/no\/wp-json\/wp\/v2\/types\/product"}],"replies":[{"embeddable":true,"href":"https:\/\/fysiolab.dk\/no\/wp-json\/wp\/v2\/comments?post=80761"}],"wp:featuredmedia":[{"embeddable":true,"href":"https:\/\/fysiolab.dk\/no\/wp-json\/wp\/v2\/media\/80765"}],"wp:attachment":[{"href":"https:\/\/fysiolab.dk\/no\/wp-json\/wp\/v2\/media?parent=80761"}],"wp:term":[{"taxonomy":"product_brand","embeddable":true,"href":"https:\/\/fysiolab.dk\/no\/wp-json\/wp\/v2\/product_brand?post=80761"},{"taxonomy":"product_cat","embeddable":true,"href":"https:\/\/fysiolab.dk\/no\/wp-json\/wp\/v2\/product_cat?post=80761"},{"taxonomy":"product_tag","embeddable":true,"href":"https:\/\/fysiolab.dk\/no\/wp-json\/wp\/v2\/product_tag?post=80761"}],"curies":[{"name":"wp","href":"https:\/\/api.w.org\/{rel}","templated":true}]}}