{"id":80764,"date":"2023-07-16T13:13:48","date_gmt":"2023-07-16T11:13:48","guid":{"rendered":"https:\/\/fysiolab.dk\/product\/skyvepose-for-ankelbandasjer\/"},"modified":"2025-12-18T09:22:14","modified_gmt":"2025-12-18T08:22:14","slug":"skyvepose-for-ankelbandasjer","status":"publish","type":"product","link":"https:\/\/fysiolab.dk\/no\/product\/skyvepose-for-ankelbandasjer\/","title":{"rendered":"Skyvepose for ankelbandasjer"},"content":{"rendered":"<p>Med denne skyveposen for ankelbandasjer blir det enklere for deg \u00e5 legge p\u00e5 ankelbandasjen. Posen kan brukes til f\u00f8lgende: <\/p>\n<ul>\n<li>DonJoy Malleoforce<\/li>\n<li>DonJoy Malleoforce+<\/li>\n<li>DonJoy Strapping Elastic<\/li>\n<li>DonJoy Achilloforce Air<\/li>\n<\/ul>\n","protected":false},"excerpt":{"rendered":"<p><strong>Skyvepose som gj\u00f8r det enklere for deg \u00e5 p\u00e5f\u00f8re DonJoy ankelbandasjer<\/strong><\/p>\n","protected":false},"featured_media":80768,"comment_status":"closed","ping_status":"closed","template":"","meta":{"_acf_changed":false},"product_brand":[],"product_cat":[1992,1938,2266,2203,1937,1933],"product_tag":[1940],"class_list":{"0":"post-80764","1":"product","2":"type-product","3":"status-publish","4":"has-post-thumbnail","6":"product_cat-ankelskinne","7":"product_cat-donjoy-no","8":"product_cat-donjoy-ankelskinne-no","9":"product_cat-donjoy-ankelstoette","10":"product_cat-merkevarer","11":"product_cat-skinner-og-stoetteskinner","12":"product_tag-djo-no","14":"first","15":"instock","16":"taxable","17":"shipping-taxable","18":"purchasable","19":"product-type-simple"},"acf":[],"_links":{"self":[{"href":"https:\/\/fysiolab.dk\/no\/wp-json\/wp\/v2\/product\/80764","targetHints":{"allow":["GET"]}}],"collection":[{"href":"https:\/\/fysiolab.dk\/no\/wp-json\/wp\/v2\/product"}],"about":[{"href":"https:\/\/fysiolab.dk\/no\/wp-json\/wp\/v2\/types\/product"}],"replies":[{"embeddable":true,"href":"https:\/\/fysiolab.dk\/no\/wp-json\/wp\/v2\/comments?post=80764"}],"wp:featuredmedia":[{"embeddable":true,"href":"https:\/\/fysiolab.dk\/no\/wp-json\/wp\/v2\/media\/80768"}],"wp:attachment":[{"href":"https:\/\/fysiolab.dk\/no\/wp-json\/wp\/v2\/media?parent=80764"}],"wp:term":[{"taxonomy":"product_brand","embeddable":true,"href":"https:\/\/fysiolab.dk\/no\/wp-json\/wp\/v2\/product_brand?post=80764"},{"taxonomy":"product_cat","embeddable":true,"href":"https:\/\/fysiolab.dk\/no\/wp-json\/wp\/v2\/product_cat?post=80764"},{"taxonomy":"product_tag","embeddable":true,"href":"https:\/\/fysiolab.dk\/no\/wp-json\/wp\/v2\/product_tag?post=80764"}],"curies":[{"name":"wp","href":"https:\/\/api.w.org\/{rel}","templated":true}]}}