{"id":80767,"date":"2023-07-16T13:14:12","date_gmt":"2023-07-16T11:14:12","guid":{"rendered":"https:\/\/fysiolab.dk\/product\/energy-gel-vannmelon-18-stk\/"},"modified":"2025-12-18T09:22:13","modified_gmt":"2025-12-18T08:22:13","slug":"energy-gel-vannmelon-18-stk","status":"publish","type":"product","link":"https:\/\/fysiolab.dk\/no\/product\/energy-gel-vannmelon-18-stk\/","title":{"rendered":"Energy Gel Vannmelon - 18 stk."},"content":{"rendered":"<div id=\"tabs-pane1\" class=\"pane m-product-additional-info description clearfix\">\n<div class=\"emp_addtocartevent\" data-controller=\"description\">\n<p>ENERGY GEL med vannmelonsmak gir deg en velsmakende energiboost med hele 70 % raske karbohydrater. Det gj\u00f8r den til en effektiv snarvei til \u00e5 f\u00e5 nok energi til \u00e5 ta deg hele veien til m\u00e5lstreken. <\/p>\n<p>ENERGY GEL gir deg rikelig med raske karbohydrater med en deilig og forfriskende smak av vannmelon. Med hele 70 % ford\u00f8yelige karbohydrater fra maltodekstrin og fruktose f\u00e5r du en mye st\u00f8rre energiboost enn energiprodukter som energibarer og energidrikker. <\/p>\n<p>Dette gir deg en effektiv energiboost n\u00e5r energilagrene er tomme under langvarig trening eller utholdenhetskonkurranser. Eller n\u00e5r du trenger ekstra energi for en mer kortvarig kraftprestasjon. <\/p>\n<h4>Ta en ENERGY GEL p\u00e5 farten<\/h4>\n<p>ENERGY GEL med vannmelonsmak er utviklet i tett samarbeid med danske idrettsut\u00f8vere. ENERGY GEL fra PurePower er litt mer flytende i konsistensen enn lignende produkter. Det gj\u00f8r den enklere og raskere \u00e5 innta og reduserer behovet for \u00e5 skylle etter med vann fra vannflasken.  <\/p>\n<p>Dette gj\u00f8r det enklere \u00e5 innta ENERGY GEL p\u00e5 farten uten \u00e5 m\u00e5tte stoppe opp. Bare \u00e5pne posen, t\u00f8m innholdet og nyt smaken av vannmelon. <\/p>\n<p>Samtidig tar det ikke fokuset bort fra veien eller treningsmaskinen - og du kommer mye raskere inn i flyten igjen, slik at du ikke trenger \u00e5 jobbe deg opp i fart igjen.<\/p>\n<h4>B\u00f8r inntas minst 30 minutter f\u00f8r behov<\/h4>\n<p>Kroppens stoffskifte avgj\u00f8r hvor raskt du kjenner effekten av ENERGY GEL. Vanligvis kan du forvente \u00e5 f\u00f8le en effekt i l\u00f8pet av 30-60 minutter. Derfor er det viktig \u00e5 planlegge inntaket av ENERGY GEL slik at du f\u00e5r den st\u00f8rste energiboosten fra gelen n\u00e5r du trenger den.  <\/p>\n<p>Hvis du bruker ENERGY GEL i et kortvarig program, b\u00f8r du derfor innta gelen f\u00f8r trenings\u00f8kten eller konkurransen begynner.<\/p>\n<p>Hvis du skal bruke ENERGY GEL over en lengre periode, b\u00f8r du teste n\u00e5r du skal ta det. Hvis du planlegger \u00e5 bruke ENERGY GEL i forbindelse med en viktig konkurranse, b\u00f8r du teste effekten under trening. Da vet du n\u00f8yaktig n\u00e5r du skal ta den p\u00e5 konkurransedagen.  <\/p>\n<h4>Kj\u00f8p ENERGY GEL med smak av vannmelon hos FysioLab<\/h4>\n<p>I tillegg til \u00e5 v\u00e6re utviklet og testet av danske idrettsut\u00f8vere, f\u00e5r du et 100 % dansk produkt n\u00e5r du kj\u00f8per PurePowers ENERGY GEL med vannmelonsmak<\/p>\n<p>Det betyr at v\u00e5r ENERGY GEL er produsert under kontrollerte forhold i Danmark og oppfyller de danske helsemyndighetenes strenge krav til kosttilskudd og n\u00e6ringsmidler for idrettsut\u00f8vere.<\/p>\n<p>Bestill i dag med 1-3 dagers levering og f\u00e5 kraft til \u00e5 g\u00e5 hele veien!<\/p>\n<\/div>\n<\/div>\n<p>&nbsp;<\/p>\n<p>&nbsp;<\/p>\n<p>&nbsp;<\/p>\n<p>F\u00f8lgende informasjon gjelder for alle kosttilskuddsprodukter:<\/p>\n<ul type=\"disc\">\n<li><span lang=\"DA\">Produktet m\u00e5 ikke brukes av eller selges til personer under 18 \u00e5r.<u><\/u><u><\/u><\/span><\/li>\n<li><span lang=\"DA\">Hvis du har en alvorlig sykdom eller bruker reseptbelagte medisiner, b\u00f8r du r\u00e5df\u00f8re deg med lege f\u00f8r bruk.<u><\/u><u><\/u><\/span><\/li>\n<li><span lang=\"DA\">Uttalelsene p\u00e5 nettstedet er ikke gjennomg\u00e5tt av den danske L\u00e6gemiddel- og F\u00f8devarestyrelsen.<u><\/u><u><\/u><\/span><\/li>\n<li><span lang=\"DA\">Produktet er ikke ment \u00e5 diagnostisere, behandle, kurere eller forebygge noen sykdom.<u><\/u><u><\/u><\/span><\/li>\n<li><span lang=\"DA\">Resultatene kan variere og vil ikke v\u00e6re de samme for alle<\/span><\/li>\n<\/ul>\n<div id=\"tabs-pane1\" class=\"pane m-product-additional-info description clearfix\">\n<div class=\"emp_addtocartevent\" data-controller=\"description\">\n<div class=\"row\">\n<div class=\"col-s-4 col-m-6 col-l-6 col-xl-12\" data-mh=\"text-item\"><\/div>\n<div class=\"col-s-4 col-m-6 col-l-6 col-xl-12\" data-mh=\"text-item\">\n<div>\n<p>&nbsp;<\/p>\n<\/div>\n<\/div>\n<\/div>\n<\/div>\n<\/div>\n","protected":false},"excerpt":{"rendered":"<p><strong>PurePowers Energy Gels inneholder karbohydrater som absorberes raskt og enkelt av kroppen. Under hardt arbeid kan det v\u00e6re n\u00f8dvendig \u00e5 fylle p\u00e5 energilagrene p\u00e5 kort sikt for \u00e5 unng\u00e5 plutselige blodsukkerfall. <\/strong><\/p>\n<p>&nbsp;<\/p>\n<p>Best f\u00f8r-dato: 09\/06\/2023<\/p>\n","protected":false},"featured_media":80770,"comment_status":"closed","ping_status":"closed","template":"","meta":{"_acf_changed":false},"product_brand":[],"product_cat":[2468,2478,2232,1937,2471],"product_tag":[2469],"class_list":{"0":"post-80767","1":"product","2":"type-product","3":"status-publish","4":"has-post-thumbnail","6":"product_cat-gel-og-tyggegummi","7":"product_cat-geler","8":"product_cat-kosttilskudd","9":"product_cat-merkevarer","10":"product_cat-ren-kraft","11":"product_tag-ren-kraft","13":"first","14":"instock","15":"sale","16":"taxable","17":"shipping-taxable","18":"purchasable","19":"product-type-simple"},"acf":[],"_links":{"self":[{"href":"https:\/\/fysiolab.dk\/no\/wp-json\/wp\/v2\/product\/80767","targetHints":{"allow":["GET"]}}],"collection":[{"href":"https:\/\/fysiolab.dk\/no\/wp-json\/wp\/v2\/product"}],"about":[{"href":"https:\/\/fysiolab.dk\/no\/wp-json\/wp\/v2\/types\/product"}],"replies":[{"embeddable":true,"href":"https:\/\/fysiolab.dk\/no\/wp-json\/wp\/v2\/comments?post=80767"}],"wp:featuredmedia":[{"embeddable":true,"href":"https:\/\/fysiolab.dk\/no\/wp-json\/wp\/v2\/media\/80770"}],"wp:attachment":[{"href":"https:\/\/fysiolab.dk\/no\/wp-json\/wp\/v2\/media?parent=80767"}],"wp:term":[{"taxonomy":"product_brand","embeddable":true,"href":"https:\/\/fysiolab.dk\/no\/wp-json\/wp\/v2\/product_brand?post=80767"},{"taxonomy":"product_cat","embeddable":true,"href":"https:\/\/fysiolab.dk\/no\/wp-json\/wp\/v2\/product_cat?post=80767"},{"taxonomy":"product_tag","embeddable":true,"href":"https:\/\/fysiolab.dk\/no\/wp-json\/wp\/v2\/product_tag?post=80767"}],"curies":[{"name":"wp","href":"https:\/\/api.w.org\/{rel}","templated":true}]}}